{"id":10741,"date":"2025-06-17T12:37:59","date_gmt":"2025-06-17T12:37:59","guid":{"rendered":"https:\/\/www.mixikirjastus.ee\/?page_id=10741"},"modified":"2025-06-17T12:42:45","modified_gmt":"2025-06-17T12:42:45","slug":"jarvekula-kooli-paevik","status":"publish","type":"page","link":"https:\/\/www.mixikirjastus.ee\/index.php\/jarvekula-kooli-paevik\/","title":{"rendered":"J\u00e4rvek\u00fcla Kooli p\u00e4evik"},"content":{"rendered":"<div class=\"_df_book df-lite\" id=\"df_10739\"  _slug=\"jarvekula-kooli-paevik\" data-title=\"jarvekula-kooli-paevik\" wpoptions=\"true\" thumbtype=\"\" ><\/div><script class=\"df-shortcode-script\" nowprocket type=\"application\/javascript\">window.option_df_10739 = {\"outline\":[],\"viewerType\":\"reader\",\"autoEnableOutline\":\"false\",\"autoEnableThumbnail\":\"false\",\"overwritePDFOutline\":\"false\",\"enableDownload\":\"false\",\"direction\":\"1\",\"pageSize\":\"0\",\"singlePageMode\":\"2\",\"source\":\"https:\\\/\\\/www.mixikirjastus.ee\\\/wp-content\\\/uploads\\\/2025\\\/06\\\/J\\u00e4rvek\\u00fcla%20Kooli%20p\\u00e4evik%20A5%20vaatamisfail%20veebis.pdf\",\"wpOptions\":\"true\"}; if(window.DFLIP && window.DFLIP.parseBooks){window.DFLIP.parseBooks();}<\/script>","protected":false},"excerpt":{"rendered":"","protected":false},"author":1,"featured_media":0,"parent":0,"menu_order":0,"comment_status":"closed","ping_status":"closed","template":"page-header-on-scroll.php","meta":{"iawp_total_views":19,"footnotes":""},"class_list":["post-10741","page","type-page","status-publish","hentry"],"_links":{"self":[{"href":"https:\/\/www.mixikirjastus.ee\/index.php\/wp-json\/wp\/v2\/pages\/10741","targetHints":{"allow":["GET"]}}],"collection":[{"href":"https:\/\/www.mixikirjastus.ee\/index.php\/wp-json\/wp\/v2\/pages"}],"about":[{"href":"https:\/\/www.mixikirjastus.ee\/index.php\/wp-json\/wp\/v2\/types\/page"}],"author":[{"embeddable":true,"href":"https:\/\/www.mixikirjastus.ee\/index.php\/wp-json\/wp\/v2\/users\/1"}],"replies":[{"embeddable":true,"href":"https:\/\/www.mixikirjastus.ee\/index.php\/wp-json\/wp\/v2\/comments?post=10741"}],"version-history":[{"count":2,"href":"https:\/\/www.mixikirjastus.ee\/index.php\/wp-json\/wp\/v2\/pages\/10741\/revisions"}],"predecessor-version":[{"id":10743,"href":"https:\/\/www.mixikirjastus.ee\/index.php\/wp-json\/wp\/v2\/pages\/10741\/revisions\/10743"}],"wp:attachment":[{"href":"https:\/\/www.mixikirjastus.ee\/index.php\/wp-json\/wp\/v2\/media?parent=10741"}],"curies":[{"name":"wp","href":"https:\/\/api.w.org\/{rel}","templated":true}]}}