{"id":9076,"date":"2021-12-23T14:36:04","date_gmt":"2021-12-23T14:36:04","guid":{"rendered":"https:\/\/www.mixikirjastus.ee\/?page_id=9076"},"modified":"2025-05-15T08:44:18","modified_gmt":"2025-05-15T08:44:18","slug":"hinnapakkumine","status":"publish","type":"page","link":"https:\/\/www.mixikirjastus.ee\/index.php\/hinnapakkumine\/","title":{"rendered":"Hinnapakkumine"},"content":{"rendered":"\n<h2 style=\"text-align: center;\">Hinnapakkumine<\/h2>\n\n\n\n<html lang=\"et\">\n<head>\n    <meta charset=\"UTF-8\">\n    <title>Hinnapakkumine<\/title>\n    <style>\n        body {\n            font-family: \"Times New Roman\", Times, serif; \/* Font-family nii nagu soovitatud, koos \u00fcmardavate fondidega *\/\n\n        }\n    <\/style>\n<\/head>\n<body>\n    <p>Tere tulemast Mixi Kirjastuse hinnap\u00e4ringu lehele!<br>Et koostada teile v\u00f5imalikult t\u00e4pse pakkumise, palume t\u00e4ita j\u00e4rgmised v\u00e4ljad. Mida rohkem detaile jagate, seda kiiremini ja t\u00e4psemini saame teie tellimuse vajadustele vastata. Iga tr\u00fckist\u00f6\u00f6 on unikaalne ja pisiasjad m\u00e4ngivad suurt rolli hinna kujunemises. N\u00e4iteks spiraalk\u00f6ide v\u00f5ib sobida t\u00f6\u00f6juhenditele, samas k\u00f5vakaaneline k\u00f6ide annab raamatule piduliku v\u00e4limuse.<br>\n<a href=\"https:\/\/www.mixikirjastus.ee\/index.php\/tehtud-tood\/\" style=\"color:#0000FF;\">Vaata v\u00e4ljaantud\/tehtud t\u00f6id ja n\u00e4idiseid siit<\/a>\n\n<\/p>\n<\/body>\n<\/html>\n\n\n<div class=\"wpforms-container wpforms-container-full wpforms-block wpforms-block-32d968f7-2cd0-47be-9be0-66536aa36fcd\" id=\"wpforms-9075\"><form id=\"wpforms-form-9075\" class=\"wpforms-validate wpforms-form wpforms-ajax-form\" data-formid=\"9075\" method=\"post\" enctype=\"multipart\/form-data\" action=\"\/index.php\/wp-json\/wp\/v2\/pages\/9076\" data-token=\"84cedecf8ef82084a629344adad801f3\" data-token-time=\"1777713526\"><noscript class=\"wpforms-error-noscript\">Please enable JavaScript in your browser to complete this form.<\/noscript><div class=\"wpforms-field-container\"><div id=\"wpforms-9075-field_1-container\" class=\"wpforms-field wpforms-field-text\" data-field-id=\"1\"><label class=\"wpforms-field-label\" for=\"wpforms-9075-field_1\">Kontaktisik  <span class=\"wpforms-required-label\">*<\/span><\/label><input type=\"text\" id=\"wpforms-9075-field_1\" class=\"wpforms-field-medium wpforms-field-required\" name=\"wpforms[fields][1]\" required><\/div><div id=\"wpforms-9075-field_5-container\" class=\"wpforms-field wpforms-field-text\" data-field-id=\"5\"><label class=\"wpforms-field-label\" for=\"wpforms-9075-field_5\">E-post <span class=\"wpforms-required-label\">*<\/span><\/label><input type=\"text\" id=\"wpforms-9075-field_5\" class=\"wpforms-field-medium wpforms-field-required\" name=\"wpforms[fields][5]\" required><\/div><div id=\"wpforms-9075-field_6-container\" class=\"wpforms-field wpforms-field-text\" data-field-id=\"6\"><label class=\"wpforms-field-label\" for=\"wpforms-9075-field_6\">Telefon<\/label><input type=\"text\" id=\"wpforms-9075-field_6\" class=\"wpforms-field-medium\" name=\"wpforms[fields][6]\" ><\/div><div id=\"wpforms-9075-field_8-container\" class=\"wpforms-field wpforms-field-text\" data-field-id=\"8\"><label class=\"wpforms-field-label\" for=\"wpforms-9075-field_8\">Tr\u00fckise kirjeldus <span class=\"wpforms-required-label\">*<\/span><\/label><input type=\"text\" id=\"wpforms-9075-field_8\" class=\"wpforms-field-medium wpforms-field-required\" name=\"wpforms[fields][8]\" placeholder=\"Raamat, koolip\u00e4evik, lennuraamatud, puzzle, kiituskirjad, kataloog, kalender, visiitkaart, ...\" required><\/div><div id=\"wpforms-9075-field_9-container\" class=\"wpforms-field wpforms-field-text\" data-field-id=\"9\"><label class=\"wpforms-field-label\" for=\"wpforms-9075-field_9\">Tr\u00fckise formaat (laius x k\u00f5rgus)<\/label><input type=\"text\" id=\"wpforms-9075-field_9\" class=\"wpforms-field-medium\" name=\"wpforms[fields][9]\" placeholder=\"A5, A4, 210x297 mm\" ><\/div><div id=\"wpforms-9075-field_10-container\" class=\"wpforms-field wpforms-field-text\" data-field-id=\"10\"><label class=\"wpforms-field-label\" for=\"wpforms-9075-field_10\">Tr\u00fckiarvu number<\/label><input type=\"text\" id=\"wpforms-9075-field_10\" class=\"wpforms-field-medium\" name=\"wpforms[fields][10]\" placeholder=\"nt 5 v\u00f5i 500\" ><div class=\"wpforms-field-description\">Suurkogused enamasti v\u00e4hendavad \u00fchiku hinda<\/div><\/div><div id=\"wpforms-9075-field_2-container\" class=\"wpforms-field wpforms-field-radio\" data-field-id=\"2\"><label class=\"wpforms-field-label\">K\u00f6iteviis<\/label><ul id=\"wpforms-9075-field_2\"><li class=\"choice-1 depth-1\"><input type=\"radio\" id=\"wpforms-9075-field_2_1\" name=\"wpforms[fields][2]\" value=\"k\u00f5vakaaneline \u00f5mmeldud k\u00f6ide\"  ><label class=\"wpforms-field-label-inline\" for=\"wpforms-9075-field_2_1\">k\u00f5vakaaneline \u00f5mmeldud k\u00f6ide<\/label><\/li><li class=\"choice-6 depth-1\"><input type=\"radio\" id=\"wpforms-9075-field_2_6\" name=\"wpforms[fields][2]\" value=\"pehmekaaneline \u00f5mmeldud k\u00f6ide\"  ><label class=\"wpforms-field-label-inline\" for=\"wpforms-9075-field_2_6\">pehmekaaneline \u00f5mmeldud k\u00f6ide<\/label><\/li><li class=\"choice-5 depth-1\"><input type=\"radio\" id=\"wpforms-9075-field_2_5\" name=\"wpforms[fields][2]\" value=\"pehmekaaneline liimk\u00f6ide\"  ><label class=\"wpforms-field-label-inline\" for=\"wpforms-9075-field_2_5\">pehmekaaneline liimk\u00f6ide<\/label><\/li><li class=\"choice-4 depth-1\"><input type=\"radio\" id=\"wpforms-9075-field_2_4\" name=\"wpforms[fields][2]\" value=\"klamberk\u00f6ide\"  ><label class=\"wpforms-field-label-inline\" for=\"wpforms-9075-field_2_4\">klamberk\u00f6ide<\/label><\/li><li class=\"choice-2 depth-1\"><input type=\"radio\" id=\"wpforms-9075-field_2_2\" name=\"wpforms[fields][2]\" value=\"muu\"  ><label class=\"wpforms-field-label-inline\" for=\"wpforms-9075-field_2_2\">muu<\/label><\/li><\/ul><\/div><div id=\"wpforms-9075-field_11-container\" class=\"wpforms-field wpforms-field-text\" data-field-id=\"11\"><label class=\"wpforms-field-label\" for=\"wpforms-9075-field_11\">Lehek\u00fclgede arv<\/label><input type=\"text\" id=\"wpforms-9075-field_11\" class=\"wpforms-field-medium\" name=\"wpforms[fields][11]\" ><\/div><div id=\"wpforms-9075-field_14-container\" class=\"wpforms-field wpforms-field-radio\" data-field-id=\"14\"><label class=\"wpforms-field-label\">Sisu <span class=\"wpforms-required-label\">*<\/span><\/label><ul id=\"wpforms-9075-field_14\" class=\"wpforms-field-required\"><li class=\"choice-1 depth-1\"><input type=\"radio\" id=\"wpforms-9075-field_14_1\" name=\"wpforms[fields][14]\" value=\"must-valge\" required ><label class=\"wpforms-field-label-inline\" for=\"wpforms-9075-field_14_1\">must-valge<\/label><\/li><li class=\"choice-2 depth-1\"><input type=\"radio\" id=\"wpforms-9075-field_14_2\" name=\"wpforms[fields][14]\" value=\"v\u00e4rviline\" required ><label class=\"wpforms-field-label-inline\" for=\"wpforms-9075-field_14_2\">v\u00e4rviline<\/label><\/li><\/ul><\/div><div id=\"wpforms-9075-field_18-container\" class=\"wpforms-field wpforms-field-textarea\" data-field-id=\"18\"><label class=\"wpforms-field-label\" for=\"wpforms-9075-field_18\">Lisaandmed t\u00f6\u00f6 tegemiseks<\/label><textarea id=\"wpforms-9075-field_18\" class=\"wpforms-field-medium\" name=\"wpforms[fields][18]\" placeholder=\"Paberi kvaliteet (nt matneeritud, kergelt tekstuuriga). Spetsiaalsed efektid (l\u00e4ikelakkimine, reljeefne tr\u00fckk)\" ><\/textarea><\/div><\/div><!-- .wpforms-field-container --><div class=\"wpforms-submit-container\" ><input type=\"hidden\" name=\"wpforms[id]\" value=\"9075\"><input type=\"hidden\" name=\"page_title\" value=\"\"><input type=\"hidden\" name=\"page_url\" value=\"https:\/\/www.mixikirjastus.ee\/index.php\/wp-json\/wp\/v2\/pages\/9076\"><input type=\"hidden\" name=\"url_referer\" value=\"\"><button type=\"submit\" name=\"wpforms[submit]\" id=\"wpforms-submit-9075\" class=\"wpforms-submit\" data-alt-text=\"Sending...\" data-submit-text=\"Saada Hinnapakkumine\" aria-live=\"assertive\" value=\"wpforms-submit\">Saada Hinnapakkumine<\/button><img loading=\"lazy\" decoding=\"async\" src=\"https:\/\/www.mixikirjastus.ee\/wp-content\/plugins\/wpforms-lite\/assets\/images\/submit-spin.svg\" class=\"wpforms-submit-spinner\" style=\"display: none;\" width=\"26\" height=\"26\" alt=\"Loading\"><\/div><\/form><\/div>  <!-- .wpforms-container -->\n\n","protected":false},"excerpt":{"rendered":"<p>Hinnapakkumine Hinnapakkumine Tere tulemast Mixi Kirjastuse hinnap\u00e4ringu lehele!Et koostada teile v\u00f5imalikult t\u00e4pse pakkumise, palume t\u00e4ita j\u00e4rgmised v\u00e4ljad. Mida rohkem detaile jagate, seda kiiremini ja t\u00e4psemini saame teie tellimuse vajadustele vastata. Iga tr\u00fckist\u00f6\u00f6 on unikaalne ja pisiasjad m\u00e4ngivad suurt rolli hinna kujunemises. N\u00e4iteks spiraalk\u00f6ide v\u00f5ib sobida t\u00f6\u00f6juhenditele, samas k\u00f5vakaaneline k\u00f6ide annab raamatule piduliku v\u00e4limuse. Vaata v\u00e4ljaantud\/tehtud [&#8230;]\n","protected":false},"author":1,"featured_media":0,"parent":0,"menu_order":0,"comment_status":"closed","ping_status":"closed","template":"","meta":{"iawp_total_views":100,"footnotes":""},"class_list":["post-9076","page","type-page","status-publish","hentry"],"_links":{"self":[{"href":"https:\/\/www.mixikirjastus.ee\/index.php\/wp-json\/wp\/v2\/pages\/9076","targetHints":{"allow":["GET"]}}],"collection":[{"href":"https:\/\/www.mixikirjastus.ee\/index.php\/wp-json\/wp\/v2\/pages"}],"about":[{"href":"https:\/\/www.mixikirjastus.ee\/index.php\/wp-json\/wp\/v2\/types\/page"}],"author":[{"embeddable":true,"href":"https:\/\/www.mixikirjastus.ee\/index.php\/wp-json\/wp\/v2\/users\/1"}],"replies":[{"embeddable":true,"href":"https:\/\/www.mixikirjastus.ee\/index.php\/wp-json\/wp\/v2\/comments?post=9076"}],"version-history":[{"count":5,"href":"https:\/\/www.mixikirjastus.ee\/index.php\/wp-json\/wp\/v2\/pages\/9076\/revisions"}],"predecessor-version":[{"id":10478,"href":"https:\/\/www.mixikirjastus.ee\/index.php\/wp-json\/wp\/v2\/pages\/9076\/revisions\/10478"}],"wp:attachment":[{"href":"https:\/\/www.mixikirjastus.ee\/index.php\/wp-json\/wp\/v2\/media?parent=9076"}],"curies":[{"name":"wp","href":"https:\/\/api.w.org\/{rel}","templated":true}]}}