{"id":103,"date":"2016-11-21T17:29:12","date_gmt":"2016-11-21T17:29:12","guid":{"rendered":"http:\/\/mixikirjastus.ee\/?post_type=product&#038;p=103"},"modified":"2025-11-19T17:50:27","modified_gmt":"2025-11-19T17:50:27","slug":"saarane-mulk-ehk-sada-vakka-tangusoola","status":"publish","type":"product","link":"https:\/\/www.mixikirjastus.ee\/index.php\/toode\/saarane-mulk-ehk-sada-vakka-tangusoola\/","title":{"rendered":"S\u00e4\u00e4rane mulk ehk sada vakka tangusoola"},"content":{"rendered":"","protected":false},"excerpt":{"rendered":"<p data-sourcepos=\"1:1-1:181\"><span style=\"font-family: 'book antiqua', palatino, serif; font-size: 105%;\">Lydia Koidula n\u00e4idend &#8220;S\u00e4\u00e4rane mulk ehk Sada vakka tangusoola&#8221; on eesti rahvusliku teatri s\u00fcnniaastap\u00e4evaks (1870) kirjutatud kom\u00f6\u00f6dia, mis r\u00e4\u00e4gib k\u00fcla\u00fchiskonnast 19. sajandi l\u00f5pul.<\/span><\/p>\n<p data-sourcepos=\"3:1-3:225\"><span style=\"font-family: 'book antiqua', palatino, serif; font-size: 105%;\">N\u00e4idendi tegevus toimub Eestimaal v\u00e4ikeses k\u00fclas. Peategelane on V\u00e4ljaotsa Jaan, kes on naiivne ja heas\u00fcdamlik talupoeg. Jaan on armunud oma naabrit\u00fcdrukusse Mari-Anni, kuid Mari-Anni vanemad on Jaani vastu, sest ta on vaene.<\/span><\/p>\n<p data-sourcepos=\"11:1-11:10\"><span style=\"font-family: 'book antiqua', palatino, serif; font-size: 105%;\"><strong>Teemad: <\/strong><\/span><span style=\"font-family: 'book antiqua', palatino, serif; font-size: 105%; color: #333333;\">Armastus ja vaesus, <\/span><span style=\"font-family: 'book antiqua', palatino, serif; font-size: 105%; color: #333333;\">\u00d5iglus ja \u00f5igusem\u00f5istmine, <\/span><span style=\"font-family: 'book antiqua', palatino, serif; font-size: 105%; color: #333333;\">K\u00fcla\u00fchiskonna probleemid<\/span><\/p>\n<p data-sourcepos=\"17:1-17:24\"><span style=\"font-family: 'book antiqua', palatino, serif; font-size: 105%;\"><strong>Kirjanduslik v\u00e4\u00e4rtus<\/strong><\/span><\/p>\n<p data-sourcepos=\"19:1-19:283\"><span style=\"font-family: 'book antiqua', palatino, serif; font-size: 105%;\">&#8220;S\u00e4\u00e4rane mulk&#8221; on \u00fcks Lydia Koidula tuntumaid ja armastatumaid teoseid. See on kaasahaarav ja humoorikas lugu, mis r\u00e4\u00e4gib armastusest, vaesusest ja \u00f5iglusest. N\u00e4idend on h\u00e4sti kirjutatud ja h\u00e4sti m\u00e4ngitav. See on sobilik lugemiseks ja vaatamiseks nii t\u00e4iskasvanutele kui ka noortele.<\/span><\/p>\n<p data-sourcepos=\"19:1-19:283\"><em>K\u00f5vad kaaned<\/em><\/p>\n","protected":false},"featured_media":480,"comment_status":"closed","ping_status":"closed","template":"","meta":{"iawp_total_views":190},"product_brand":[],"product_cat":[23],"product_tag":[],"class_list":{"0":"post-103","1":"product","2":"type-product","3":"status-publish","4":"has-post-thumbnail","6":"product_cat-raamatud","8":"first","9":"instock","10":"taxable","11":"shipping-taxable","12":"purchasable","13":"product-type-simple"},"_links":{"self":[{"href":"https:\/\/www.mixikirjastus.ee\/index.php\/wp-json\/wp\/v2\/product\/103","targetHints":{"allow":["GET"]}}],"collection":[{"href":"https:\/\/www.mixikirjastus.ee\/index.php\/wp-json\/wp\/v2\/product"}],"about":[{"href":"https:\/\/www.mixikirjastus.ee\/index.php\/wp-json\/wp\/v2\/types\/product"}],"replies":[{"embeddable":true,"href":"https:\/\/www.mixikirjastus.ee\/index.php\/wp-json\/wp\/v2\/comments?post=103"}],"wp:featuredmedia":[{"embeddable":true,"href":"https:\/\/www.mixikirjastus.ee\/index.php\/wp-json\/wp\/v2\/media\/480"}],"wp:attachment":[{"href":"https:\/\/www.mixikirjastus.ee\/index.php\/wp-json\/wp\/v2\/media?parent=103"}],"wp:term":[{"taxonomy":"product_brand","embeddable":true,"href":"https:\/\/www.mixikirjastus.ee\/index.php\/wp-json\/wp\/v2\/product_brand?post=103"},{"taxonomy":"product_cat","embeddable":true,"href":"https:\/\/www.mixikirjastus.ee\/index.php\/wp-json\/wp\/v2\/product_cat?post=103"},{"taxonomy":"product_tag","embeddable":true,"href":"https:\/\/www.mixikirjastus.ee\/index.php\/wp-json\/wp\/v2\/product_tag?post=103"}],"curies":[{"name":"wp","href":"https:\/\/api.w.org\/{rel}","templated":true}]}}