{"id":10675,"date":"2025-05-17T14:48:57","date_gmt":"2025-05-17T14:48:57","guid":{"rendered":"https:\/\/www.mixikirjastus.ee\/?post_type=product&#038;p=10675"},"modified":"2025-05-17T14:58:13","modified_gmt":"2025-05-17T14:58:13","slug":"graniiti-raiutud-malestus","status":"publish","type":"product","link":"https:\/\/www.mixikirjastus.ee\/index.php\/toode\/graniiti-raiutud-malestus\/","title":{"rendered":"Graniiti raiutud m\u00e4lestus"},"content":{"rendered":"","protected":false},"excerpt":{"rendered":"<p>Helle Vaga, Vaino Napp<\/p>\n<p style=\"text-align: justify;\">K\u00fc\u00fcditatute m\u00e4lestuskivi juurde Raasikul satub 21. sajandi esimese veerandi l\u00f5puaastail veel \u00fcliharva inimesi, kellele isiklikult l\u00e4bielatu siin taas meenub. Hoopis rohkem k\u00f5nnib m\u00f6\u00f6da, vahel peatubki neid, kel p\u00f5hjust meenutada l\u00e4hedasi. Enamus rongile v\u00f5i koju t\u00f5ttajaid kiirustavad. Nad on natuke midagi kuulnud, lugenud veel v\u00e4hem. M\u00f6\u00f6dak\u00f5ndijad v\u00f5ivad \u00fcksk\u00f5ikselt \u00f5lgu kehitada, aga 80 aastat tagasi seisis siin pikk kaubavagunite rida, laaditavaks kaubaks inimesed. 30 aastat tagasi avati m\u00e4lestuskivi, osalejate seas rohkelt 50 aasta tagust \u201ckaupa\u201d.<\/p>\n<p>Raamat t\u00e4histab 80.\u202faastap\u00e4eva 14.\u202fjuuni 1941.\u202fa suurk\u00fc\u00fcditamisest Raasiku vallas. J\u00e4rgnevalt koondatakse ligi k\u00fcmne aasta jooksul Raasiku raudteejaama juures peetud m\u00e4lestusp\u00e4evadel \u00fcleskirjutatud inimeste meenutusi. Mitmed loo autorid on ise kirja pannud oma p\u00e4rimuse, teiste puhul on seda teinud nende j\u00e4reltulijad.<\/p>\n<p><em>K\u00f5vad Kaaned<\/em><\/p>\n","protected":false},"featured_media":10676,"comment_status":"closed","ping_status":"closed","template":"","meta":{"iawp_total_views":9},"product_brand":[],"product_cat":[23],"product_tag":[],"class_list":{"0":"post-10675","1":"product","2":"type-product","3":"status-publish","4":"has-post-thumbnail","6":"product_cat-raamatud","8":"first","9":"instock","10":"taxable","11":"shipping-taxable","12":"purchasable","13":"product-type-simple"},"_links":{"self":[{"href":"https:\/\/www.mixikirjastus.ee\/index.php\/wp-json\/wp\/v2\/product\/10675","targetHints":{"allow":["GET"]}}],"collection":[{"href":"https:\/\/www.mixikirjastus.ee\/index.php\/wp-json\/wp\/v2\/product"}],"about":[{"href":"https:\/\/www.mixikirjastus.ee\/index.php\/wp-json\/wp\/v2\/types\/product"}],"replies":[{"embeddable":true,"href":"https:\/\/www.mixikirjastus.ee\/index.php\/wp-json\/wp\/v2\/comments?post=10675"}],"wp:featuredmedia":[{"embeddable":true,"href":"https:\/\/www.mixikirjastus.ee\/index.php\/wp-json\/wp\/v2\/media\/10676"}],"wp:attachment":[{"href":"https:\/\/www.mixikirjastus.ee\/index.php\/wp-json\/wp\/v2\/media?parent=10675"}],"wp:term":[{"taxonomy":"product_brand","embeddable":true,"href":"https:\/\/www.mixikirjastus.ee\/index.php\/wp-json\/wp\/v2\/product_brand?post=10675"},{"taxonomy":"product_cat","embeddable":true,"href":"https:\/\/www.mixikirjastus.ee\/index.php\/wp-json\/wp\/v2\/product_cat?post=10675"},{"taxonomy":"product_tag","embeddable":true,"href":"https:\/\/www.mixikirjastus.ee\/index.php\/wp-json\/wp\/v2\/product_tag?post=10675"}],"curies":[{"name":"wp","href":"https:\/\/api.w.org\/{rel}","templated":true}]}}