{"id":107,"date":"2016-11-21T17:31:10","date_gmt":"2016-11-21T17:31:10","guid":{"rendered":"http:\/\/mixikirjastus.ee\/?post_type=product&#038;p=107"},"modified":"2025-06-12T08:45:51","modified_gmt":"2025-06-12T08:45:51","slug":"karin-geimonen-talupere-toopaev","status":"publish","type":"product","link":"https:\/\/www.mixikirjastus.ee\/index.php\/toode\/karin-geimonen-talupere-toopaev\/","title":{"rendered":"Talupere t\u00f6\u00f6p\u00e4ev"},"content":{"rendered":"","protected":false},"excerpt":{"rendered":"<p><em>Agnes J\u00fcrgens,\u00a0Karin Geimonen<\/em><\/p>\n<p>\u201eTalupere t\u00f6\u00f6p\u00e4ev\u201c on lustakas luulevormis lugu k\u00f5ige v\u00e4iksematele lugejatele, kel n\u00e4pp rohkem suus k\u00e4ib kui kirjat\u00e4hti taga ajab. Kuigi jutt vestab tubli talupere t\u00f6\u00f6dest-tegemistest, on peategelaseks hoopis&#8230; kell, see v\u00e4ike v\u00e4simatu kell. Kes \u201eTalupere t\u00f6\u00f6p\u00e4eva\u201c hoolega l\u00e4bi loeb, see ka kella tundmise selgeks saab.<\/p>\n","protected":false},"featured_media":108,"comment_status":"closed","ping_status":"closed","template":"","meta":{"iawp_total_views":39},"product_brand":[],"product_cat":[18,33],"product_tag":[],"class_list":{"0":"post-107","1":"product","2":"type-product","3":"status-publish","4":"has-post-thumbnail","6":"product_cat-mangud-ja-oppematerjalid","7":"product_cat-oppematerjalid","9":"first","10":"instock","11":"taxable","12":"shipping-taxable","13":"purchasable","14":"product-type-simple"},"_links":{"self":[{"href":"https:\/\/www.mixikirjastus.ee\/index.php\/wp-json\/wp\/v2\/product\/107","targetHints":{"allow":["GET"]}}],"collection":[{"href":"https:\/\/www.mixikirjastus.ee\/index.php\/wp-json\/wp\/v2\/product"}],"about":[{"href":"https:\/\/www.mixikirjastus.ee\/index.php\/wp-json\/wp\/v2\/types\/product"}],"replies":[{"embeddable":true,"href":"https:\/\/www.mixikirjastus.ee\/index.php\/wp-json\/wp\/v2\/comments?post=107"}],"wp:featuredmedia":[{"embeddable":true,"href":"https:\/\/www.mixikirjastus.ee\/index.php\/wp-json\/wp\/v2\/media\/108"}],"wp:attachment":[{"href":"https:\/\/www.mixikirjastus.ee\/index.php\/wp-json\/wp\/v2\/media?parent=107"}],"wp:term":[{"taxonomy":"product_brand","embeddable":true,"href":"https:\/\/www.mixikirjastus.ee\/index.php\/wp-json\/wp\/v2\/product_brand?post=107"},{"taxonomy":"product_cat","embeddable":true,"href":"https:\/\/www.mixikirjastus.ee\/index.php\/wp-json\/wp\/v2\/product_cat?post=107"},{"taxonomy":"product_tag","embeddable":true,"href":"https:\/\/www.mixikirjastus.ee\/index.php\/wp-json\/wp\/v2\/product_tag?post=107"}],"curies":[{"name":"wp","href":"https:\/\/api.w.org\/{rel}","templated":true}]}}