{"id":1080,"date":"2018-07-23T15:51:31","date_gmt":"2018-07-23T15:51:31","guid":{"rendered":"https:\/\/www.mixikirjastus.ee\/?post_type=product&#038;p=1080"},"modified":"2023-10-28T18:35:38","modified_gmt":"2023-10-28T18:35:38","slug":"aabits","status":"publish","type":"product","link":"https:\/\/www.mixikirjastus.ee\/index.php\/toode\/aabits\/","title":{"rendered":"Aabits"},"content":{"rendered":"","protected":false},"excerpt":{"rendered":"<p><span style=\"font-family: 'times new roman', times, serif; color: #282828;\">Uue kooliaasta alguseks on valminud uus aabits, mille on koostanud teenekas pedagoog, paljude \u00f5pikute ning t\u00f6\u00f6vihikute autor, J\u00fcri G\u00fcmnaasiumi \u00f5ppedirektor Anne Kloren koos illustraator Kriste Kaldiga.<\/span><\/p>\n<p><span style=\"font-family: 'times new roman', times, serif; color: #282828;\">Anne Kloren on aastaid t\u00f6\u00f6tanud klassi\u00f5petajana, koostanud mitmeid ainep\u00f5hiseid \u00f5ppematerjale ning osalenud ka varasemate aabitsate koostamisel. Oma kogemustele tuginedes on ta aga j\u00e4rjest enam tundnud vajadust veidi teistmoodi aabitsa j\u00e4rele, mis lisaks sellele, et \u00f5petab nii t\u00e4hti tundma kui ka lugema, suunab loetud tekste m\u00f5testama ning avardab laste arusaamist \u00fcmbritsevast elust.<\/span><\/p>\n<p><span style=\"font-family: 'times new roman', times, serif; color: #282828;\">Uus aabits j\u00e4rgibki \u00fcld\u00f5petusliku ja teemap\u00f5hise \u00f5ppe p\u00f5him\u00f5tteid. Lisaks sellele, et t\u00e4hti tutvustatakse meid \u00fcmbritsevate esemete, n\u00e4htuste jmt kaudu, aitavad ka aabitsa lugemispalad \u00f5pilastel vaadelda elukeskkonda ja tajuda selle mitmet\u00e4henduslikkust. Lugema \u00f5ppimiseks pakutakse m\u00f5nusaid l\u00fchikesi naljalugusid, mille \u00fcheks peategelaseks on populaarne koolipoiss Juku, kuid naljakaid juhtumeid on kirja pandud ka loomade ja lindude elust. Ei puudu m\u00f5istatused, vanas\u00f5nad, k\u00f5nek\u00e4\u00e4nud ja anekdoodid, mis lisaks mitmet\u00e4henduslike tekstide m\u00f5istmisele tutvustavad \u00f5ppuritele igap\u00e4evast elu.<\/span><\/p>\n<p><span style=\"font-family: 'times new roman', times, serif; color: #282828;\">Aabitsa teemad on seotud I kooliastme eesti keele ja loodus\u00f5petuse ainekavadega. Tekste toetavad vahvad lastep\u00e4rased joonistused, fotod ja skeemid, mis aitavad kaasa kogu \u00f5piku asjalikule, samas s\u00f5bralikule tonaalsusele. \u00dcldjuhul on igale t\u00e4hele p\u00fchendatud neli lehek\u00fclge. Esimene lehepaar suunab \u00fcksiks\u00f5nu h\u00e4\u00e4lima ja lugema. Teine lehepaar on seotud teemadega I kooliastme eesti keele ja looduse\u00f5petuse ainekavadest; \u00fchel lehel saab \u00f5ppija lugeda vastava teemaga seotud l\u00fchivorme ja teisel lehel t\u00f6\u00f6tada temaatiliste m\u00e4rks\u00f5nade, skeemide, piltidega. Aabitsa l\u00f5pus on metoodilised juhendid pedagoogidele.<\/span><\/p>\n<p><span style=\"font-family: 'times new roman', times, serif; color: #282828;\">Aabits vastab p\u00f5hikooli riiklikule \u00f5ppekavale ning haridus- ja teadusministri poolt \u00f5ppekirjandusele kehtestatud n\u00f5uetele. Aabitsa m\u00f5\u00f5dud on 21 x 24 cm, lehek\u00fclgi 112, kaal 375 g , ISBN\u00a09789949970773. Anne Kloreni eestv\u00f5ttel on valmimas ka aabitsa juurde kuuluv t\u00f6\u00f6vihik, mille kohta kirjastus annab peagi t\u00e4iendavat teavet.<\/span><\/p>\n<div><span style=\"font-family: 'times new roman', times, serif;\"><span style=\"color: #282828;\">Uut aabitsat saab osta raamatupoodidest ja tellida otse kirjastuselt. \u00dcksiknumbri hind kirjastusest tellides on <strong>14 eurot<\/strong>, alatest <strong>3 eksemplarist<\/strong> langeb hind <strong>12 eurole<\/strong>, alatest <strong>10 eksemplarist<\/strong> on \u00fchiku hind <strong>9 eurot<\/strong>.\u00a0<\/span><em><span style=\"color: #282828;\">Hinnale lisandub k\u00e4ibemaks 9%<\/span>.<\/em><\/span><\/div>\n","protected":false},"featured_media":1111,"comment_status":"closed","ping_status":"closed","template":"","meta":{"iawp_total_views":138},"product_brand":[],"product_cat":[30,26,18,33],"product_tag":[],"class_list":{"0":"post-1080","1":"product","2":"type-product","3":"status-publish","4":"has-post-thumbnail","6":"product_cat-lastekirjandus","7":"product_cat-lastekirjandus-ja-lasteraamatud","8":"product_cat-mangud-ja-oppematerjalid","9":"product_cat-oppematerjalid","11":"first","12":"instock","13":"taxable","14":"shipping-taxable","15":"purchasable","16":"product-type-simple"},"_links":{"self":[{"href":"https:\/\/www.mixikirjastus.ee\/index.php\/wp-json\/wp\/v2\/product\/1080","targetHints":{"allow":["GET"]}}],"collection":[{"href":"https:\/\/www.mixikirjastus.ee\/index.php\/wp-json\/wp\/v2\/product"}],"about":[{"href":"https:\/\/www.mixikirjastus.ee\/index.php\/wp-json\/wp\/v2\/types\/product"}],"replies":[{"embeddable":true,"href":"https:\/\/www.mixikirjastus.ee\/index.php\/wp-json\/wp\/v2\/comments?post=1080"}],"wp:featuredmedia":[{"embeddable":true,"href":"https:\/\/www.mixikirjastus.ee\/index.php\/wp-json\/wp\/v2\/media\/1111"}],"wp:attachment":[{"href":"https:\/\/www.mixikirjastus.ee\/index.php\/wp-json\/wp\/v2\/media?parent=1080"}],"wp:term":[{"taxonomy":"product_brand","embeddable":true,"href":"https:\/\/www.mixikirjastus.ee\/index.php\/wp-json\/wp\/v2\/product_brand?post=1080"},{"taxonomy":"product_cat","embeddable":true,"href":"https:\/\/www.mixikirjastus.ee\/index.php\/wp-json\/wp\/v2\/product_cat?post=1080"},{"taxonomy":"product_tag","embeddable":true,"href":"https:\/\/www.mixikirjastus.ee\/index.php\/wp-json\/wp\/v2\/product_tag?post=1080"}],"curies":[{"name":"wp","href":"https:\/\/api.w.org\/{rel}","templated":true}]}}