{"id":1097,"date":"2018-08-06T13:22:39","date_gmt":"2018-08-06T13:22:39","guid":{"rendered":"https:\/\/www.mixikirjastus.ee\/?post_type=product&#038;p=1097"},"modified":"2021-03-27T18:45:23","modified_gmt":"2021-03-27T18:45:23","slug":"aabitsa-toovihik","status":"publish","type":"product","link":"https:\/\/www.mixikirjastus.ee\/index.php\/toode\/aabitsa-toovihik\/","title":{"rendered":"Aabitsa t\u00f6\u00f6vihik"},"content":{"rendered":"","protected":false},"excerpt":{"rendered":"<p><span style=\"color: #282828; font-family: 'times new roman', times, serif; font-size: 110%;\">Anne Kloreni koostatud aabitsa juurde kuuluvas sama autori t\u00f6\u00f6vihikus on \u00fclesanded, mis toetavad aabitsas \u00f5pitavat. \u00dclesanded arendavad kuulamisoskust, r\u00e4\u00e4kimisoskust, lugemisoskust ja kirjutamisoskust. Samuti suunavad \u00fclesanded t\u00f6\u00f6tama nii \u00fcksi, paaris kui ka r\u00fchmas.<\/span><\/p>\n<p><span style=\"color: #282828; font-family: 'times new roman', times, serif; font-size: 110%;\">T\u00f6\u00f6vihiku \u00fclaservas on t\u00e4hestik: laps saab v\u00e4rvida \u00f5pitava t\u00e4he. Iga t\u00e4he esimeseks \u00fclesandeks saab t\u00e4he k\u00f5rvale t\u00fchjadesse kastidesse \u00f5petaja anda sobivaid \u00fclesandeid, n\u00e4iteks kirjutada t\u00e4hte erineva suurusega ja v\u00e4rviga; kirjutada s\u00f5nu, milles \u00f5pitav t\u00e4ht on alguses, keskel, l\u00f5pus; erineva pikkusega.<\/span><\/p>\n<p><span style=\"color: #282828; font-family: 'times new roman', times, serif; font-size: 110%;\">T\u00f6\u00f6vihikusse saab joonistada ja kleepida pilte, mis sobivad \u00f5pitava t\u00e4hega. T\u00e4hti saab omakorda disainida ehk neile v\u00f5ib joonistada n\u00e4o, keha vms. M\u00f5istagi saab ise moodustada ja kirjutada \u00f5pitud t\u00e4htede ning s\u00f5nade abil lauseid, otsida m\u00f5istujuttudest tuttavaid s\u00f5nu v\u00f5i s\u00f5nu, mida seal polnudki jne.<\/span><\/p>\n<p><span style=\"color: #282828; font-family: 'times new roman', times, serif; font-size: 110%;\">T\u00f6\u00f6vihiku on illustreerinud Kriste Kald.<\/span><\/p>\n<p><span style=\"color: #282828; font-family: 'times new roman', times, serif; font-size: 110%;\">Aabits t\u00f6\u00f6vihik vastab p\u00f5hikooli riiklikule \u00f5ppekavale ning haridus- ja teadusministri poolt \u00f5ppekirjandusele kehtestatud n\u00f5uetele. T\u00f6\u00f6vihiku m\u00f5\u00f5dud on <strong>215 x 245 mm<\/strong>, lehek\u00fclgi <strong>72<\/strong>, klamberk\u00f6ites, ISBN 978-9949-9707-8-0.<\/span><\/p>\n<p><span style=\"color: #282828; font-family: 'times new roman', times, serif; font-size: 110%;\">Nii aabitsat kui ka t\u00f6\u00f6vihikut saab osta raamatupoodidest ja tellida otse kirjastuselt. Hinnale lisandub k\u00e4ibemaks 9%.<\/span><\/p>\n","protected":false},"featured_media":1098,"comment_status":"closed","ping_status":"closed","template":"","meta":{"iawp_total_views":143},"product_brand":[],"product_cat":[30,26,18,33],"product_tag":[],"class_list":{"0":"post-1097","1":"product","2":"type-product","3":"status-publish","4":"has-post-thumbnail","6":"product_cat-lastekirjandus","7":"product_cat-lastekirjandus-ja-lasteraamatud","8":"product_cat-mangud-ja-oppematerjalid","9":"product_cat-oppematerjalid","11":"first","12":"instock","13":"taxable","14":"shipping-taxable","15":"purchasable","16":"product-type-simple"},"_links":{"self":[{"href":"https:\/\/www.mixikirjastus.ee\/index.php\/wp-json\/wp\/v2\/product\/1097","targetHints":{"allow":["GET"]}}],"collection":[{"href":"https:\/\/www.mixikirjastus.ee\/index.php\/wp-json\/wp\/v2\/product"}],"about":[{"href":"https:\/\/www.mixikirjastus.ee\/index.php\/wp-json\/wp\/v2\/types\/product"}],"replies":[{"embeddable":true,"href":"https:\/\/www.mixikirjastus.ee\/index.php\/wp-json\/wp\/v2\/comments?post=1097"}],"wp:featuredmedia":[{"embeddable":true,"href":"https:\/\/www.mixikirjastus.ee\/index.php\/wp-json\/wp\/v2\/media\/1098"}],"wp:attachment":[{"href":"https:\/\/www.mixikirjastus.ee\/index.php\/wp-json\/wp\/v2\/media?parent=1097"}],"wp:term":[{"taxonomy":"product_brand","embeddable":true,"href":"https:\/\/www.mixikirjastus.ee\/index.php\/wp-json\/wp\/v2\/product_brand?post=1097"},{"taxonomy":"product_cat","embeddable":true,"href":"https:\/\/www.mixikirjastus.ee\/index.php\/wp-json\/wp\/v2\/product_cat?post=1097"},{"taxonomy":"product_tag","embeddable":true,"href":"https:\/\/www.mixikirjastus.ee\/index.php\/wp-json\/wp\/v2\/product_tag?post=1097"}],"curies":[{"name":"wp","href":"https:\/\/api.w.org\/{rel}","templated":true}]}}