{"id":110,"date":"2016-11-21T17:33:36","date_gmt":"2016-11-21T17:33:36","guid":{"rendered":"http:\/\/mixikirjastus.ee\/?post_type=product&#038;p=110"},"modified":"2026-04-03T20:00:06","modified_gmt":"2026-04-03T20:00:06","slug":"tasuja","status":"publish","type":"product","link":"https:\/\/www.mixikirjastus.ee\/index.php\/toode\/tasuja\/","title":{"rendered":"Tasuja"},"content":{"rendered":"","protected":false},"excerpt":{"rendered":"<p><em>Eduard Bornh\u00f6he<\/em><\/p>\n<p>\u201eTasuja\u201c on Eduard Bornh\u00f6he 1880. aastal ilmunud ajalooline jutustus, mis k\u00e4sitleb 1343. aasta J\u00fcri\u00f6\u00f6 \u00fclest\u00f5usu.<br \/>\nSee on esimene eestikeelne teos, mis avalikult hukkam\u00f5istab m\u00f5isnikke ja kujundab eesti kangelast rahvusvaheliste kangelaste k\u00f5rval.<br \/>\nTeos on \u00fcks eesti ajaloolise ilukirjanduse vaieldamatult k\u00f5ige tuntumaid teoseid, pakkudes romantilise pildi talurahva v\u00f5itlusest vabaduse nimel.<\/p>\n<p>\u201eTasuja\u201c esitleb 17-aastase nooruki soovi luua eesti kangelane, kes astub v\u00e4lja Rinaldiinide, Morandiinide ja Abelliinide k\u00f5rval, r\u00f5hutades rahvusliku identiteedi t\u00e4htsust. Selle kaudu on teos saanud oluliseks osaks Eesti kultuurip\u00e4rimust ja ajaloolise m\u00f5tte arengut<\/p>\n<p><em>Pehmed kaaned<\/em><\/p>\n","protected":false},"featured_media":11094,"comment_status":"closed","ping_status":"closed","template":"","meta":{"iawp_total_views":61},"product_brand":[],"product_cat":[23],"product_tag":[],"class_list":{"0":"post-110","1":"product","2":"type-product","3":"status-publish","4":"has-post-thumbnail","6":"product_cat-raamatud","8":"first","9":"instock","10":"taxable","11":"shipping-taxable","12":"purchasable","13":"product-type-simple"},"_links":{"self":[{"href":"https:\/\/www.mixikirjastus.ee\/index.php\/wp-json\/wp\/v2\/product\/110","targetHints":{"allow":["GET"]}}],"collection":[{"href":"https:\/\/www.mixikirjastus.ee\/index.php\/wp-json\/wp\/v2\/product"}],"about":[{"href":"https:\/\/www.mixikirjastus.ee\/index.php\/wp-json\/wp\/v2\/types\/product"}],"replies":[{"embeddable":true,"href":"https:\/\/www.mixikirjastus.ee\/index.php\/wp-json\/wp\/v2\/comments?post=110"}],"wp:featuredmedia":[{"embeddable":true,"href":"https:\/\/www.mixikirjastus.ee\/index.php\/wp-json\/wp\/v2\/media\/11094"}],"wp:attachment":[{"href":"https:\/\/www.mixikirjastus.ee\/index.php\/wp-json\/wp\/v2\/media?parent=110"}],"wp:term":[{"taxonomy":"product_brand","embeddable":true,"href":"https:\/\/www.mixikirjastus.ee\/index.php\/wp-json\/wp\/v2\/product_brand?post=110"},{"taxonomy":"product_cat","embeddable":true,"href":"https:\/\/www.mixikirjastus.ee\/index.php\/wp-json\/wp\/v2\/product_cat?post=110"},{"taxonomy":"product_tag","embeddable":true,"href":"https:\/\/www.mixikirjastus.ee\/index.php\/wp-json\/wp\/v2\/product_tag?post=110"}],"curies":[{"name":"wp","href":"https:\/\/api.w.org\/{rel}","templated":true}]}}