{"id":11012,"date":"2025-09-29T10:59:40","date_gmt":"2025-09-29T10:59:40","guid":{"rendered":"https:\/\/www.mixikirjastus.ee\/?post_type=product&#038;p=11012"},"modified":"2025-09-29T11:02:55","modified_gmt":"2025-09-29T11:02:55","slug":"eesti-elu","status":"publish","type":"product","link":"https:\/\/www.mixikirjastus.ee\/index.php\/toode\/eesti-elu\/","title":{"rendered":"Eesti elu"},"content":{"rendered":"","protected":false},"excerpt":{"rendered":"<p data-start=\"117\" data-end=\"389\">Tegemist on aforismide ja vemmalv\u00e4rsside koguga, mille esimene pool k\u00e4sitleb Eesti riiki ja selle olukorda, teine pool aga inimese tundemaailma ja t\u00e4helepanekuid, mille areng v\u00f5i taandareng on tihedalt seotud samade riigi probleemidega.<\/p>\n<p data-start=\"391\" data-end=\"514\">Raamat on m\u00f5eldud k\u00f5igile, kes ei ole \u00fcksk\u00f5iksed Eesti riigi ja rahva tuleviku suhtes.<br \/>\n<br data-start=\"477\" data-end=\"480\" \/>Tegemist on teise kordustr\u00fckiga.<\/p>\n<p data-start=\"391\" data-end=\"514\"><em>Valter S\u00e4\u00e4sk<\/em><\/p>\n<p data-start=\"391\" data-end=\"514\"><em>Pehmed kaaned<\/em><\/p>\n<p data-start=\"391\" data-end=\"514\">\n","protected":false},"featured_media":11014,"comment_status":"closed","ping_status":"closed","template":"","meta":{"iawp_total_views":6},"product_brand":[],"product_cat":[23],"product_tag":[],"class_list":{"0":"post-11012","1":"product","2":"type-product","3":"status-publish","4":"has-post-thumbnail","6":"product_cat-raamatud","8":"first","9":"instock","10":"taxable","11":"shipping-taxable","12":"purchasable","13":"product-type-simple"},"_links":{"self":[{"href":"https:\/\/www.mixikirjastus.ee\/index.php\/wp-json\/wp\/v2\/product\/11012","targetHints":{"allow":["GET"]}}],"collection":[{"href":"https:\/\/www.mixikirjastus.ee\/index.php\/wp-json\/wp\/v2\/product"}],"about":[{"href":"https:\/\/www.mixikirjastus.ee\/index.php\/wp-json\/wp\/v2\/types\/product"}],"replies":[{"embeddable":true,"href":"https:\/\/www.mixikirjastus.ee\/index.php\/wp-json\/wp\/v2\/comments?post=11012"}],"wp:featuredmedia":[{"embeddable":true,"href":"https:\/\/www.mixikirjastus.ee\/index.php\/wp-json\/wp\/v2\/media\/11014"}],"wp:attachment":[{"href":"https:\/\/www.mixikirjastus.ee\/index.php\/wp-json\/wp\/v2\/media?parent=11012"}],"wp:term":[{"taxonomy":"product_brand","embeddable":true,"href":"https:\/\/www.mixikirjastus.ee\/index.php\/wp-json\/wp\/v2\/product_brand?post=11012"},{"taxonomy":"product_cat","embeddable":true,"href":"https:\/\/www.mixikirjastus.ee\/index.php\/wp-json\/wp\/v2\/product_cat?post=11012"},{"taxonomy":"product_tag","embeddable":true,"href":"https:\/\/www.mixikirjastus.ee\/index.php\/wp-json\/wp\/v2\/product_tag?post=11012"}],"curies":[{"name":"wp","href":"https:\/\/api.w.org\/{rel}","templated":true}]}}