{"id":114,"date":"2016-11-21T17:38:27","date_gmt":"2016-11-21T17:38:27","guid":{"rendered":"http:\/\/mixikirjastus.ee\/?post_type=product&#038;p=114"},"modified":"2025-11-19T17:50:03","modified_gmt":"2025-11-19T17:50:03","slug":"vari","status":"publish","type":"product","link":"https:\/\/www.mixikirjastus.ee\/index.php\/toode\/vari\/","title":{"rendered":"Vari"},"content":{"rendered":"","protected":false},"excerpt":{"rendered":"<p><span style=\"font-family: 'book antiqua', palatino, serif; font-size: 110%;\"><strong>Juhan Liivi &#8220;Vari&#8221;<\/strong> on 1894. aastal ilmunud jutustus, mis r\u00e4\u00e4gib 19. sajandi alguses elanud orvust Villust. Villu kasvab \u00fcles vanaema juures, kes \u00f5petab talle lugema ja kirjutama. Villu on andekas luuletaja ja unistab, et saab kord kirjanikuks.<\/span><\/p>\n<p data-sourcepos=\"9:1-9:23\"><span style=\"font-family: 'book antiqua', palatino, serif; font-size: 110%;\"><strong>Raamatu p\u00f5hiteemad: <\/strong><\/span><span style=\"font-family: 'book antiqua', palatino, serif; font-size: 110%; color: #333333;\">Andeka inimese trag\u00f6\u00f6dia, <\/span><span style=\"font-family: 'book antiqua', palatino, serif; font-size: 110%; color: #333333;\">Hariduse ja v\u00f5imaluste puudumine, <\/span><span style=\"font-family: 'book antiqua', palatino, serif; font-size: 110%; color: #333333;\">\u00d5igus ja eba\u00f5iglus, <\/span><span style=\"font-family: 'book antiqua', palatino, serif; font-size: 110%; color: #333333;\">Armastus ja kaotus<\/span><\/p>\n<p><span style=\"font-family: 'book antiqua', palatino, serif; font-size: 110%;\">&#8220;Vari&#8221; on lugu andeka inimese trag\u00f6\u00f6diast. See on ka lugu p\u00e4risorjuseaegsest Eesti \u00fchiskonnast, kus hariduse ja v\u00f5imaluste puudumine sundisid andekaid inimesi oma unistustest loobuma.\u00a0Teos on \u00fchtaegu kurb ja lootusrikas. See r\u00e4\u00e4gib inimloomuse ilu ja haavatavusest ning sellest, kuidas isegi k\u00f5ige raskemates oludes v\u00f5ib s\u00e4ilida unistused.<\/span><\/p>\n<div class=\"conversation-container ng-tns-c3796930563-2 ng-star-inserted\">\n<div class=\"ng-tns-c476009926-194\">\n<div class=\"response-container ng-tns-c598706311-195 response-container-has-multiple-responses\">\n<div class=\"presented-response-container ng-tns-c598706311-195\">\n<div class=\"response-container-content ng-tns-c598706311-195\">\n<div class=\"response-content ng-trigger ng-trigger-responsePopulation ng-tns-c598706311-195 ng-animate-disabled\">\n<div class=\"markdown markdown-main-panel\" dir=\"ltr\">\n<p data-sourcepos=\"11:1-11:150\"><span style=\"font-family: 'book antiqua', palatino, serif; font-size: 110%;\"><em><span style=\"font-family: book antiqua, palatino, serif;\">K\u00f5vad kaaned<\/span><\/em><\/span><\/p>\n<\/div>\n<\/div>\n<\/div>\n<\/div>\n<\/div>\n<\/div>\n<\/div>\n","protected":false},"featured_media":483,"comment_status":"closed","ping_status":"closed","template":"","meta":{"iawp_total_views":255},"product_brand":[],"product_cat":[23],"product_tag":[],"class_list":{"0":"post-114","1":"product","2":"type-product","3":"status-publish","4":"has-post-thumbnail","6":"product_cat-raamatud","8":"first","9":"instock","10":"taxable","11":"shipping-taxable","12":"purchasable","13":"product-type-simple"},"_links":{"self":[{"href":"https:\/\/www.mixikirjastus.ee\/index.php\/wp-json\/wp\/v2\/product\/114","targetHints":{"allow":["GET"]}}],"collection":[{"href":"https:\/\/www.mixikirjastus.ee\/index.php\/wp-json\/wp\/v2\/product"}],"about":[{"href":"https:\/\/www.mixikirjastus.ee\/index.php\/wp-json\/wp\/v2\/types\/product"}],"replies":[{"embeddable":true,"href":"https:\/\/www.mixikirjastus.ee\/index.php\/wp-json\/wp\/v2\/comments?post=114"}],"wp:featuredmedia":[{"embeddable":true,"href":"https:\/\/www.mixikirjastus.ee\/index.php\/wp-json\/wp\/v2\/media\/483"}],"wp:attachment":[{"href":"https:\/\/www.mixikirjastus.ee\/index.php\/wp-json\/wp\/v2\/media?parent=114"}],"wp:term":[{"taxonomy":"product_brand","embeddable":true,"href":"https:\/\/www.mixikirjastus.ee\/index.php\/wp-json\/wp\/v2\/product_brand?post=114"},{"taxonomy":"product_cat","embeddable":true,"href":"https:\/\/www.mixikirjastus.ee\/index.php\/wp-json\/wp\/v2\/product_cat?post=114"},{"taxonomy":"product_tag","embeddable":true,"href":"https:\/\/www.mixikirjastus.ee\/index.php\/wp-json\/wp\/v2\/product_tag?post=114"}],"curies":[{"name":"wp","href":"https:\/\/api.w.org\/{rel}","templated":true}]}}