{"id":116,"date":"2016-11-21T17:41:27","date_gmt":"2016-11-21T17:41:27","guid":{"rendered":"http:\/\/mixikirjastus.ee\/?post_type=product&#038;p=116"},"modified":"2024-06-14T08:34:41","modified_gmt":"2024-06-14T08:34:41","slug":"olepullike-torvamullike","status":"publish","type":"product","link":"https:\/\/www.mixikirjastus.ee\/index.php\/toode\/olepullike-torvamullike\/","title":{"rendered":"\u00d5lepullike-t\u00f5rvamullike"},"content":{"rendered":"","protected":false},"excerpt":{"rendered":"<p><span style=\"font-family: 'book antiqua', palatino, serif; font-size: 100%;\"><em>Ukraina muinasjutt<\/em><\/span><\/p>\n<p><span style=\"font-family: 'book antiqua', palatino, serif; font-size: 100%;\">\u201e\u00d5lepullike-t\u00f5rvamullike\u201c on ukraina muinasjutt eidest-taadist, kes v\u00e4ga vaeselt elasid. Kord tegi taat eidele \u00f5lgedest pullikese, v\u00f5\u00f5pas k\u00fcljed kleepuva t\u00f5rvaga kokku. Kus siis hakkas imesid juhtuma! Pullike p\u00fc\u00fcdis iga p\u00e4ev kellegi kinni ja \u00f5nn tuli eide-taadi \u00f5uele&#8230;<\/span><\/p>\n<p data-sourcepos=\"39:1-39:10\"><span style=\"font-size: 100%;\"><span style=\"font-family: 'book antiqua', palatino, serif;\"><strong>Teemad: <\/strong><\/span><span style=\"font-family: 'book antiqua', palatino, serif; color: #333333;\">Leidlikkus, <\/span><span style=\"font-family: 'book antiqua', palatino, serif; color: #333333;\">\u00d5iglus, <\/span><span style=\"font-family: 'book antiqua', palatino, serif; color: #333333;\">Headus v\u00f5idab kurja<\/span><\/span><\/p>\n<p data-sourcepos=\"47:1-47:200\"><span style=\"font-family: 'book antiqua', palatino, serif; font-size: 100%;\">&#8220;\u00d5lepullike-t\u00f5rvamullike&#8221; on traditsiooniline ukraina muinasjutt, mis on tuntud oma huumori ja lihtsa, kuid \u00f5petliku moraali poolest. Muinasjutt \u00f5petab, et leidlikkus ja headus v\u00f5ivad viia edu juurde.<\/span><\/p>\n<p data-sourcepos=\"49:1-49:92\"><span style=\"font-family: 'book antiqua', palatino, serif; font-size: 100%;\">Muinasjutt on h\u00e4sti kirjutatud ja kaasahaarav<\/span><\/p>\n","protected":false},"featured_media":117,"comment_status":"closed","ping_status":"closed","template":"","meta":{"iawp_total_views":23},"product_brand":[],"product_cat":[31],"product_tag":[],"class_list":{"0":"post-116","1":"product","2":"type-product","3":"status-publish","4":"has-post-thumbnail","6":"product_cat-lasteraamatud","8":"first","9":"instock","10":"taxable","11":"shipping-taxable","12":"purchasable","13":"product-type-simple"},"_links":{"self":[{"href":"https:\/\/www.mixikirjastus.ee\/index.php\/wp-json\/wp\/v2\/product\/116","targetHints":{"allow":["GET"]}}],"collection":[{"href":"https:\/\/www.mixikirjastus.ee\/index.php\/wp-json\/wp\/v2\/product"}],"about":[{"href":"https:\/\/www.mixikirjastus.ee\/index.php\/wp-json\/wp\/v2\/types\/product"}],"replies":[{"embeddable":true,"href":"https:\/\/www.mixikirjastus.ee\/index.php\/wp-json\/wp\/v2\/comments?post=116"}],"wp:featuredmedia":[{"embeddable":true,"href":"https:\/\/www.mixikirjastus.ee\/index.php\/wp-json\/wp\/v2\/media\/117"}],"wp:attachment":[{"href":"https:\/\/www.mixikirjastus.ee\/index.php\/wp-json\/wp\/v2\/media?parent=116"}],"wp:term":[{"taxonomy":"product_brand","embeddable":true,"href":"https:\/\/www.mixikirjastus.ee\/index.php\/wp-json\/wp\/v2\/product_brand?post=116"},{"taxonomy":"product_cat","embeddable":true,"href":"https:\/\/www.mixikirjastus.ee\/index.php\/wp-json\/wp\/v2\/product_cat?post=116"},{"taxonomy":"product_tag","embeddable":true,"href":"https:\/\/www.mixikirjastus.ee\/index.php\/wp-json\/wp\/v2\/product_tag?post=116"}],"curies":[{"name":"wp","href":"https:\/\/api.w.org\/{rel}","templated":true}]}}