{"id":118,"date":"2016-11-21T17:43:53","date_gmt":"2016-11-21T17:43:53","guid":{"rendered":"http:\/\/mixikirjastus.ee\/?post_type=product&#038;p=118"},"modified":"2025-11-19T17:49:57","modified_gmt":"2025-11-19T17:49:57","slug":"lea","status":"publish","type":"product","link":"https:\/\/www.mixikirjastus.ee\/index.php\/toode\/lea\/","title":{"rendered":"Lea"},"content":{"rendered":"","protected":false},"excerpt":{"rendered":"<p><span style=\"font-family: 'book antiqua', palatino, serif; font-size: 110%;\">Eesti kirjandusklassiku Juhan Smuuli kirjutatud \u201eLea\u201d on kolmevaatuseline draama, mille tegevus toimub 1941. aasta juunist kuni 1942. aasta jaanuarini Saaremaal.\u00a0<\/span><span style=\"font-family: 'book antiqua', palatino, serif; font-size: 110%;\">&#8220;Lea&#8221; on Juhan Smuuli kirjutatud n\u00e4idend, mis r\u00e4\u00e4gib noorest neiust, kes satub kahe mehe armastuse vahele.<\/span><\/p>\n<p data-sourcepos=\"15:1-15:10\"><span style=\"font-family: 'book antiqua', palatino, serif; font-size: 110%;\"><strong>Teemad : <\/strong><\/span><span style=\"font-family: 'book antiqua', palatino, serif; font-size: 110%; color: #333333;\">Armastuse ja kohustuse konflikt, <\/span><span style=\"font-family: 'book antiqua', palatino, serif; font-size: 110%; color: #333333;\">Sotsiaalne ebav\u00f5rdsus, <\/span><span style=\"font-family: 'book antiqua', palatino, serif; font-size: 110%; color: #333333;\">Iseseisvuse otsimine<\/span><\/p>\n<p data-sourcepos=\"21:1-21:24\"><span style=\"font-family: 'book antiqua', palatino, serif; font-size: 110%;\"><strong>Kirjanduslik v\u00e4\u00e4rtus<\/strong><\/span><\/p>\n<p data-sourcepos=\"23:1-23:294\"><span style=\"font-family: 'book antiqua', palatino, serif; font-size: 110%;\">&#8220;Lea&#8221; on Juhan Smuuli \u00fcks tuntumaid ja armastatumaid n\u00e4idendeid. See on kaasahaarav ja emotsionaalne lugu, mis r\u00e4\u00e4gib armastusest, kohustusest ja iseseisvuse otsimisest. N\u00e4idend on h\u00e4sti kirjutatud ja h\u00e4sti m\u00e4ngitav. See on sobilik lugemiseks ja vaatamiseks nii t\u00e4iskasvanutele kui ka noortele.<\/span><\/p>\n<p data-sourcepos=\"23:1-23:294\"><em>K\u00f5vad kaaned<\/em><\/p>\n","protected":false},"featured_media":119,"comment_status":"closed","ping_status":"closed","template":"","meta":{"iawp_total_views":101},"product_brand":[],"product_cat":[23],"product_tag":[],"class_list":{"0":"post-118","1":"product","2":"type-product","3":"status-publish","4":"has-post-thumbnail","6":"product_cat-raamatud","8":"first","9":"instock","10":"taxable","11":"shipping-taxable","12":"purchasable","13":"product-type-simple"},"_links":{"self":[{"href":"https:\/\/www.mixikirjastus.ee\/index.php\/wp-json\/wp\/v2\/product\/118","targetHints":{"allow":["GET"]}}],"collection":[{"href":"https:\/\/www.mixikirjastus.ee\/index.php\/wp-json\/wp\/v2\/product"}],"about":[{"href":"https:\/\/www.mixikirjastus.ee\/index.php\/wp-json\/wp\/v2\/types\/product"}],"replies":[{"embeddable":true,"href":"https:\/\/www.mixikirjastus.ee\/index.php\/wp-json\/wp\/v2\/comments?post=118"}],"wp:featuredmedia":[{"embeddable":true,"href":"https:\/\/www.mixikirjastus.ee\/index.php\/wp-json\/wp\/v2\/media\/119"}],"wp:attachment":[{"href":"https:\/\/www.mixikirjastus.ee\/index.php\/wp-json\/wp\/v2\/media?parent=118"}],"wp:term":[{"taxonomy":"product_brand","embeddable":true,"href":"https:\/\/www.mixikirjastus.ee\/index.php\/wp-json\/wp\/v2\/product_brand?post=118"},{"taxonomy":"product_cat","embeddable":true,"href":"https:\/\/www.mixikirjastus.ee\/index.php\/wp-json\/wp\/v2\/product_cat?post=118"},{"taxonomy":"product_tag","embeddable":true,"href":"https:\/\/www.mixikirjastus.ee\/index.php\/wp-json\/wp\/v2\/product_tag?post=118"}],"curies":[{"name":"wp","href":"https:\/\/api.w.org\/{rel}","templated":true}]}}