{"id":120,"date":"2016-11-21T17:44:59","date_gmt":"2016-11-21T17:44:59","guid":{"rendered":"http:\/\/mixikirjastus.ee\/?post_type=product&#038;p=120"},"modified":"2017-09-14T16:47:59","modified_gmt":"2017-09-14T16:47:59","slug":"lc-harju","status":"publish","type":"product","link":"https:\/\/www.mixikirjastus.ee\/index.php\/toode\/lc-harju\/","title":{"rendered":"LC Harju"},"content":{"rendered":"","protected":false},"excerpt":{"rendered":"<p>25 aastat klubi LC HARJU I 1991\u20132006 on Harjumaalt Rae vallast p\u00e4rit meeste Peeter B\u00f6ckleri ja Sven Sagrise koostatud \u00fclevaade kohalikust lionsliikumisest. LC Harju I klubi asutati 24. oktoobril 1990. aastal. Esimesest tegevusaastast alates v\u00f5tsid klubiliikmed eesm\u00e4rgiks nii heategevuse kui ka eneseharimise. Selle ajaga on abistatud lapsi, vanureid, p\u00f5llumehi jne.<\/p>\n","protected":false},"featured_media":121,"comment_status":"closed","ping_status":"closed","template":"","meta":{"iawp_total_views":6},"product_brand":[],"product_cat":[23],"product_tag":[],"class_list":{"0":"post-120","1":"product","2":"type-product","3":"status-publish","4":"has-post-thumbnail","6":"product_cat-raamatud","8":"first","9":"instock","10":"taxable","11":"shipping-taxable","12":"product-type-simple"},"_links":{"self":[{"href":"https:\/\/www.mixikirjastus.ee\/index.php\/wp-json\/wp\/v2\/product\/120","targetHints":{"allow":["GET"]}}],"collection":[{"href":"https:\/\/www.mixikirjastus.ee\/index.php\/wp-json\/wp\/v2\/product"}],"about":[{"href":"https:\/\/www.mixikirjastus.ee\/index.php\/wp-json\/wp\/v2\/types\/product"}],"replies":[{"embeddable":true,"href":"https:\/\/www.mixikirjastus.ee\/index.php\/wp-json\/wp\/v2\/comments?post=120"}],"wp:featuredmedia":[{"embeddable":true,"href":"https:\/\/www.mixikirjastus.ee\/index.php\/wp-json\/wp\/v2\/media\/121"}],"wp:attachment":[{"href":"https:\/\/www.mixikirjastus.ee\/index.php\/wp-json\/wp\/v2\/media?parent=120"}],"wp:term":[{"taxonomy":"product_brand","embeddable":true,"href":"https:\/\/www.mixikirjastus.ee\/index.php\/wp-json\/wp\/v2\/product_brand?post=120"},{"taxonomy":"product_cat","embeddable":true,"href":"https:\/\/www.mixikirjastus.ee\/index.php\/wp-json\/wp\/v2\/product_cat?post=120"},{"taxonomy":"product_tag","embeddable":true,"href":"https:\/\/www.mixikirjastus.ee\/index.php\/wp-json\/wp\/v2\/product_tag?post=120"}],"curies":[{"name":"wp","href":"https:\/\/api.w.org\/{rel}","templated":true}]}}