{"id":122,"date":"2016-11-21T17:50:05","date_gmt":"2016-11-21T17:50:05","guid":{"rendered":"http:\/\/mixikirjastus.ee\/?post_type=product&#038;p=122"},"modified":"2017-09-14T16:02:19","modified_gmt":"2017-09-14T16:02:19","slug":"koolidirektor","status":"publish","type":"product","link":"https:\/\/www.mixikirjastus.ee\/index.php\/toode\/koolidirektor\/","title":{"rendered":"Koolidirektor"},"content":{"rendered":"","protected":false},"excerpt":{"rendered":"<p><em>Sven-Allan Sagris<\/em><\/p>\n<p><span lang=\"RU\">Eli Pilve kirjutatud elulooraamat \u201cKoolidirektor Sven-Allan Sagris\u201d pajatab Rae valla teeneka haridus- ja kultuuritegelase Sven-Allan Sagrise elust. Sagris oli 10 aastat Kehra kooli \u00f5petaja, seej\u00e4rel juhtis 26 aastat Rae vallale kuuluvat Lagedi P\u00f5hikooli, hiljem aga korraldas koolide inspektorina kogu maakonna hariduselu.<\/span><\/p>\n","protected":false},"featured_media":123,"comment_status":"closed","ping_status":"closed","template":"","meta":{"iawp_total_views":2},"product_brand":[],"product_cat":[23],"product_tag":[],"class_list":{"0":"post-122","1":"product","2":"type-product","3":"status-publish","4":"has-post-thumbnail","6":"product_cat-raamatud","8":"first","9":"instock","10":"taxable","11":"shipping-taxable","12":"purchasable","13":"product-type-simple"},"_links":{"self":[{"href":"https:\/\/www.mixikirjastus.ee\/index.php\/wp-json\/wp\/v2\/product\/122","targetHints":{"allow":["GET"]}}],"collection":[{"href":"https:\/\/www.mixikirjastus.ee\/index.php\/wp-json\/wp\/v2\/product"}],"about":[{"href":"https:\/\/www.mixikirjastus.ee\/index.php\/wp-json\/wp\/v2\/types\/product"}],"replies":[{"embeddable":true,"href":"https:\/\/www.mixikirjastus.ee\/index.php\/wp-json\/wp\/v2\/comments?post=122"}],"wp:featuredmedia":[{"embeddable":true,"href":"https:\/\/www.mixikirjastus.ee\/index.php\/wp-json\/wp\/v2\/media\/123"}],"wp:attachment":[{"href":"https:\/\/www.mixikirjastus.ee\/index.php\/wp-json\/wp\/v2\/media?parent=122"}],"wp:term":[{"taxonomy":"product_brand","embeddable":true,"href":"https:\/\/www.mixikirjastus.ee\/index.php\/wp-json\/wp\/v2\/product_brand?post=122"},{"taxonomy":"product_cat","embeddable":true,"href":"https:\/\/www.mixikirjastus.ee\/index.php\/wp-json\/wp\/v2\/product_cat?post=122"},{"taxonomy":"product_tag","embeddable":true,"href":"https:\/\/www.mixikirjastus.ee\/index.php\/wp-json\/wp\/v2\/product_tag?post=122"}],"curies":[{"name":"wp","href":"https:\/\/api.w.org\/{rel}","templated":true}]}}