{"id":130,"date":"2016-11-21T17:56:23","date_gmt":"2016-11-21T17:56:23","guid":{"rendered":"http:\/\/mixikirjastus.ee\/?post_type=product&#038;p=130"},"modified":"2017-09-14T16:44:40","modified_gmt":"2017-09-14T16:44:40","slug":"juri-kool-eile-tana-homme","status":"publish","type":"product","link":"https:\/\/www.mixikirjastus.ee\/index.php\/toode\/juri-kool-eile-tana-homme\/","title":{"rendered":"J\u00fcri kool \u2013 eile-t\u00e4na-homme"},"content":{"rendered":"","protected":false},"excerpt":{"rendered":"<p>Mahukas kooli almanahh, kuhu lisaks laste omaloomingule on koondatud kooli ajalugu ja vilistlaste ning \u00f5petajate s\u00fcdamlikud meenutused kooliajast.<\/p>\n<p>Praegu Rae vallas asuv J\u00fcri G\u00fcmnaasium on \u00fcks Eesti pikema ajalooga haridusasutus, sest hariduse andmine sai selles Tallinna v\u00e4ravaks olevas vallas alguse juba 250 aastat tagasi.<\/p>\n<p>Raamat on koostatud J\u00fcri g\u00fcmnaasiumi ja Rae valla tellimusel.<\/p>\n","protected":false},"featured_media":131,"comment_status":"closed","ping_status":"closed","template":"","meta":{"iawp_total_views":9},"product_brand":[],"product_cat":[23],"product_tag":[],"class_list":{"0":"post-130","1":"product","2":"type-product","3":"status-publish","4":"has-post-thumbnail","6":"product_cat-raamatud","8":"first","9":"instock","10":"taxable","11":"shipping-taxable","12":"product-type-simple"},"_links":{"self":[{"href":"https:\/\/www.mixikirjastus.ee\/index.php\/wp-json\/wp\/v2\/product\/130","targetHints":{"allow":["GET"]}}],"collection":[{"href":"https:\/\/www.mixikirjastus.ee\/index.php\/wp-json\/wp\/v2\/product"}],"about":[{"href":"https:\/\/www.mixikirjastus.ee\/index.php\/wp-json\/wp\/v2\/types\/product"}],"replies":[{"embeddable":true,"href":"https:\/\/www.mixikirjastus.ee\/index.php\/wp-json\/wp\/v2\/comments?post=130"}],"wp:featuredmedia":[{"embeddable":true,"href":"https:\/\/www.mixikirjastus.ee\/index.php\/wp-json\/wp\/v2\/media\/131"}],"wp:attachment":[{"href":"https:\/\/www.mixikirjastus.ee\/index.php\/wp-json\/wp\/v2\/media?parent=130"}],"wp:term":[{"taxonomy":"product_brand","embeddable":true,"href":"https:\/\/www.mixikirjastus.ee\/index.php\/wp-json\/wp\/v2\/product_brand?post=130"},{"taxonomy":"product_cat","embeddable":true,"href":"https:\/\/www.mixikirjastus.ee\/index.php\/wp-json\/wp\/v2\/product_cat?post=130"},{"taxonomy":"product_tag","embeddable":true,"href":"https:\/\/www.mixikirjastus.ee\/index.php\/wp-json\/wp\/v2\/product_tag?post=130"}],"curies":[{"name":"wp","href":"https:\/\/api.w.org\/{rel}","templated":true}]}}