{"id":132,"date":"2016-11-21T17:57:42","date_gmt":"2016-11-21T17:57:42","guid":{"rendered":"http:\/\/mixikirjastus.ee\/?post_type=product&#038;p=132"},"modified":"2023-01-08T13:29:22","modified_gmt":"2023-01-08T13:29:22","slug":"elamani-tarina","status":"publish","type":"product","link":"https:\/\/www.mixikirjastus.ee\/index.php\/toode\/elamani-tarina\/","title":{"rendered":"El\u00e4m\u00e4ni tarina"},"content":{"rendered":"","protected":false},"excerpt":{"rendered":"<p><em><span lang=\"FI\">Vilho Olavi Kohvakka\/Olavi Kivikoski<\/span><\/em><\/p>\n<p>N\u00fc\u00fcdseks manalateele lahkunud Talves\u00f5jas v\u00f5idelnud ja eestlastega sooje suhteid hoidnud mehe kirev elulugu. Soomlased teadsid teda ka kui populaarset muusikut, kes esines muuhulgas Cannoni\u00a0nime all.<\/p>\n","protected":false},"featured_media":133,"comment_status":"closed","ping_status":"closed","template":"","meta":{"iawp_total_views":1},"product_brand":[],"product_cat":[23],"product_tag":[],"class_list":{"0":"post-132","1":"product","2":"type-product","3":"status-publish","4":"has-post-thumbnail","6":"product_cat-raamatud","8":"first","9":"instock","10":"taxable","11":"shipping-taxable","12":"product-type-simple"},"_links":{"self":[{"href":"https:\/\/www.mixikirjastus.ee\/index.php\/wp-json\/wp\/v2\/product\/132","targetHints":{"allow":["GET"]}}],"collection":[{"href":"https:\/\/www.mixikirjastus.ee\/index.php\/wp-json\/wp\/v2\/product"}],"about":[{"href":"https:\/\/www.mixikirjastus.ee\/index.php\/wp-json\/wp\/v2\/types\/product"}],"replies":[{"embeddable":true,"href":"https:\/\/www.mixikirjastus.ee\/index.php\/wp-json\/wp\/v2\/comments?post=132"}],"wp:featuredmedia":[{"embeddable":true,"href":"https:\/\/www.mixikirjastus.ee\/index.php\/wp-json\/wp\/v2\/media\/133"}],"wp:attachment":[{"href":"https:\/\/www.mixikirjastus.ee\/index.php\/wp-json\/wp\/v2\/media?parent=132"}],"wp:term":[{"taxonomy":"product_brand","embeddable":true,"href":"https:\/\/www.mixikirjastus.ee\/index.php\/wp-json\/wp\/v2\/product_brand?post=132"},{"taxonomy":"product_cat","embeddable":true,"href":"https:\/\/www.mixikirjastus.ee\/index.php\/wp-json\/wp\/v2\/product_cat?post=132"},{"taxonomy":"product_tag","embeddable":true,"href":"https:\/\/www.mixikirjastus.ee\/index.php\/wp-json\/wp\/v2\/product_tag?post=132"}],"curies":[{"name":"wp","href":"https:\/\/api.w.org\/{rel}","templated":true}]}}