{"id":137,"date":"2016-11-21T18:00:26","date_gmt":"2016-11-21T18:00:26","guid":{"rendered":"http:\/\/mixikirjastus.ee\/?post_type=product&#038;p=137"},"modified":"2023-01-08T13:14:55","modified_gmt":"2023-01-08T13:14:55","slug":"rae-valla-muistsed-malestised","status":"publish","type":"product","link":"https:\/\/www.mixikirjastus.ee\/index.php\/toode\/rae-valla-muistsed-malestised\/","title":{"rendered":"Rae valla muistsed m\u00e4lestised"},"content":{"rendered":"","protected":false},"excerpt":{"rendered":"<p>Mahukas kogumik \u201eRae valla muistsed m\u00e4lestised\u201c tutvustab valla kultuurim\u00e4lestisi, mis on kirjas k\u00fclade ja alevike kaupa. Rae valla piires on avastatud ka \u00fcle saja kultusekivi, millest antakse samuti p\u00f5hjalik \u00fclevaade. Raamatu koostas kohalik kultuurihuviline, vallas endise majandijuhina tuntud Peeter B\u00f6kcler.<\/p>\n","protected":false},"featured_media":430,"comment_status":"closed","ping_status":"closed","template":"","meta":{"iawp_total_views":5},"product_brand":[],"product_cat":[23],"product_tag":[],"class_list":{"0":"post-137","1":"product","2":"type-product","3":"status-publish","4":"has-post-thumbnail","6":"product_cat-raamatud","8":"first","9":"instock","10":"taxable","11":"shipping-taxable","12":"product-type-simple"},"_links":{"self":[{"href":"https:\/\/www.mixikirjastus.ee\/index.php\/wp-json\/wp\/v2\/product\/137","targetHints":{"allow":["GET"]}}],"collection":[{"href":"https:\/\/www.mixikirjastus.ee\/index.php\/wp-json\/wp\/v2\/product"}],"about":[{"href":"https:\/\/www.mixikirjastus.ee\/index.php\/wp-json\/wp\/v2\/types\/product"}],"replies":[{"embeddable":true,"href":"https:\/\/www.mixikirjastus.ee\/index.php\/wp-json\/wp\/v2\/comments?post=137"}],"wp:featuredmedia":[{"embeddable":true,"href":"https:\/\/www.mixikirjastus.ee\/index.php\/wp-json\/wp\/v2\/media\/430"}],"wp:attachment":[{"href":"https:\/\/www.mixikirjastus.ee\/index.php\/wp-json\/wp\/v2\/media?parent=137"}],"wp:term":[{"taxonomy":"product_brand","embeddable":true,"href":"https:\/\/www.mixikirjastus.ee\/index.php\/wp-json\/wp\/v2\/product_brand?post=137"},{"taxonomy":"product_cat","embeddable":true,"href":"https:\/\/www.mixikirjastus.ee\/index.php\/wp-json\/wp\/v2\/product_cat?post=137"},{"taxonomy":"product_tag","embeddable":true,"href":"https:\/\/www.mixikirjastus.ee\/index.php\/wp-json\/wp\/v2\/product_tag?post=137"}],"curies":[{"name":"wp","href":"https:\/\/api.w.org\/{rel}","templated":true}]}}