{"id":158,"date":"2016-11-27T19:45:34","date_gmt":"2016-11-27T19:45:34","guid":{"rendered":"http:\/\/mixikirjastus.ee\/?post_type=product&#038;p=158"},"modified":"2021-09-15T13:18:41","modified_gmt":"2021-09-15T13:18:41","slug":"doominomang","status":"publish","type":"product","link":"https:\/\/www.mixikirjastus.ee\/index.php\/toode\/doominomang\/","title":{"rendered":"Doominom\u00e4ng"},"content":{"rendered":"","protected":false},"excerpt":{"rendered":"<p>Doominom\u00e4ng on m\u00f5eldud lastele alates 3. eluaastast. Aga keelatud pole see ka vanematele, nii et l\u00f5bus ajaviide kogu perele. M\u00e4ngu v\u00f5idab see, kes piltide kokkuseadmises on k\u00f5ige osavam ja keda ka \u00f5nn soosib.<\/p>\n","protected":false},"featured_media":159,"comment_status":"closed","ping_status":"closed","template":"","meta":{"iawp_total_views":26},"product_brand":[],"product_cat":[32,18],"product_tag":[],"class_list":{"0":"post-158","1":"product","2":"type-product","3":"status-publish","4":"has-post-thumbnail","6":"product_cat-mangud","7":"product_cat-mangud-ja-oppematerjalid","9":"first","10":"instock","11":"taxable","12":"shipping-taxable","13":"product-type-simple"},"_links":{"self":[{"href":"https:\/\/www.mixikirjastus.ee\/index.php\/wp-json\/wp\/v2\/product\/158","targetHints":{"allow":["GET"]}}],"collection":[{"href":"https:\/\/www.mixikirjastus.ee\/index.php\/wp-json\/wp\/v2\/product"}],"about":[{"href":"https:\/\/www.mixikirjastus.ee\/index.php\/wp-json\/wp\/v2\/types\/product"}],"replies":[{"embeddable":true,"href":"https:\/\/www.mixikirjastus.ee\/index.php\/wp-json\/wp\/v2\/comments?post=158"}],"wp:featuredmedia":[{"embeddable":true,"href":"https:\/\/www.mixikirjastus.ee\/index.php\/wp-json\/wp\/v2\/media\/159"}],"wp:attachment":[{"href":"https:\/\/www.mixikirjastus.ee\/index.php\/wp-json\/wp\/v2\/media?parent=158"}],"wp:term":[{"taxonomy":"product_brand","embeddable":true,"href":"https:\/\/www.mixikirjastus.ee\/index.php\/wp-json\/wp\/v2\/product_brand?post=158"},{"taxonomy":"product_cat","embeddable":true,"href":"https:\/\/www.mixikirjastus.ee\/index.php\/wp-json\/wp\/v2\/product_cat?post=158"},{"taxonomy":"product_tag","embeddable":true,"href":"https:\/\/www.mixikirjastus.ee\/index.php\/wp-json\/wp\/v2\/product_tag?post=158"}],"curies":[{"name":"wp","href":"https:\/\/api.w.org\/{rel}","templated":true}]}}