{"id":16,"date":"2016-11-20T19:00:51","date_gmt":"2016-11-20T19:00:51","guid":{"rendered":"http:\/\/mixikirjastus.ee\/?post_type=product&#038;p=16"},"modified":"2021-04-22T12:05:21","modified_gmt":"2021-04-22T12:05:21","slug":"lemmikloomad","status":"publish","type":"product","link":"https:\/\/www.mixikirjastus.ee\/index.php\/toode\/lemmikloomad\/","title":{"rendered":"Lemmikloomad"},"content":{"rendered":"<p>&nbsp;<\/p>\n<p>&nbsp;<\/p>\n<p>&nbsp;<\/p>\n","protected":false},"excerpt":{"rendered":"<p><span style=\"font-family: 'times new roman', times, serif; font-size: 110%;\"><em>Agnes J\u00fcrgens, Inge Kenn<\/em><\/span><\/p>\n<p><span style=\"font-family: 'times new roman', times, serif; font-size: 110%;\">See kuuest pildist koosnev pildikomplekt kujutab <b>koera, kassi, hamstrit, papagoid, kalu<\/b> ja <b>k\u00fc\u00fclikut<\/b>. Pildid on paksudel pappalustel, mida on h\u00f5lbus ka \u00fchekaupa lastele n\u00e4idata ja k\u00e4tte anda. Piltide j\u00e4rgi on lastel lihtne ise jutustada, kuid iga pildi juurde on kirjutatud ka lihtsalt m\u00f5istetav tekst.<\/span><\/p>\n","protected":false},"featured_media":8439,"comment_status":"open","ping_status":"closed","template":"","meta":{"iawp_total_views":96},"product_brand":[],"product_cat":[18,33],"product_tag":[],"class_list":{"0":"post-16","1":"product","2":"type-product","3":"status-publish","4":"has-post-thumbnail","6":"product_cat-mangud-ja-oppematerjalid","7":"product_cat-oppematerjalid","9":"first","10":"instock","11":"taxable","12":"shipping-taxable","13":"purchasable","14":"product-type-simple"},"_links":{"self":[{"href":"https:\/\/www.mixikirjastus.ee\/index.php\/wp-json\/wp\/v2\/product\/16","targetHints":{"allow":["GET"]}}],"collection":[{"href":"https:\/\/www.mixikirjastus.ee\/index.php\/wp-json\/wp\/v2\/product"}],"about":[{"href":"https:\/\/www.mixikirjastus.ee\/index.php\/wp-json\/wp\/v2\/types\/product"}],"replies":[{"embeddable":true,"href":"https:\/\/www.mixikirjastus.ee\/index.php\/wp-json\/wp\/v2\/comments?post=16"}],"wp:featuredmedia":[{"embeddable":true,"href":"https:\/\/www.mixikirjastus.ee\/index.php\/wp-json\/wp\/v2\/media\/8439"}],"wp:attachment":[{"href":"https:\/\/www.mixikirjastus.ee\/index.php\/wp-json\/wp\/v2\/media?parent=16"}],"wp:term":[{"taxonomy":"product_brand","embeddable":true,"href":"https:\/\/www.mixikirjastus.ee\/index.php\/wp-json\/wp\/v2\/product_brand?post=16"},{"taxonomy":"product_cat","embeddable":true,"href":"https:\/\/www.mixikirjastus.ee\/index.php\/wp-json\/wp\/v2\/product_cat?post=16"},{"taxonomy":"product_tag","embeddable":true,"href":"https:\/\/www.mixikirjastus.ee\/index.php\/wp-json\/wp\/v2\/product_tag?post=16"}],"curies":[{"name":"wp","href":"https:\/\/api.w.org\/{rel}","templated":true}]}}