{"id":160,"date":"2016-11-27T19:49:04","date_gmt":"2016-11-27T19:49:04","guid":{"rendered":"http:\/\/mixikirjastus.ee\/?post_type=product&#038;p=160"},"modified":"2025-06-12T07:13:03","modified_gmt":"2025-06-12T07:13:03","slug":"aastaajad","status":"publish","type":"product","link":"https:\/\/www.mixikirjastus.ee\/index.php\/toode\/aastaajad\/","title":{"rendered":"Aastaajad"},"content":{"rendered":"","protected":false},"excerpt":{"rendered":"<p><em>Agnes J\u00fcrgens<\/em><\/p>\n<p><em>Karin Geimonen<\/em><\/p>\n<p>\u201cAastaajad\u201d on <strong>neljast<\/strong> pildikomplektist (kokku 16 pilti) koosnev kogu, mis sobib suurep\u00e4raselt nii lasteaia- kui ka koolilastele, nii lugemiseks-jutustamiseks kui ka metoodiliseks materjaliks.<\/p>\n<p>Kunstnik on joonistanud iga aastaaja kohta neli pilti, mis on tr\u00fckitud paksule papile. Piltide keskel on osuti, mida saab s\u00e4ttida just sellise pildi peale, mis k\u00f5ige t\u00e4psemalt iseloomustab hetkeilma.<\/p>\n<p><span style=\"font-weight: 400;\">\u00a0Piltide tagak\u00fcljel on aga aastaaegade kohta lihtsad jutukesed. Kirjas on ka olulisemad t\u00e4htp\u00e4evad.<\/span><\/p>\n<p>&nbsp;<\/p>\n","protected":false},"featured_media":468,"comment_status":"closed","ping_status":"closed","template":"","meta":{"iawp_total_views":76},"product_brand":[],"product_cat":[18,33],"product_tag":[],"class_list":{"0":"post-160","1":"product","2":"type-product","3":"status-publish","4":"has-post-thumbnail","6":"product_cat-mangud-ja-oppematerjalid","7":"product_cat-oppematerjalid","9":"first","10":"instock","11":"taxable","12":"shipping-taxable","13":"purchasable","14":"product-type-simple"},"_links":{"self":[{"href":"https:\/\/www.mixikirjastus.ee\/index.php\/wp-json\/wp\/v2\/product\/160","targetHints":{"allow":["GET"]}}],"collection":[{"href":"https:\/\/www.mixikirjastus.ee\/index.php\/wp-json\/wp\/v2\/product"}],"about":[{"href":"https:\/\/www.mixikirjastus.ee\/index.php\/wp-json\/wp\/v2\/types\/product"}],"replies":[{"embeddable":true,"href":"https:\/\/www.mixikirjastus.ee\/index.php\/wp-json\/wp\/v2\/comments?post=160"}],"wp:featuredmedia":[{"embeddable":true,"href":"https:\/\/www.mixikirjastus.ee\/index.php\/wp-json\/wp\/v2\/media\/468"}],"wp:attachment":[{"href":"https:\/\/www.mixikirjastus.ee\/index.php\/wp-json\/wp\/v2\/media?parent=160"}],"wp:term":[{"taxonomy":"product_brand","embeddable":true,"href":"https:\/\/www.mixikirjastus.ee\/index.php\/wp-json\/wp\/v2\/product_brand?post=160"},{"taxonomy":"product_cat","embeddable":true,"href":"https:\/\/www.mixikirjastus.ee\/index.php\/wp-json\/wp\/v2\/product_cat?post=160"},{"taxonomy":"product_tag","embeddable":true,"href":"https:\/\/www.mixikirjastus.ee\/index.php\/wp-json\/wp\/v2\/product_tag?post=160"}],"curies":[{"name":"wp","href":"https:\/\/api.w.org\/{rel}","templated":true}]}}