{"id":169,"date":"2016-11-27T19:51:56","date_gmt":"2016-11-27T19:51:56","guid":{"rendered":"http:\/\/mixikirjastus.ee\/?post_type=product&#038;p=169"},"modified":"2021-03-26T13:33:41","modified_gmt":"2021-03-26T13:33:41","slug":"kingad-jalga-paelad-kinni","status":"publish","type":"product","link":"https:\/\/www.mixikirjastus.ee\/index.php\/toode\/kingad-jalga-paelad-kinni\/","title":{"rendered":"Kingad jalga, paelad kinni"},"content":{"rendered":"","protected":false},"excerpt":{"rendered":"<p><em>Agnes J\u00fcrgens<\/em><\/p>\n<p><em>Karin Geimonen<\/em><\/p>\n<p>Kui kingapaelad kipuvad lapsega jonnima, siis ei tohi alla anda, vaid tuleb paelte sidumine selgeks \u00f5ppida. \u201eKingad jalga, paelad kinni\u201c on selleks just paslik raamat. Raamatu l\u00f5pus on ka tugevast papist king koos kingapaeltega \u2013 see on samuti suureks abiks, sest nii saab paelte s\u00f5lme sidumist kas \u00fcksi v\u00f5i kellegagi koos harjutada.\u201eKingad jalga&#8230;\u201c sobib lugemiseks ja kasutamiseks k\u00f5ikidele neile, kes veel omal j\u00f5ul ei saa kingi kindlalt jalga.<\/p>\n<p>Raamat on m\u00fc\u00fcgil ka v\u00e4ikeses formaadis.<\/p>\n<p>Lisaks on m\u00fc\u00fcgil ka eraldi harjutamisking.<\/p>\n","protected":false},"featured_media":8708,"comment_status":"closed","ping_status":"closed","template":"","meta":{"iawp_total_views":46},"product_brand":[],"product_cat":[32,18,33],"product_tag":[],"class_list":{"0":"post-169","1":"product","2":"type-product","3":"status-publish","4":"has-post-thumbnail","6":"product_cat-mangud","7":"product_cat-mangud-ja-oppematerjalid","8":"product_cat-oppematerjalid","10":"first","11":"instock","12":"taxable","13":"shipping-taxable","14":"purchasable","15":"product-type-simple"},"_links":{"self":[{"href":"https:\/\/www.mixikirjastus.ee\/index.php\/wp-json\/wp\/v2\/product\/169","targetHints":{"allow":["GET"]}}],"collection":[{"href":"https:\/\/www.mixikirjastus.ee\/index.php\/wp-json\/wp\/v2\/product"}],"about":[{"href":"https:\/\/www.mixikirjastus.ee\/index.php\/wp-json\/wp\/v2\/types\/product"}],"replies":[{"embeddable":true,"href":"https:\/\/www.mixikirjastus.ee\/index.php\/wp-json\/wp\/v2\/comments?post=169"}],"wp:featuredmedia":[{"embeddable":true,"href":"https:\/\/www.mixikirjastus.ee\/index.php\/wp-json\/wp\/v2\/media\/8708"}],"wp:attachment":[{"href":"https:\/\/www.mixikirjastus.ee\/index.php\/wp-json\/wp\/v2\/media?parent=169"}],"wp:term":[{"taxonomy":"product_brand","embeddable":true,"href":"https:\/\/www.mixikirjastus.ee\/index.php\/wp-json\/wp\/v2\/product_brand?post=169"},{"taxonomy":"product_cat","embeddable":true,"href":"https:\/\/www.mixikirjastus.ee\/index.php\/wp-json\/wp\/v2\/product_cat?post=169"},{"taxonomy":"product_tag","embeddable":true,"href":"https:\/\/www.mixikirjastus.ee\/index.php\/wp-json\/wp\/v2\/product_tag?post=169"}],"curies":[{"name":"wp","href":"https:\/\/api.w.org\/{rel}","templated":true}]}}