{"id":177,"date":"2016-11-27T20:05:31","date_gmt":"2016-11-27T20:05:31","guid":{"rendered":"http:\/\/mixikirjastus.ee\/?post_type=product&#038;p=177"},"modified":"2021-11-01T07:47:05","modified_gmt":"2021-11-01T07:47:05","slug":"motle-ja-moista","status":"publish","type":"product","link":"https:\/\/www.mixikirjastus.ee\/index.php\/toode\/motle-ja-moista\/","title":{"rendered":"M\u00f5tle ja m\u00f5ista"},"content":{"rendered":"","protected":false},"excerpt":{"rendered":"<p><em>Liina Raudsik<\/em><\/p>\n<p><em>Karin Geimonen<\/em><\/p>\n<p>Kes teab palju m\u00f5istatusi v\u00f5i oskab neid kiiresti \u00e4ra m\u00f5istatada, saab teiste tunnustuse osaliseks. Eriti armastavad s\u00f5nam\u00e4nge ja \u00e4raarvamist lapsed. M\u00f5istatused aitavad neil maailma avastada, \u00f5petavad vaatlema, v\u00f5rdlema, meelde j\u00e4tma, arendavad k\u00f5net ja kujutlusv\u00f5imet. \u201eM\u00f5tle ja m\u00f5ista\u201c koondab inimese ja loodusega seotud l\u00f5busaid nuputamis\u00fclesandeid.<\/p>\n<p>Kui Ostukorvi summa\u00a0 \u00fcletab <strong>10 \u20ac<\/strong> on raamatu hind <strong>1.95 \u20ac<\/strong><\/p>\n","protected":false},"featured_media":485,"comment_status":"closed","ping_status":"closed","template":"","meta":{"iawp_total_views":116},"product_brand":[],"product_cat":[31,18,33],"product_tag":[],"class_list":{"0":"post-177","1":"product","2":"type-product","3":"status-publish","4":"has-post-thumbnail","6":"product_cat-lasteraamatud","7":"product_cat-mangud-ja-oppematerjalid","8":"product_cat-oppematerjalid","10":"first","11":"instock","12":"taxable","13":"shipping-taxable","14":"purchasable","15":"product-type-simple"},"_links":{"self":[{"href":"https:\/\/www.mixikirjastus.ee\/index.php\/wp-json\/wp\/v2\/product\/177","targetHints":{"allow":["GET"]}}],"collection":[{"href":"https:\/\/www.mixikirjastus.ee\/index.php\/wp-json\/wp\/v2\/product"}],"about":[{"href":"https:\/\/www.mixikirjastus.ee\/index.php\/wp-json\/wp\/v2\/types\/product"}],"replies":[{"embeddable":true,"href":"https:\/\/www.mixikirjastus.ee\/index.php\/wp-json\/wp\/v2\/comments?post=177"}],"wp:featuredmedia":[{"embeddable":true,"href":"https:\/\/www.mixikirjastus.ee\/index.php\/wp-json\/wp\/v2\/media\/485"}],"wp:attachment":[{"href":"https:\/\/www.mixikirjastus.ee\/index.php\/wp-json\/wp\/v2\/media?parent=177"}],"wp:term":[{"taxonomy":"product_brand","embeddable":true,"href":"https:\/\/www.mixikirjastus.ee\/index.php\/wp-json\/wp\/v2\/product_brand?post=177"},{"taxonomy":"product_cat","embeddable":true,"href":"https:\/\/www.mixikirjastus.ee\/index.php\/wp-json\/wp\/v2\/product_cat?post=177"},{"taxonomy":"product_tag","embeddable":true,"href":"https:\/\/www.mixikirjastus.ee\/index.php\/wp-json\/wp\/v2\/product_tag?post=177"}],"curies":[{"name":"wp","href":"https:\/\/api.w.org\/{rel}","templated":true}]}}