{"id":182,"date":"2016-11-27T20:19:17","date_gmt":"2016-11-27T20:19:17","guid":{"rendered":"http:\/\/mixikirjastus.ee\/?post_type=product&#038;p=182"},"modified":"2025-06-12T08:42:49","modified_gmt":"2025-06-12T08:42:49","slug":"siiri-ja-siim-kutsuvad-kulla","status":"publish","type":"product","link":"https:\/\/www.mixikirjastus.ee\/index.php\/toode\/siiri-ja-siim-kutsuvad-kulla\/","title":{"rendered":"Siiri ja Siim kutsuvad k\u00fclla"},"content":{"rendered":"","protected":false},"excerpt":{"rendered":"<p><span style=\"font-family: 'times new roman', times, serif; font-size: 120%;\">See on <strong>26 pildist<\/strong> koosnev komplekt, kus t\u00fcdruku ja poisi tegevusi j\u00e4lgides ja kaasa jutustades saavad ka k\u00f5ige pisemad selgeks lugemise, kirjutamise ja jutustamise.<\/span><\/p>\n<p><span style=\"font-family: 'times new roman', times, serif; font-size: 120%;\">Pildid on joonistatud paksudele pappalustele, mida on h\u00f5lbus \u00fchekaupa lastele n\u00e4idata ja k\u00e4tte anda.<\/span><\/p>\n<p><span style=\"font-family: 'times new roman', times, serif; font-size: 120%;\">Iga pildi taga on lihtne tekst, mida on lapsel hea j\u00e4rgi korrata ja millele juttu juurde m\u00f5elda.<br \/>\n<\/span><br \/>\n<span style=\"font-family: 'times new roman', times, serif; font-size: 120%;\">Lihtsamatele eestikeelsetele s\u00f5nadele on antud ka inglise keelsed vasted.<\/span><\/p>\n","protected":false},"featured_media":8451,"comment_status":"closed","ping_status":"closed","template":"","meta":{"iawp_total_views":114},"product_brand":[],"product_cat":[18,33],"product_tag":[],"class_list":{"0":"post-182","1":"product","2":"type-product","3":"status-publish","4":"has-post-thumbnail","6":"product_cat-mangud-ja-oppematerjalid","7":"product_cat-oppematerjalid","9":"first","10":"instock","11":"taxable","12":"shipping-taxable","13":"purchasable","14":"product-type-simple"},"_links":{"self":[{"href":"https:\/\/www.mixikirjastus.ee\/index.php\/wp-json\/wp\/v2\/product\/182","targetHints":{"allow":["GET"]}}],"collection":[{"href":"https:\/\/www.mixikirjastus.ee\/index.php\/wp-json\/wp\/v2\/product"}],"about":[{"href":"https:\/\/www.mixikirjastus.ee\/index.php\/wp-json\/wp\/v2\/types\/product"}],"replies":[{"embeddable":true,"href":"https:\/\/www.mixikirjastus.ee\/index.php\/wp-json\/wp\/v2\/comments?post=182"}],"wp:featuredmedia":[{"embeddable":true,"href":"https:\/\/www.mixikirjastus.ee\/index.php\/wp-json\/wp\/v2\/media\/8451"}],"wp:attachment":[{"href":"https:\/\/www.mixikirjastus.ee\/index.php\/wp-json\/wp\/v2\/media?parent=182"}],"wp:term":[{"taxonomy":"product_brand","embeddable":true,"href":"https:\/\/www.mixikirjastus.ee\/index.php\/wp-json\/wp\/v2\/product_brand?post=182"},{"taxonomy":"product_cat","embeddable":true,"href":"https:\/\/www.mixikirjastus.ee\/index.php\/wp-json\/wp\/v2\/product_cat?post=182"},{"taxonomy":"product_tag","embeddable":true,"href":"https:\/\/www.mixikirjastus.ee\/index.php\/wp-json\/wp\/v2\/product_tag?post=182"}],"curies":[{"name":"wp","href":"https:\/\/api.w.org\/{rel}","templated":true}]}}