{"id":293,"date":"2017-08-21T19:54:59","date_gmt":"2017-08-21T19:54:59","guid":{"rendered":"http:\/\/mixikirjastus.ee\/?post_type=product&#038;p=293"},"modified":"2023-08-17T10:39:41","modified_gmt":"2023-08-17T10:39:41","slug":"tahan-saada-koolilapseks","status":"publish","type":"product","link":"https:\/\/www.mixikirjastus.ee\/index.php\/toode\/tahan-saada-koolilapseks\/","title":{"rendered":"Tahan saada koolilapseks"},"content":{"rendered":"","protected":false},"excerpt":{"rendered":"<div><span style=\"font-family: 'times new roman', times, serif; color: #282828; font-size: 110%;\"><em>&#8220;Tahan saada koolilapseks! T\u00f6\u00f6raamat eelklassile&#8221;\u00a0<\/em>on m\u00f5eldud lapsele, kes peagi alustab oma kooliteed. T\u00f6\u00f6raamatu teemad l\u00e4htuvad alushariduse riiklikust \u00f5ppekavast. Valiku aluseks on eelk\u00f5ige valdkonnad: mina ja keskkond, keel ja k\u00f5ne, minu kodu, aastaajad, liiklus jne.<\/span><\/div>\n<div>\n<p><span style=\"font-family: 'times new roman', times, serif; font-size: 110%; color: #282828;\">T\u00f6\u00f6raamatu \u00fclesanded suunavad last lugema, kuulama, r\u00e4\u00e4kima, kirjutama, arvutama, tajuma matemaatiliste m\u00f5istete sisu. Mahult on t\u00f6\u00f6raamat 100 lehek\u00fcljeline ja suurus on A4.<\/span><\/p>\n<p><span style=\"font-family: 'times new roman', times, serif; font-size: 110%; color: #282828;\">Autorid on Mirje Hagur, Anne Kloren ja Liidi Mehide.<\/span><\/p>\n<\/div>\n","protected":false},"featured_media":294,"comment_status":"closed","ping_status":"closed","template":"","meta":{"iawp_total_views":875},"product_brand":[],"product_cat":[18,33],"product_tag":[],"class_list":{"0":"post-293","1":"product","2":"type-product","3":"status-publish","4":"has-post-thumbnail","6":"product_cat-mangud-ja-oppematerjalid","7":"product_cat-oppematerjalid","9":"first","10":"instock","11":"taxable","12":"shipping-taxable","13":"purchasable","14":"product-type-simple"},"_links":{"self":[{"href":"https:\/\/www.mixikirjastus.ee\/index.php\/wp-json\/wp\/v2\/product\/293","targetHints":{"allow":["GET"]}}],"collection":[{"href":"https:\/\/www.mixikirjastus.ee\/index.php\/wp-json\/wp\/v2\/product"}],"about":[{"href":"https:\/\/www.mixikirjastus.ee\/index.php\/wp-json\/wp\/v2\/types\/product"}],"replies":[{"embeddable":true,"href":"https:\/\/www.mixikirjastus.ee\/index.php\/wp-json\/wp\/v2\/comments?post=293"}],"wp:featuredmedia":[{"embeddable":true,"href":"https:\/\/www.mixikirjastus.ee\/index.php\/wp-json\/wp\/v2\/media\/294"}],"wp:attachment":[{"href":"https:\/\/www.mixikirjastus.ee\/index.php\/wp-json\/wp\/v2\/media?parent=293"}],"wp:term":[{"taxonomy":"product_brand","embeddable":true,"href":"https:\/\/www.mixikirjastus.ee\/index.php\/wp-json\/wp\/v2\/product_brand?post=293"},{"taxonomy":"product_cat","embeddable":true,"href":"https:\/\/www.mixikirjastus.ee\/index.php\/wp-json\/wp\/v2\/product_cat?post=293"},{"taxonomy":"product_tag","embeddable":true,"href":"https:\/\/www.mixikirjastus.ee\/index.php\/wp-json\/wp\/v2\/product_tag?post=293"}],"curies":[{"name":"wp","href":"https:\/\/api.w.org\/{rel}","templated":true}]}}