{"id":3689,"date":"2019-09-26T10:40:26","date_gmt":"2019-09-26T10:40:26","guid":{"rendered":"https:\/\/www.mixikirjastus.ee\/?post_type=product&#038;p=3689"},"modified":"2025-05-18T10:11:41","modified_gmt":"2025-05-18T10:11:41","slug":"kirjatehnika","status":"publish","type":"product","link":"https:\/\/www.mixikirjastus.ee\/index.php\/toode\/kirjatehnika\/","title":{"rendered":"Kirjatehnika"},"content":{"rendered":"","protected":false},"excerpt":{"rendered":"<p><span style=\"font-family: 'times new roman', times, serif; font-size: 100%;\">Kirjatehnika I osa (v\u00e4iket\u00e4hed)<\/span><\/p>\n<p><span style=\"font-family: 'times new roman', times, serif; font-size: 100%;\">Mixi Kirjastusel on v\u00e4rskelt valminud \u201eKirjatehnika\u201c vihiku I osa, mille on koostanud\u00a0<\/span><span style=\"font-family: 'times new roman', times, serif; font-size: 100%;\">teenekas pedagoog ja paljude \u00f5pikute ning t\u00f6\u00f6vihikute autor, J\u00fcri G\u00fcmnaasiumi\u00a0<\/span><span style=\"font-family: 'times new roman', times, serif; font-size: 100%;\">\u00f5ppedirektor Anne Kloren koos illustraator Kriste Kaldiga.<\/span><\/p>\n<p><span style=\"font-family: 'times new roman', times, serif; font-size: 100%;\">Vihikus on t\u00e4hed tutvumiseks toodud nii sidus- kui ka lahuskirjas ja lapsed saavad neid \u00fcle\u00a0<\/span><span style=\"font-family: 'times new roman', times, serif; font-size: 100%;\">kirjutada, v\u00e4rvida, paigutada s\u00f5nadesse ja piltidesse, lahendada nende abil m\u00f5istatusi.\u00a0<\/span><span style=\"font-family: 'times new roman', times, serif; font-size: 100%;\">Igale t\u00e4hele on p\u00fchendatud mitu lehek\u00fclge ja vihiku l\u00f5pus on lehek\u00fclgede kaupa ruumi ka <\/span><span style=\"font-family: 'times new roman', times, serif; font-size: 100%;\">harjutamiseks ning kirjavahem\u00e4rkide omandamiseks.<\/span><\/p>\n<p><span style=\"font-family: 'times new roman', times, serif; font-size: 100%;\">Vihik paelub noori \u00f5ppureid m\u00e4ngulisusega, siin saab v\u00e4rvida puslet ja lahendada numbrite\u00a0<\/span><span style=\"font-family: 'times new roman', times, serif; font-size: 100%;\">\u00fchendamise \u00fclesandeid, mis omakorda aitavad t\u00e4he kirjutamise selgemaks saada. Omaette\u00a0<\/span><span style=\"font-family: 'times new roman', times, serif; font-size: 100%;\">p\u00f5nevust, aga ka pingutamist pakub m\u00f5istatuste lahendamine. M\u00f5istatuste\u00a0 \u00fclesandes on kaks\u00a0<\/span><span style=\"font-family: 'times new roman', times, serif; font-size: 100%;\">m\u00f5istatust, kus tuleb kirjutada puuduvad t\u00e4hed. Igas \u00fclesandes on kolm pilti, v\u00e4rvida tuleb\u00a0<\/span><span style=\"font-family: 'times new roman', times, serif; font-size: 100%;\">vastusteks sobivad pildid.<\/span><\/p>\n<p><span style=\"font-family: 'times new roman', times, serif; font-size: 100%;\">Iga t\u00e4he \u00f5ppimise l\u00f5pus saab laps ise oma oskusi hinnata ja otsustada, kas ta sai t\u00e4he kirjutamise\u00a0<\/span><span style=\"font-family: 'times new roman', times, serif; font-size: 100%;\">t\u00e4iesti selgeks v\u00f5i vajab see veel lihvimist.<\/span><\/p>\n<p><span style=\"font-family: 'times new roman', times, serif; font-size: 100%;\">\u00d5petajatele on selline t\u00f6\u00f6vihik tundide l\u00e4biviimisel v\u00e4ga heaks abiliseks, seda enam, et selle\u00a0<\/span><span style=\"font-family: 'times new roman', times, serif; font-size: 100%;\">koostaja tugineb pikaaegsele koolipraktikale. Hiljuti ilmus tema eestvedamisel ka aabits koos\u00a0<\/span><span style=\"font-family: 'times new roman', times, serif; font-size: 100%;\">t\u00f6\u00f6vihikuga, mis lisaks sellele, et \u00f5petab nii t\u00e4hti tundma kui ka lugema, suunab loetud tekste\u00a0<\/span><span style=\"font-family: 'times new roman', times, serif; font-size: 100%;\">m\u00f5testama ning avardab laste arusaamist \u00fcmbritsevast elust.<\/span><\/p>\n<p><strong><span style=\"font-family: 'times new roman', times, serif; font-size: 100%;\">\u201cKirjatehnika\u201d vihiku I osa vastab p\u00f5hikooli riiklikule \u00f5ppekavale ning haridus- ja teadusministri\u00a0\u00a0<\/span><span style=\"font-family: 'times new roman', times, serif; font-size: 100%;\">poolt \u00f5ppekirjandusele kehtestatud n\u00f5uetele.<\/span><\/strong><\/p>\n<p><span style=\"font-family: 'times new roman', times, serif; font-size: 100%;\">Uut \u201eKirjatehnika\u201c vihikut saab osta raamatupoodidest ja tellida otse kirjastuselt.\u00a0<\/span><strong><span style=\"font-family: 'times new roman', times, serif; font-size: 100%;\">\u00dcksiknumbri hind kirjastusest tellides on 3.55, alatest 10 eksemplarist langeb hind 2.25 <\/span><\/strong><span style=\"font-family: 'times new roman', times, serif; font-size: 100%;\"><strong>eurole.<\/strong> <em>Hinnale lisandub k\u00e4ibemaks 9%.<\/em><\/span><\/p>\n<p><em><span style=\"color: #333399;\"><a style=\"color: #333399;\" href=\"https:\/\/www.mixikirjastus.ee\/index.php\/10692-2\/\">Sirvi 3D vaates<\/a><\/span><\/em><\/p>\n","protected":false},"featured_media":3717,"comment_status":"closed","ping_status":"closed","template":"","meta":{"iawp_total_views":1028},"product_brand":[],"product_cat":[30,26,33],"product_tag":[],"class_list":{"0":"post-3689","1":"product","2":"type-product","3":"status-publish","4":"has-post-thumbnail","6":"product_cat-lastekirjandus","7":"product_cat-lastekirjandus-ja-lasteraamatud","8":"product_cat-oppematerjalid","10":"first","11":"instock","12":"taxable","13":"shipping-taxable","14":"purchasable","15":"product-type-simple"},"_links":{"self":[{"href":"https:\/\/www.mixikirjastus.ee\/index.php\/wp-json\/wp\/v2\/product\/3689","targetHints":{"allow":["GET"]}}],"collection":[{"href":"https:\/\/www.mixikirjastus.ee\/index.php\/wp-json\/wp\/v2\/product"}],"about":[{"href":"https:\/\/www.mixikirjastus.ee\/index.php\/wp-json\/wp\/v2\/types\/product"}],"replies":[{"embeddable":true,"href":"https:\/\/www.mixikirjastus.ee\/index.php\/wp-json\/wp\/v2\/comments?post=3689"}],"wp:featuredmedia":[{"embeddable":true,"href":"https:\/\/www.mixikirjastus.ee\/index.php\/wp-json\/wp\/v2\/media\/3717"}],"wp:attachment":[{"href":"https:\/\/www.mixikirjastus.ee\/index.php\/wp-json\/wp\/v2\/media?parent=3689"}],"wp:term":[{"taxonomy":"product_brand","embeddable":true,"href":"https:\/\/www.mixikirjastus.ee\/index.php\/wp-json\/wp\/v2\/product_brand?post=3689"},{"taxonomy":"product_cat","embeddable":true,"href":"https:\/\/www.mixikirjastus.ee\/index.php\/wp-json\/wp\/v2\/product_cat?post=3689"},{"taxonomy":"product_tag","embeddable":true,"href":"https:\/\/www.mixikirjastus.ee\/index.php\/wp-json\/wp\/v2\/product_tag?post=3689"}],"curies":[{"name":"wp","href":"https:\/\/api.w.org\/{rel}","templated":true}]}}