{"id":452,"date":"2017-09-14T16:46:09","date_gmt":"2017-09-14T16:46:09","guid":{"rendered":"http:\/\/mixikirjastus.ee\/?post_type=product&#038;p=452"},"modified":"2024-04-21T16:41:30","modified_gmt":"2024-04-21T16:41:30","slug":"hunt-ja-seitse-kitsetalle","status":"publish","type":"product","link":"https:\/\/www.mixikirjastus.ee\/index.php\/toode\/hunt-ja-seitse-kitsetalle\/","title":{"rendered":"Hunt ja seitse kitsetalle"},"content":{"rendered":"","protected":false},"excerpt":{"rendered":"<p><span style=\"font-size: 110%; font-family: 'times new roman', times, serif;\">Hunt ja seitse kitsetalle on\u00a0 vennad Grimm poolt loodud muinasjutt.<\/span><\/p>\n<p><span style=\"font-family: 'times new roman', times, serif; font-size: 110%;\">Ema kits lahkub ja seitse last j\u00e4\u00e4vad majja. Varsti kuulevad nad ukse taga h\u00e4\u00e4lt, mis \u00fctleb: &#8220;Laske mind sisse, teie emal on iga\u00fchele teist midagi.&#8221; See oli hunt, kelle pahur h\u00e4\u00e4l reedab teda ja lapsed ei lase teda sisse. Hunt l\u00e4heb turule ja varastab mett, et oma h\u00e4\u00e4lt pehmendada. Natuke aega hiljem kuulevad lapsed ukse taga teist h\u00e4\u00e4lt: &#8220;Laske mind sisse lapsi, teie emal on midagi iga\u00fchele teist.&#8221; Seekord h\u00e4\u00e4l on k\u00f5rge ja magus nagu nende ema. Nad lasevad ta sisse, kui noorim laps&#8230;<\/span><\/p>\n","protected":false},"featured_media":453,"comment_status":"closed","ping_status":"closed","template":"","meta":{"iawp_total_views":99},"product_brand":[],"product_cat":[30,26,31],"product_tag":[],"class_list":{"0":"post-452","1":"product","2":"type-product","3":"status-publish","4":"has-post-thumbnail","6":"product_cat-lastekirjandus","7":"product_cat-lastekirjandus-ja-lasteraamatud","8":"product_cat-lasteraamatud","10":"first","11":"instock","12":"taxable","13":"shipping-taxable","14":"purchasable","15":"product-type-simple"},"_links":{"self":[{"href":"https:\/\/www.mixikirjastus.ee\/index.php\/wp-json\/wp\/v2\/product\/452","targetHints":{"allow":["GET"]}}],"collection":[{"href":"https:\/\/www.mixikirjastus.ee\/index.php\/wp-json\/wp\/v2\/product"}],"about":[{"href":"https:\/\/www.mixikirjastus.ee\/index.php\/wp-json\/wp\/v2\/types\/product"}],"replies":[{"embeddable":true,"href":"https:\/\/www.mixikirjastus.ee\/index.php\/wp-json\/wp\/v2\/comments?post=452"}],"wp:featuredmedia":[{"embeddable":true,"href":"https:\/\/www.mixikirjastus.ee\/index.php\/wp-json\/wp\/v2\/media\/453"}],"wp:attachment":[{"href":"https:\/\/www.mixikirjastus.ee\/index.php\/wp-json\/wp\/v2\/media?parent=452"}],"wp:term":[{"taxonomy":"product_brand","embeddable":true,"href":"https:\/\/www.mixikirjastus.ee\/index.php\/wp-json\/wp\/v2\/product_brand?post=452"},{"taxonomy":"product_cat","embeddable":true,"href":"https:\/\/www.mixikirjastus.ee\/index.php\/wp-json\/wp\/v2\/product_cat?post=452"},{"taxonomy":"product_tag","embeddable":true,"href":"https:\/\/www.mixikirjastus.ee\/index.php\/wp-json\/wp\/v2\/product_tag?post=452"}],"curies":[{"name":"wp","href":"https:\/\/api.w.org\/{rel}","templated":true}]}}