{"id":490,"date":"2017-08-26T20:31:33","date_gmt":"2017-08-26T20:31:33","guid":{"rendered":"http:\/\/mixikirjastus.ee\/?post_type=product&#038;p=490"},"modified":"2022-01-20T17:03:46","modified_gmt":"2022-01-20T17:03:46","slug":"tahan-saada-koolilapseks-opin-lugema","status":"publish","type":"product","link":"https:\/\/www.mixikirjastus.ee\/index.php\/toode\/tahan-saada-koolilapseks-opin-lugema\/","title":{"rendered":"Tahan saada koolilapseks! \u00d5pin lugema"},"content":{"rendered":"","protected":false},"excerpt":{"rendered":"<p><span style=\"font-family: 'times new roman', times, serif; color: #282828; font-size: 120%;\">Raamat tutvustab l\u00f5busal ja meeldej\u00e4\u00e4val moel t\u00e4hti ja \u00f5petab neist s\u00f5nu kokku seadma. N\u00e4iteks A-t\u00e4ht j\u00e4\u00e4b meelde kui apelsini, arbuusi ja ananassi algust\u00e4ht, kuid seda t\u00e4hte l\u00e4heb vaja ka paljude teiste s\u00f5nade kirjutamisel. Igal raamatulehel on sellekohased n\u00e4ited koos piltide ja s\u00f5nam\u00e4nguga. Raamat on lugema \u00f5ppimisel t\u00f5husalt abiks\u00a0lasteaias ja algklassides\u00a0k\u00e4ivatele lastele.\u00a0<strong>Maht 60 lk<\/strong>. ja\u00a0<strong>suurus on A5<\/strong>.<\/span><\/p>\n<p><span style=\"font-family: 'times new roman', times, serif; color: #282828; font-size: 120%;\">Autor <em>Anne Kloren<\/em>.<\/span><\/p>\n","protected":false},"featured_media":491,"comment_status":"closed","ping_status":"closed","template":"","meta":{"iawp_total_views":234},"product_brand":[],"product_cat":[18,33],"product_tag":[],"class_list":{"0":"post-490","1":"product","2":"type-product","3":"status-publish","4":"has-post-thumbnail","6":"product_cat-mangud-ja-oppematerjalid","7":"product_cat-oppematerjalid","9":"first","10":"instock","11":"taxable","12":"shipping-taxable","13":"purchasable","14":"product-type-simple"},"_links":{"self":[{"href":"https:\/\/www.mixikirjastus.ee\/index.php\/wp-json\/wp\/v2\/product\/490","targetHints":{"allow":["GET"]}}],"collection":[{"href":"https:\/\/www.mixikirjastus.ee\/index.php\/wp-json\/wp\/v2\/product"}],"about":[{"href":"https:\/\/www.mixikirjastus.ee\/index.php\/wp-json\/wp\/v2\/types\/product"}],"replies":[{"embeddable":true,"href":"https:\/\/www.mixikirjastus.ee\/index.php\/wp-json\/wp\/v2\/comments?post=490"}],"wp:featuredmedia":[{"embeddable":true,"href":"https:\/\/www.mixikirjastus.ee\/index.php\/wp-json\/wp\/v2\/media\/491"}],"wp:attachment":[{"href":"https:\/\/www.mixikirjastus.ee\/index.php\/wp-json\/wp\/v2\/media?parent=490"}],"wp:term":[{"taxonomy":"product_brand","embeddable":true,"href":"https:\/\/www.mixikirjastus.ee\/index.php\/wp-json\/wp\/v2\/product_brand?post=490"},{"taxonomy":"product_cat","embeddable":true,"href":"https:\/\/www.mixikirjastus.ee\/index.php\/wp-json\/wp\/v2\/product_cat?post=490"},{"taxonomy":"product_tag","embeddable":true,"href":"https:\/\/www.mixikirjastus.ee\/index.php\/wp-json\/wp\/v2\/product_tag?post=490"}],"curies":[{"name":"wp","href":"https:\/\/api.w.org\/{rel}","templated":true}]}}