{"id":51,"date":"2016-11-20T20:58:48","date_gmt":"2016-11-20T20:58:48","guid":{"rendered":"http:\/\/mixikirjastus.ee\/?post_type=product&#038;p=51"},"modified":"2023-10-30T16:47:45","modified_gmt":"2023-10-30T16:47:45","slug":"kaks-ahnet-karupoega","status":"publish","type":"product","link":"https:\/\/www.mixikirjastus.ee\/index.php\/toode\/kaks-ahnet-karupoega\/","title":{"rendered":"Kaks ahnet karupoega"},"content":{"rendered":"","protected":false},"excerpt":{"rendered":"<p data-sourcepos=\"1:1-1:235\"><span style=\"font-family: 'book antiqua', palatino, serif;\"><strong>Kaks ahnet karupoega<\/strong> on ungari <span lang=\"ET\">muinasjutt<\/span>, mis r\u00e4\u00e4gib kahest karupojast, kes l\u00e4hevad metsa juustu otsima. Nad leiavad suure juustukera, kuid ei suuda seda omavahel jagada. Nad hakkavad kaklema ja l\u00f5puks s\u00f6\u00f6b juustu \u00e4ra kaval rebane.<\/span><\/p>\n<p data-sourcepos=\"1:1-1:235\"><span style=\"font-family: 'book antiqua', palatino, serif;\"><strong>L\u00fchikirjeldus<\/strong><\/span><\/p>\n<p data-sourcepos=\"5:1-5:172\"><span style=\"font-family: 'book antiqua', palatino, serif;\">Metsas elasid kaks ahnet karupoega, kes olid alati n\u00e4ljased. \u00dchel p\u00e4eval l\u00e4ksid nad metsa juustu otsima. Nad leidsid suure juustukera, kuid ei suutnud seda omavahel jagada.<br \/>\n<\/span><span style=\"font-family: 'book antiqua', palatino, serif;\">\u00dcks karupoeg tahtis juustu kogu endale, teine karupoeg tahtis seda jagada pooleks. Nad hakkasid kaklema ja l\u00f5puks kukkusid nad juustu peale.<br \/>\n<\/span><span style=\"font-family: 'book antiqua', palatino, serif;\">Kui karupojad juustu pealt p\u00fcsti t\u00f5usid, olid nad pettunud. Juust oli purunenud ja seda oli v\u00f5imatu s\u00fc\u00fca.<br \/>\n<\/span><span style=\"font-family: 'book antiqua', palatino, serif;\">Juustu kisa kuulis kaval rebane. Ta tuli karupoegadele appi ja pakkus neile juustut\u00fckke. Karupojad olid nii n\u00e4ljased, et ei osanud kahtlustada, et rebane neid petab.<br \/>\n<\/span><span style=\"font-family: 'book antiqua', palatino, serif;\">Rebane s\u00f5i k\u00f5ik juustut\u00fckid \u00e4ra ja kadus metsa. Karupojad j\u00e4id t\u00fchjade k\u00e4tega.<\/span><\/p>\n<p data-sourcepos=\"21:1-21:24\"><span style=\"font-family: 'book antiqua', palatino, serif;\"><strong>Kirjanduslik v\u00e4\u00e4rtus<\/strong><\/span><\/p>\n<p data-sourcepos=\"23:1-23:125\"><span style=\"font-family: 'book antiqua', palatino, serif;\">&#8220;Kaks ahnet karupoega&#8221; on \u00f5petlik muinasjutt, mis r\u00e4\u00e4gib ahnusest. Ahnus on halb omadus, mis v\u00f5ib viia kurbade tagaj\u00e4rgedeni.<br \/>\n<\/span><span style=\"font-family: 'book antiqua', palatino, serif;\">Muinasjutt \u00f5petab, et on oluline osata jagada ja mitte olla liiga ahne. Piltide kunstnik on Karin Geimonen.<\/span><\/p>\n","protected":false},"featured_media":481,"comment_status":"closed","ping_status":"closed","template":"","meta":{"iawp_total_views":67},"product_brand":[],"product_cat":[30,26,31],"product_tag":[],"class_list":{"0":"post-51","1":"product","2":"type-product","3":"status-publish","4":"has-post-thumbnail","6":"product_cat-lastekirjandus","7":"product_cat-lastekirjandus-ja-lasteraamatud","8":"product_cat-lasteraamatud","10":"first","11":"instock","12":"taxable","13":"shipping-taxable","14":"purchasable","15":"product-type-simple"},"_links":{"self":[{"href":"https:\/\/www.mixikirjastus.ee\/index.php\/wp-json\/wp\/v2\/product\/51","targetHints":{"allow":["GET"]}}],"collection":[{"href":"https:\/\/www.mixikirjastus.ee\/index.php\/wp-json\/wp\/v2\/product"}],"about":[{"href":"https:\/\/www.mixikirjastus.ee\/index.php\/wp-json\/wp\/v2\/types\/product"}],"replies":[{"embeddable":true,"href":"https:\/\/www.mixikirjastus.ee\/index.php\/wp-json\/wp\/v2\/comments?post=51"}],"wp:featuredmedia":[{"embeddable":true,"href":"https:\/\/www.mixikirjastus.ee\/index.php\/wp-json\/wp\/v2\/media\/481"}],"wp:attachment":[{"href":"https:\/\/www.mixikirjastus.ee\/index.php\/wp-json\/wp\/v2\/media?parent=51"}],"wp:term":[{"taxonomy":"product_brand","embeddable":true,"href":"https:\/\/www.mixikirjastus.ee\/index.php\/wp-json\/wp\/v2\/product_brand?post=51"},{"taxonomy":"product_cat","embeddable":true,"href":"https:\/\/www.mixikirjastus.ee\/index.php\/wp-json\/wp\/v2\/product_cat?post=51"},{"taxonomy":"product_tag","embeddable":true,"href":"https:\/\/www.mixikirjastus.ee\/index.php\/wp-json\/wp\/v2\/product_tag?post=51"}],"curies":[{"name":"wp","href":"https:\/\/api.w.org\/{rel}","templated":true}]}}