{"id":58,"date":"2016-11-20T21:05:29","date_gmt":"2016-11-20T21:05:29","guid":{"rendered":"http:\/\/mixikirjastus.ee\/?post_type=product&#038;p=58"},"modified":"2023-10-24T08:29:38","modified_gmt":"2023-10-24T08:29:38","slug":"keda-kiita-leiva-eest","status":"publish","type":"product","link":"https:\/\/www.mixikirjastus.ee\/index.php\/toode\/keda-kiita-leiva-eest\/","title":{"rendered":"Keda kiita leiva eest"},"content":{"rendered":"","protected":false},"excerpt":{"rendered":"<p><em><span lang=\"ET\">Manivald Kesamaa<\/span><\/em><\/p>\n<p>Eesti lastekirjanduse klassiku Manivald Kesamaa luulevormis lugu meie igap\u00e4evasest leivast. Kes selle loo l\u00e4bi loeb, saab teada, kes ja kuidas peavad t\u00f6\u00f6tama, et laual oleks v\u00e4rske, l\u00f5hnav ja kr\u00f5beda koorikuga leib ning sai. Raamat sobib klassijuhatajale temaatilise tunni l\u00e4biviimiseks. Pildid joonistanud Karin Geimonen. Raamatu v\u00e4ljaandmist toetas Eesti Leivaliit.<\/p>\n","protected":false},"featured_media":509,"comment_status":"closed","ping_status":"closed","template":"","meta":{"iawp_total_views":101},"product_brand":[],"product_cat":[30,26,31],"product_tag":[],"class_list":{"0":"post-58","1":"product","2":"type-product","3":"status-publish","4":"has-post-thumbnail","6":"product_cat-lastekirjandus","7":"product_cat-lastekirjandus-ja-lasteraamatud","8":"product_cat-lasteraamatud","10":"first","11":"instock","12":"taxable","13":"shipping-taxable","14":"purchasable","15":"product-type-simple"},"_links":{"self":[{"href":"https:\/\/www.mixikirjastus.ee\/index.php\/wp-json\/wp\/v2\/product\/58","targetHints":{"allow":["GET"]}}],"collection":[{"href":"https:\/\/www.mixikirjastus.ee\/index.php\/wp-json\/wp\/v2\/product"}],"about":[{"href":"https:\/\/www.mixikirjastus.ee\/index.php\/wp-json\/wp\/v2\/types\/product"}],"replies":[{"embeddable":true,"href":"https:\/\/www.mixikirjastus.ee\/index.php\/wp-json\/wp\/v2\/comments?post=58"}],"wp:featuredmedia":[{"embeddable":true,"href":"https:\/\/www.mixikirjastus.ee\/index.php\/wp-json\/wp\/v2\/media\/509"}],"wp:attachment":[{"href":"https:\/\/www.mixikirjastus.ee\/index.php\/wp-json\/wp\/v2\/media?parent=58"}],"wp:term":[{"taxonomy":"product_brand","embeddable":true,"href":"https:\/\/www.mixikirjastus.ee\/index.php\/wp-json\/wp\/v2\/product_brand?post=58"},{"taxonomy":"product_cat","embeddable":true,"href":"https:\/\/www.mixikirjastus.ee\/index.php\/wp-json\/wp\/v2\/product_cat?post=58"},{"taxonomy":"product_tag","embeddable":true,"href":"https:\/\/www.mixikirjastus.ee\/index.php\/wp-json\/wp\/v2\/product_tag?post=58"}],"curies":[{"name":"wp","href":"https:\/\/api.w.org\/{rel}","templated":true}]}}