{"id":68,"date":"2016-11-21T16:21:16","date_gmt":"2016-11-21T16:21:16","guid":{"rendered":"http:\/\/mixikirjastus.ee\/?post_type=product&#038;p=68"},"modified":"2025-11-19T17:51:12","modified_gmt":"2025-11-19T17:51:12","slug":"kuulsuse-narrid","status":"publish","type":"product","link":"https:\/\/www.mixikirjastus.ee\/index.php\/toode\/kuulsuse-narrid\/","title":{"rendered":"Kuulsuse narrid"},"content":{"rendered":"","protected":false},"excerpt":{"rendered":"<p>Eduard bornh\u00f6he<\/p>\n<p>1892. aastal valminud satiirilise jutustuse \u201eKuulsuse narride\u201c pilkeobjektiks on kaks eesti vaimukangelast: &#8220;kirjanik&#8221; Salomon Vesipruul ja &#8220;leiutaja&#8221; Jaan Tatikas. Vesipruul teadis, et tal on hea luuleanne ja ta tahtis kirjanikuks saada. Paraku on kogu maailm tema vastu. Tatikas tahab olla maailma parim leiutaja, kahjuks ei t\u00f6\u00f6ta \u00fckski ta leiutis. Nii nad siis kemplevad nii omavahel kui ka ilmarahvaga.<\/p>\n<p>Bornh\u00f6he oskab suurep\u00e4raselt \u00fchendada naljaka ja \u00f5petliku, luues loo, mis on t\u00e4naseni \u00fcllatavalt aktuaalne. \u201eKuulsuse narrid\u201c on nii satiir, eluline karakteriuuring kui ka meeldetuletus, et t\u00f5eline v\u00e4\u00e4rtus ei seisne kuulsuses, vaid tegudes.<\/p>\n<p><em>K\u00f5vad kaaned<\/em><\/p>\n","protected":false},"featured_media":412,"comment_status":"closed","ping_status":"closed","template":"","meta":{"iawp_total_views":66},"product_brand":[],"product_cat":[23],"product_tag":[],"class_list":{"0":"post-68","1":"product","2":"type-product","3":"status-publish","4":"has-post-thumbnail","6":"product_cat-raamatud","8":"first","9":"instock","10":"taxable","11":"shipping-taxable","12":"purchasable","13":"product-type-simple"},"_links":{"self":[{"href":"https:\/\/www.mixikirjastus.ee\/index.php\/wp-json\/wp\/v2\/product\/68","targetHints":{"allow":["GET"]}}],"collection":[{"href":"https:\/\/www.mixikirjastus.ee\/index.php\/wp-json\/wp\/v2\/product"}],"about":[{"href":"https:\/\/www.mixikirjastus.ee\/index.php\/wp-json\/wp\/v2\/types\/product"}],"replies":[{"embeddable":true,"href":"https:\/\/www.mixikirjastus.ee\/index.php\/wp-json\/wp\/v2\/comments?post=68"}],"wp:featuredmedia":[{"embeddable":true,"href":"https:\/\/www.mixikirjastus.ee\/index.php\/wp-json\/wp\/v2\/media\/412"}],"wp:attachment":[{"href":"https:\/\/www.mixikirjastus.ee\/index.php\/wp-json\/wp\/v2\/media?parent=68"}],"wp:term":[{"taxonomy":"product_brand","embeddable":true,"href":"https:\/\/www.mixikirjastus.ee\/index.php\/wp-json\/wp\/v2\/product_brand?post=68"},{"taxonomy":"product_cat","embeddable":true,"href":"https:\/\/www.mixikirjastus.ee\/index.php\/wp-json\/wp\/v2\/product_cat?post=68"},{"taxonomy":"product_tag","embeddable":true,"href":"https:\/\/www.mixikirjastus.ee\/index.php\/wp-json\/wp\/v2\/product_tag?post=68"}],"curies":[{"name":"wp","href":"https:\/\/api.w.org\/{rel}","templated":true}]}}