{"id":70,"date":"2016-11-21T16:23:10","date_gmt":"2016-11-21T16:23:10","guid":{"rendered":"http:\/\/mixikirjastus.ee\/?post_type=product&#038;p=70"},"modified":"2025-06-12T15:45:50","modified_gmt":"2025-06-12T15:45:50","slug":"libahunt","status":"publish","type":"product","link":"https:\/\/www.mixikirjastus.ee\/index.php\/toode\/libahunt\/","title":{"rendered":"Libahunt"},"content":{"rendered":"","protected":false},"excerpt":{"rendered":"<p><span style=\"font-family: 'times new roman', times, serif; font-size: 120%;\"><em>August Kitzberg<\/em><\/span><\/p>\n<p><span style=\"font-family: 'times new roman', times, serif; font-size: 120%;\">Draama \u201eLibahunt\u201c on saanud eesti n\u00e4itekirjanduse klassikaks ja kuulub kooli kirjavarasse. See viies vaatuses n\u00e4idend avab h\u00e4sti eestlaste olemust, nende uskumusi ja kombeid, ellusuhtumise j\u00e4ikust. N\u00e4idend pajatab Tammaru pere traagiliseks kujunenud saatusest, kuna seisti vastu kasut\u00fctre Tiina ja perepoja Marguse kiindumusele. Tiina ei olnud pika meelega, tal ei olnud valget pead ja siniseid silmi, Tiina oli t\u00f5mmu naha ja pruunide silmadega keevaline t\u00fcdruk. Tiina arvati olevat libahunt&#8230;<\/span><\/p>\n","protected":false},"featured_media":477,"comment_status":"closed","ping_status":"closed","template":"","meta":{"iawp_total_views":50},"product_brand":[],"product_cat":[23],"product_tag":[],"class_list":{"0":"post-70","1":"product","2":"type-product","3":"status-publish","4":"has-post-thumbnail","6":"product_cat-raamatud","8":"first","9":"instock","10":"taxable","11":"shipping-taxable","12":"purchasable","13":"product-type-simple"},"_links":{"self":[{"href":"https:\/\/www.mixikirjastus.ee\/index.php\/wp-json\/wp\/v2\/product\/70","targetHints":{"allow":["GET"]}}],"collection":[{"href":"https:\/\/www.mixikirjastus.ee\/index.php\/wp-json\/wp\/v2\/product"}],"about":[{"href":"https:\/\/www.mixikirjastus.ee\/index.php\/wp-json\/wp\/v2\/types\/product"}],"replies":[{"embeddable":true,"href":"https:\/\/www.mixikirjastus.ee\/index.php\/wp-json\/wp\/v2\/comments?post=70"}],"wp:featuredmedia":[{"embeddable":true,"href":"https:\/\/www.mixikirjastus.ee\/index.php\/wp-json\/wp\/v2\/media\/477"}],"wp:attachment":[{"href":"https:\/\/www.mixikirjastus.ee\/index.php\/wp-json\/wp\/v2\/media?parent=70"}],"wp:term":[{"taxonomy":"product_brand","embeddable":true,"href":"https:\/\/www.mixikirjastus.ee\/index.php\/wp-json\/wp\/v2\/product_brand?post=70"},{"taxonomy":"product_cat","embeddable":true,"href":"https:\/\/www.mixikirjastus.ee\/index.php\/wp-json\/wp\/v2\/product_cat?post=70"},{"taxonomy":"product_tag","embeddable":true,"href":"https:\/\/www.mixikirjastus.ee\/index.php\/wp-json\/wp\/v2\/product_tag?post=70"}],"curies":[{"name":"wp","href":"https:\/\/api.w.org\/{rel}","templated":true}]}}