{"id":74,"date":"2016-11-21T16:26:51","date_gmt":"2016-11-21T16:26:51","guid":{"rendered":"http:\/\/mixikirjastus.ee\/?post_type=product&#038;p=74"},"modified":"2025-11-19T12:13:37","modified_gmt":"2025-11-19T12:13:37","slug":"maria-stuart","status":"publish","type":"product","link":"https:\/\/www.mixikirjastus.ee\/index.php\/toode\/maria-stuart\/","title":{"rendered":"Maria Stuart"},"content":{"rendered":"","protected":false},"excerpt":{"rendered":"<p data-start=\"54\" data-end=\"91\">Friedrich Schiller<br \/>\nMaria Stuart<\/p>\n<p data-start=\"93\" data-end=\"548\">Friedrich Schilleri \u201eMaria Stuart\u201c on \u00fcks Euroopa kirjandusklassika silmapaistvamaid ajaloolisi draamasid. Teos jutustab \u0160otimaa kuninganna Maria Stuarti viimastest elup\u00e4evadest, keskendudes tema vangistusele, poliitilistele intriigidele ja pingelisele vastasseisule Inglismaa kuninganna Elizabeth I-ga. Schiller \u00fchendab meisterlikult ajaloolised faktid tugeva ps\u00fchholoogilise pingega, tuues esile v\u00f5imu hapruse, kirgede j\u00f5u ja inimese traagilise saatuse.<\/p>\n<p data-start=\"550\" data-end=\"704\" data-is-last-node=\"\" data-is-only-node=\"\">Draama sobib h\u00e4sti nii kirjandus- ja ajaloohuvilistele kui ka neile, kes hindavad s\u00fcgavaid karaktereid ja ajatuid k\u00fcsimusi \u00f5igusest, s\u00fc\u00fcst ja lunastusest.<\/p>\n<p data-start=\"550\" data-end=\"704\" data-is-last-node=\"\" data-is-only-node=\"\"><em>Pehmed kaaned<\/em><\/p>\n","protected":false},"featured_media":75,"comment_status":"closed","ping_status":"closed","template":"","meta":{"iawp_total_views":9},"product_brand":[],"product_cat":[23],"product_tag":[],"class_list":{"0":"post-74","1":"product","2":"type-product","3":"status-publish","4":"has-post-thumbnail","6":"product_cat-raamatud","8":"first","9":"instock","10":"taxable","11":"shipping-taxable","12":"purchasable","13":"product-type-simple"},"_links":{"self":[{"href":"https:\/\/www.mixikirjastus.ee\/index.php\/wp-json\/wp\/v2\/product\/74","targetHints":{"allow":["GET"]}}],"collection":[{"href":"https:\/\/www.mixikirjastus.ee\/index.php\/wp-json\/wp\/v2\/product"}],"about":[{"href":"https:\/\/www.mixikirjastus.ee\/index.php\/wp-json\/wp\/v2\/types\/product"}],"replies":[{"embeddable":true,"href":"https:\/\/www.mixikirjastus.ee\/index.php\/wp-json\/wp\/v2\/comments?post=74"}],"wp:featuredmedia":[{"embeddable":true,"href":"https:\/\/www.mixikirjastus.ee\/index.php\/wp-json\/wp\/v2\/media\/75"}],"wp:attachment":[{"href":"https:\/\/www.mixikirjastus.ee\/index.php\/wp-json\/wp\/v2\/media?parent=74"}],"wp:term":[{"taxonomy":"product_brand","embeddable":true,"href":"https:\/\/www.mixikirjastus.ee\/index.php\/wp-json\/wp\/v2\/product_brand?post=74"},{"taxonomy":"product_cat","embeddable":true,"href":"https:\/\/www.mixikirjastus.ee\/index.php\/wp-json\/wp\/v2\/product_cat?post=74"},{"taxonomy":"product_tag","embeddable":true,"href":"https:\/\/www.mixikirjastus.ee\/index.php\/wp-json\/wp\/v2\/product_tag?post=74"}],"curies":[{"name":"wp","href":"https:\/\/api.w.org\/{rel}","templated":true}]}}