{"id":78,"date":"2016-11-21T16:29:03","date_gmt":"2016-11-21T16:29:03","guid":{"rendered":"http:\/\/mixikirjastus.ee\/?post_type=product&#038;p=78"},"modified":"2025-06-12T15:40:30","modified_gmt":"2025-06-12T15:40:30","slug":"mida-tegi-tikuke-vaike-oige-pikuke","status":"publish","type":"product","link":"https:\/\/www.mixikirjastus.ee\/index.php\/toode\/mida-tegi-tikuke-vaike-oige-pikuke\/","title":{"rendered":"Mida tegi tikuke, v\u00e4ike, \u00f5ige pikuke"},"content":{"rendered":"","protected":false},"excerpt":{"rendered":"<p><span style=\"font-family: 'times new roman', times, serif; font-size: 120%;\"><em><span lang=\"ET\">Manivald Kesamaa<\/span><\/em><\/span><\/p>\n<p><span lang=\"ET\" style=\"font-family: 'times new roman', times, serif; font-size: 120%;\">Kes selle loo l\u00e4bi loeb, saab teada, missugust kurja v\u00f5ib teha v\u00e4ike tikuke, kes ju nii s\u00fc\u00fctukesena paistab. Sellest loost saavad piltide j\u00e4rgi aru ka need lapsed, kes veel lugeda ei oska. <\/span><\/p>\n<p><span lang=\"ET\" style=\"font-family: 'times new roman', times, serif; font-size: 120%;\">Raamat sobib nii \u00f5petajatele kui ka kasvatajatele abimaterjaliks temaatilise tunni l\u00e4biviimisel. <\/span><\/p>\n<p><span lang=\"ET\" style=\"font-family: 'times new roman', times, serif; font-size: 120%;\">Raamatu v\u00e4ljaandmist toetas P\u00e4\u00e4steamet.<\/span><\/p>\n","protected":false},"featured_media":79,"comment_status":"closed","ping_status":"closed","template":"","meta":{"iawp_total_views":70},"product_brand":[],"product_cat":[31],"product_tag":[],"class_list":{"0":"post-78","1":"product","2":"type-product","3":"status-publish","4":"has-post-thumbnail","6":"product_cat-lasteraamatud","8":"first","9":"instock","10":"taxable","11":"shipping-taxable","12":"purchasable","13":"product-type-simple"},"_links":{"self":[{"href":"https:\/\/www.mixikirjastus.ee\/index.php\/wp-json\/wp\/v2\/product\/78","targetHints":{"allow":["GET"]}}],"collection":[{"href":"https:\/\/www.mixikirjastus.ee\/index.php\/wp-json\/wp\/v2\/product"}],"about":[{"href":"https:\/\/www.mixikirjastus.ee\/index.php\/wp-json\/wp\/v2\/types\/product"}],"replies":[{"embeddable":true,"href":"https:\/\/www.mixikirjastus.ee\/index.php\/wp-json\/wp\/v2\/comments?post=78"}],"wp:featuredmedia":[{"embeddable":true,"href":"https:\/\/www.mixikirjastus.ee\/index.php\/wp-json\/wp\/v2\/media\/79"}],"wp:attachment":[{"href":"https:\/\/www.mixikirjastus.ee\/index.php\/wp-json\/wp\/v2\/media?parent=78"}],"wp:term":[{"taxonomy":"product_brand","embeddable":true,"href":"https:\/\/www.mixikirjastus.ee\/index.php\/wp-json\/wp\/v2\/product_brand?post=78"},{"taxonomy":"product_cat","embeddable":true,"href":"https:\/\/www.mixikirjastus.ee\/index.php\/wp-json\/wp\/v2\/product_cat?post=78"},{"taxonomy":"product_tag","embeddable":true,"href":"https:\/\/www.mixikirjastus.ee\/index.php\/wp-json\/wp\/v2\/product_tag?post=78"}],"curies":[{"name":"wp","href":"https:\/\/api.w.org\/{rel}","templated":true}]}}