{"id":82,"date":"2016-11-21T16:31:46","date_gmt":"2016-11-21T16:31:46","guid":{"rendered":"http:\/\/mixikirjastus.ee\/?post_type=product&#038;p=82"},"modified":"2025-11-19T17:50:52","modified_gmt":"2025-11-19T17:50:52","slug":"musta-mantliga-mees","status":"publish","type":"product","link":"https:\/\/www.mixikirjastus.ee\/index.php\/toode\/musta-mantliga-mees\/","title":{"rendered":"Musta mantliga mees"},"content":{"rendered":"","protected":false},"excerpt":{"rendered":"<p data-sourcepos=\"1:1-1:153\"><span style=\"font-family: 'book antiqua', palatino, serif; font-size: 105%;\">Eduard Vilde &#8220;Musta mantliga mees&#8221; on jutustus, mis r\u00e4\u00e4gib Elvita m\u00f5isa omanikust krahv Edvin Palmerist, kes on s\u00fc\u00fcdi m\u00f5istetud oma venna Alberti m\u00f5rvas.<\/span><\/p>\n<p data-sourcepos=\"3:1-3:395\"><span style=\"font-family: 'book antiqua', palatino, serif; font-size: 105%;\">Jutustus algab lausega: &#8220;Raske k\u00e4si pandi tema \u00f5lale, madal h\u00e4\u00e4l \u00fctles: &#8220;Teie olete m\u00f5rtsukas!&#8221;&#8221;. Seej\u00e4rel tutvustab autor krahv Palmerit ja tema perekonda. Krahv Palmer on uhke ja v\u00f5imukas mees, kes ei talu, et teda kritiseeritakse. Tema naine krahvinna Dorothea on vastupidi leebe ja lahke. Nende t\u00fctar Laura on noor ja ilus neiu, kes on armunud krahvi parima s\u00f5bra parun Hugo von Lammerheimi.<\/span><\/p>\n<p data-sourcepos=\"13:1-13:10\"><span style=\"font-family: 'book antiqua', palatino, serif; font-size: 105%;\"><strong>Teemad: <\/strong><\/span><span style=\"font-family: 'book antiqua', palatino, serif; font-size: 105%; color: #333333;\">\u00d5iglus ja \u00f5igusem\u00f5istmine, <\/span><span style=\"font-family: 'book antiqua', palatino, serif; font-size: 105%; color: #333333;\">Sotsiaalne ebav\u00f5rdsus, <\/span><span style=\"font-family: 'book antiqua', palatino, serif; font-size: 105%; color: #333333;\">Armastus ja vaprus<\/span><\/p>\n<p data-sourcepos=\"19:1-19:24\"><span style=\"font-family: 'book antiqua', palatino, serif; font-size: 105%;\"><strong>Kirjanduslik v\u00e4\u00e4rtus<\/strong><\/span><\/p>\n<p data-sourcepos=\"21:1-21:260\"><span style=\"font-family: 'book antiqua', palatino, serif; font-size: 105%;\">&#8220;Musta mantliga mees&#8221; on Eduard Vilde \u00fcks tuntumaid ja armastatumaid teoseid. See on kaasahaarav ja p\u00f5nev lugu, mis r\u00e4\u00e4gib \u00f5igluse v\u00f5idust. Jutustus on h\u00e4sti kirjutatud ja h\u00e4sti loodud tegelastega. See on sobilik lugemiseks nii t\u00e4iskasvanutele kui ka noortele.<\/span><\/p>\n","protected":false},"featured_media":83,"comment_status":"closed","ping_status":"closed","template":"","meta":{"iawp_total_views":175},"product_brand":[],"product_cat":[23],"product_tag":[],"class_list":{"0":"post-82","1":"product","2":"type-product","3":"status-publish","4":"has-post-thumbnail","6":"product_cat-raamatud","8":"first","9":"instock","10":"taxable","11":"shipping-taxable","12":"purchasable","13":"product-type-simple"},"_links":{"self":[{"href":"https:\/\/www.mixikirjastus.ee\/index.php\/wp-json\/wp\/v2\/product\/82","targetHints":{"allow":["GET"]}}],"collection":[{"href":"https:\/\/www.mixikirjastus.ee\/index.php\/wp-json\/wp\/v2\/product"}],"about":[{"href":"https:\/\/www.mixikirjastus.ee\/index.php\/wp-json\/wp\/v2\/types\/product"}],"replies":[{"embeddable":true,"href":"https:\/\/www.mixikirjastus.ee\/index.php\/wp-json\/wp\/v2\/comments?post=82"}],"wp:featuredmedia":[{"embeddable":true,"href":"https:\/\/www.mixikirjastus.ee\/index.php\/wp-json\/wp\/v2\/media\/83"}],"wp:attachment":[{"href":"https:\/\/www.mixikirjastus.ee\/index.php\/wp-json\/wp\/v2\/media?parent=82"}],"wp:term":[{"taxonomy":"product_brand","embeddable":true,"href":"https:\/\/www.mixikirjastus.ee\/index.php\/wp-json\/wp\/v2\/product_brand?post=82"},{"taxonomy":"product_cat","embeddable":true,"href":"https:\/\/www.mixikirjastus.ee\/index.php\/wp-json\/wp\/v2\/product_cat?post=82"},{"taxonomy":"product_tag","embeddable":true,"href":"https:\/\/www.mixikirjastus.ee\/index.php\/wp-json\/wp\/v2\/product_tag?post=82"}],"curies":[{"name":"wp","href":"https:\/\/api.w.org\/{rel}","templated":true}]}}