{"id":84,"date":"2016-11-21T16:33:06","date_gmt":"2016-11-21T16:33:06","guid":{"rendered":"http:\/\/mixikirjastus.ee\/?post_type=product&#038;p=84"},"modified":"2022-09-19T09:01:35","modified_gmt":"2022-09-19T09:01:35","slug":"muutilised-muistendid","status":"publish","type":"product","link":"https:\/\/www.mixikirjastus.ee\/index.php\/toode\/muutilised-muistendid\/","title":{"rendered":"M\u00fc\u00fctilised muistendid"},"content":{"rendered":"","protected":false},"excerpt":{"rendered":"<p><em>Friedrich Robert Faehlmann<\/em><\/p>\n<p>Friedrich Robert Faehlmanni \u201eM\u00fc\u00fctilised muistendid\u201c koosneb seitsmest muistendist: \u201eLoomine\u201c, Emaj\u00f5e s\u00fcnd\u201c, \u201eVanemuise laul\u201c, \u201eVanemuise kosjask\u00e4ik\u201c, \u201eKoit ja H\u00e4marik\u201c, \u201eEndla j\u00e4rv ja Juta\u201c ja \u201eVanemuise lahkumine\u201c.<\/p>\n<p>Kuigi tegemist on juba mitmenda kordustr\u00fckiga, on p\u00fc\u00fctud v\u00f5imalikult palju s\u00e4ilitada vanemat kirja- ja v\u00e4ljendusviisi.<\/p>\n<p>Kui Ostukorvi summa\u00a0 \u00fcletab <strong>10 \u20ac<\/strong> on raamatu hind <strong>1.95 \u20ac<\/strong><\/p>\n","protected":false},"featured_media":511,"comment_status":"closed","ping_status":"closed","template":"","meta":{"iawp_total_views":74},"product_brand":[],"product_cat":[23],"product_tag":[],"class_list":{"0":"post-84","1":"product","2":"type-product","3":"status-publish","4":"has-post-thumbnail","6":"product_cat-raamatud","8":"first","9":"instock","10":"taxable","11":"shipping-taxable","12":"purchasable","13":"product-type-simple"},"_links":{"self":[{"href":"https:\/\/www.mixikirjastus.ee\/index.php\/wp-json\/wp\/v2\/product\/84","targetHints":{"allow":["GET"]}}],"collection":[{"href":"https:\/\/www.mixikirjastus.ee\/index.php\/wp-json\/wp\/v2\/product"}],"about":[{"href":"https:\/\/www.mixikirjastus.ee\/index.php\/wp-json\/wp\/v2\/types\/product"}],"replies":[{"embeddable":true,"href":"https:\/\/www.mixikirjastus.ee\/index.php\/wp-json\/wp\/v2\/comments?post=84"}],"wp:featuredmedia":[{"embeddable":true,"href":"https:\/\/www.mixikirjastus.ee\/index.php\/wp-json\/wp\/v2\/media\/511"}],"wp:attachment":[{"href":"https:\/\/www.mixikirjastus.ee\/index.php\/wp-json\/wp\/v2\/media?parent=84"}],"wp:term":[{"taxonomy":"product_brand","embeddable":true,"href":"https:\/\/www.mixikirjastus.ee\/index.php\/wp-json\/wp\/v2\/product_brand?post=84"},{"taxonomy":"product_cat","embeddable":true,"href":"https:\/\/www.mixikirjastus.ee\/index.php\/wp-json\/wp\/v2\/product_cat?post=84"},{"taxonomy":"product_tag","embeddable":true,"href":"https:\/\/www.mixikirjastus.ee\/index.php\/wp-json\/wp\/v2\/product_tag?post=84"}],"curies":[{"name":"wp","href":"https:\/\/api.w.org\/{rel}","templated":true}]}}