{"id":8425,"date":"2020-08-22T18:07:06","date_gmt":"2020-08-22T18:07:06","guid":{"rendered":"https:\/\/www.mixikirjastus.ee\/?post_type=product&#038;p=8425"},"modified":"2025-06-12T15:07:51","modified_gmt":"2025-06-12T15:07:51","slug":"puhapaevaisa","status":"publish","type":"product","link":"https:\/\/www.mixikirjastus.ee\/index.php\/toode\/puhapaevaisa\/","title":{"rendered":"P\u00fchap\u00e4evaisa"},"content":{"rendered":"","protected":false},"excerpt":{"rendered":"<p><span style=\"font-family: 'times new roman', times, serif; font-size: 120%;\">P\u00fchap\u00e4evaisa<br \/>\n<em>Kaire Sumberg<\/em><\/span><\/p>\n<p><span style=\"font-family: 'times new roman', times, serif; font-size: 120%;\">S\u00fcdamliku ajaviiteromaani \u201eP\u00fchap\u00e4evaisa\u201c lugu on alguse saanud 80-ndate l\u00f5pust. Ajad olid siis keerulised ja ajalehed huvitavad. Pidevalt oli hinges \u00e4revus ja hirm tuleviku ees. See oli muutuste ja lootuste aeg.<\/span><\/p>\n<p><span style=\"font-family: 'times new roman', times, serif; font-size: 120%;\">Sille Laius on t\u00e4iesti tavaline kaheksanda klassi t\u00fcdruk, keda keegi eriti t\u00e4hele ei pane. K\u00f5ik muutub, kui klassi tuleb uus poiss, kes hakkab t\u00fctarlast kiusama. Sille ei oska kiusajaga midagi peale hakata ja kannatab k\u00f5vasti, \u00f5nneks j\u00e4\u00e4b poiss \u00fchel p\u00e4eval lihtsalt kooli tulemata. Uuesti kohtuvad noored alles keskkoolis ja omavahelised suhted pingestuvad uuesti.<\/span><\/p>\n<p><span style=\"font-family: 'times new roman', times, serif; font-size: 120%;\">\u201eP\u00fchap\u00e4evaisa\u201c on jutustus \u00fchest noorest Tartu neiust, n\u00e4htuna tema enda silme l\u00e4bi. Ta vaatab tagasi oma kooliajale ja isikliku elu algusele. Tema eluteele satub nii suuri kui ka v\u00e4iksemaid raskusi, kuid visadus, t\u00f6\u00f6kus ja armastus aitavad tal hakkama saada.<\/span><\/p>\n","protected":false},"featured_media":8426,"comment_status":"closed","ping_status":"closed","template":"","meta":{"iawp_total_views":19},"product_brand":[],"product_cat":[23],"product_tag":[],"class_list":{"0":"post-8425","1":"product","2":"type-product","3":"status-publish","4":"has-post-thumbnail","6":"product_cat-raamatud","8":"first","9":"instock","10":"taxable","11":"shipping-taxable","12":"purchasable","13":"product-type-simple"},"_links":{"self":[{"href":"https:\/\/www.mixikirjastus.ee\/index.php\/wp-json\/wp\/v2\/product\/8425","targetHints":{"allow":["GET"]}}],"collection":[{"href":"https:\/\/www.mixikirjastus.ee\/index.php\/wp-json\/wp\/v2\/product"}],"about":[{"href":"https:\/\/www.mixikirjastus.ee\/index.php\/wp-json\/wp\/v2\/types\/product"}],"replies":[{"embeddable":true,"href":"https:\/\/www.mixikirjastus.ee\/index.php\/wp-json\/wp\/v2\/comments?post=8425"}],"wp:featuredmedia":[{"embeddable":true,"href":"https:\/\/www.mixikirjastus.ee\/index.php\/wp-json\/wp\/v2\/media\/8426"}],"wp:attachment":[{"href":"https:\/\/www.mixikirjastus.ee\/index.php\/wp-json\/wp\/v2\/media?parent=8425"}],"wp:term":[{"taxonomy":"product_brand","embeddable":true,"href":"https:\/\/www.mixikirjastus.ee\/index.php\/wp-json\/wp\/v2\/product_brand?post=8425"},{"taxonomy":"product_cat","embeddable":true,"href":"https:\/\/www.mixikirjastus.ee\/index.php\/wp-json\/wp\/v2\/product_cat?post=8425"},{"taxonomy":"product_tag","embeddable":true,"href":"https:\/\/www.mixikirjastus.ee\/index.php\/wp-json\/wp\/v2\/product_tag?post=8425"}],"curies":[{"name":"wp","href":"https:\/\/api.w.org\/{rel}","templated":true}]}}