{"id":8428,"date":"2020-08-22T18:15:32","date_gmt":"2020-08-22T18:15:32","guid":{"rendered":"https:\/\/www.mixikirjastus.ee\/?post_type=product&#038;p=8428"},"modified":"2023-11-04T16:46:11","modified_gmt":"2023-11-04T16:46:11","slug":"odini-poeg-tagapaikese-kulmunud-maalt","status":"publish","type":"product","link":"https:\/\/www.mixikirjastus.ee\/index.php\/toode\/odini-poeg-tagapaikese-kulmunud-maalt\/","title":{"rendered":"Odini poeg Tagap\u00e4ikese k\u00fclmunud maalt"},"content":{"rendered":"","protected":false},"excerpt":{"rendered":"<p><span style=\"font-family: 'book antiqua', palatino, serif; font-size: 110%;\">Kaire Sumberg<\/span><\/p>\n<p><span style=\"font-family: 'book antiqua', palatino, serif; font-size: 110%;\">See on romaan noorest naisest, kes j\u00e4tab seljataha oma elukaaslase, s\u00f5brad, karj\u00e4\u00e4ri ja mugavustega linnakorteri ning kolib mahaj\u00e4etud Metsa\u00e4\u00e4re tallu \u00fcksi elama. S\u00fcgisvihm sajab l\u00e4bi katuse, talvek\u00fclm poeb \u00f5uest tuppa, tuisk ajab teed umbe\u2026 Ometi ei teki tal m\u00f5tetki vahetada seda k\u00f5ike endise justkui \u00f5litatult kulgenud linnaelu vastu. Ja kui siis tallu tulevad lambad ning \u00fches nendega viikingi-verd pikka kasvu noormees, teeb Andra elu uue p\u00f6\u00f6rde.<\/span><\/p>\n<p data-sourcepos=\"15:1-15:10\"><span style=\"font-family: 'book antiqua', palatino, serif; font-size: 110%;\"><strong>Teemad: <\/strong><\/span><span style=\"font-family: 'book antiqua', palatino, serif; font-size: 110%; color: #333333;\">Armastuse ja vastupidavuse triumf, <\/span><span style=\"font-family: 'book antiqua', palatino, serif; font-size: 110%; color: #333333;\">Iseseisvuse ja identiteedi otsimine, <\/span><span style=\"font-family: 'book antiqua', palatino, serif; font-size: 110%; color: #333333;\">Loodusl\u00e4hedus ja lihtsus<\/span><\/p>\n<p data-sourcepos=\"21:1-21:24\"><span style=\"font-family: 'book antiqua', palatino, serif; font-size: 110%;\"><strong>Kirjanduslik v\u00e4\u00e4rtus<\/strong><\/span><\/p>\n<p data-sourcepos=\"23:1-23:244\"><span style=\"font-family: 'book antiqua', palatino, serif; font-size: 110%;\">&#8220;Odini poeg Tagap\u00e4ikese k\u00fclmunud maalt&#8221; on kaasahaarav ja emotsionaalne lugu, mis r\u00e4\u00e4gib armastusest, vastupidavusest ja eneseleidmisest. Romaan on h\u00e4sti kirjutatud ja h\u00e4sti loetav. See on sobilik lugemiseks nii t\u00e4iskasvanutele kui ka noortele.<\/span><\/p>\n","protected":false},"featured_media":8429,"comment_status":"closed","ping_status":"closed","template":"","meta":{"iawp_total_views":26},"product_brand":[],"product_cat":[23],"product_tag":[],"class_list":{"0":"post-8428","1":"product","2":"type-product","3":"status-publish","4":"has-post-thumbnail","6":"product_cat-raamatud","8":"first","9":"instock","10":"taxable","11":"shipping-taxable","12":"purchasable","13":"product-type-simple"},"_links":{"self":[{"href":"https:\/\/www.mixikirjastus.ee\/index.php\/wp-json\/wp\/v2\/product\/8428","targetHints":{"allow":["GET"]}}],"collection":[{"href":"https:\/\/www.mixikirjastus.ee\/index.php\/wp-json\/wp\/v2\/product"}],"about":[{"href":"https:\/\/www.mixikirjastus.ee\/index.php\/wp-json\/wp\/v2\/types\/product"}],"replies":[{"embeddable":true,"href":"https:\/\/www.mixikirjastus.ee\/index.php\/wp-json\/wp\/v2\/comments?post=8428"}],"wp:featuredmedia":[{"embeddable":true,"href":"https:\/\/www.mixikirjastus.ee\/index.php\/wp-json\/wp\/v2\/media\/8429"}],"wp:attachment":[{"href":"https:\/\/www.mixikirjastus.ee\/index.php\/wp-json\/wp\/v2\/media?parent=8428"}],"wp:term":[{"taxonomy":"product_brand","embeddable":true,"href":"https:\/\/www.mixikirjastus.ee\/index.php\/wp-json\/wp\/v2\/product_brand?post=8428"},{"taxonomy":"product_cat","embeddable":true,"href":"https:\/\/www.mixikirjastus.ee\/index.php\/wp-json\/wp\/v2\/product_cat?post=8428"},{"taxonomy":"product_tag","embeddable":true,"href":"https:\/\/www.mixikirjastus.ee\/index.php\/wp-json\/wp\/v2\/product_tag?post=8428"}],"curies":[{"name":"wp","href":"https:\/\/api.w.org\/{rel}","templated":true}]}}