{"id":8431,"date":"2020-08-22T18:40:09","date_gmt":"2020-08-22T18:40:09","guid":{"rendered":"https:\/\/www.mixikirjastus.ee\/?post_type=product&#038;p=8431"},"modified":"2024-06-14T09:11:29","modified_gmt":"2024-06-14T09:11:29","slug":"kodukandi-killud","status":"publish","type":"product","link":"https:\/\/www.mixikirjastus.ee\/index.php\/toode\/kodukandi-killud\/","title":{"rendered":"Kodukandi killud"},"content":{"rendered":"","protected":false},"excerpt":{"rendered":"<p>Kodukandi killud<br \/>\nVaino Napp<\/p>\n<p>Kogumik nende kaante vahel koosneb paladest eri ajast, paikadest, inimestest.<br \/>\n\u00dchine on k\u00f5igi juures Pikaveres ja l\u00e4hi\u00fcmbruses toimunu. Ajalehe artiklid, s\u00f5nav\u00f5tud, kaast\u00f6\u00f6d on paratamatult p\u00e4evakajalised. J\u00e4\u00e4dvustamist r\u00e4\u00e4kivat ajalugu on neiski. Paiga ajalugu on ka konkreetne s\u00fcndmus, mille tarbeks on lugu kirjutatud v\u00f5i k\u00f5ne peetud.<\/p>\n","protected":false},"featured_media":8432,"comment_status":"closed","ping_status":"closed","template":"","meta":{"iawp_total_views":6},"product_brand":[],"product_cat":[23],"product_tag":[],"class_list":{"0":"post-8431","1":"product","2":"type-product","3":"status-publish","4":"has-post-thumbnail","6":"product_cat-raamatud","8":"first","9":"instock","10":"taxable","11":"shipping-taxable","12":"purchasable","13":"product-type-simple"},"_links":{"self":[{"href":"https:\/\/www.mixikirjastus.ee\/index.php\/wp-json\/wp\/v2\/product\/8431","targetHints":{"allow":["GET"]}}],"collection":[{"href":"https:\/\/www.mixikirjastus.ee\/index.php\/wp-json\/wp\/v2\/product"}],"about":[{"href":"https:\/\/www.mixikirjastus.ee\/index.php\/wp-json\/wp\/v2\/types\/product"}],"replies":[{"embeddable":true,"href":"https:\/\/www.mixikirjastus.ee\/index.php\/wp-json\/wp\/v2\/comments?post=8431"}],"wp:featuredmedia":[{"embeddable":true,"href":"https:\/\/www.mixikirjastus.ee\/index.php\/wp-json\/wp\/v2\/media\/8432"}],"wp:attachment":[{"href":"https:\/\/www.mixikirjastus.ee\/index.php\/wp-json\/wp\/v2\/media?parent=8431"}],"wp:term":[{"taxonomy":"product_brand","embeddable":true,"href":"https:\/\/www.mixikirjastus.ee\/index.php\/wp-json\/wp\/v2\/product_brand?post=8431"},{"taxonomy":"product_cat","embeddable":true,"href":"https:\/\/www.mixikirjastus.ee\/index.php\/wp-json\/wp\/v2\/product_cat?post=8431"},{"taxonomy":"product_tag","embeddable":true,"href":"https:\/\/www.mixikirjastus.ee\/index.php\/wp-json\/wp\/v2\/product_tag?post=8431"}],"curies":[{"name":"wp","href":"https:\/\/api.w.org\/{rel}","templated":true}]}}