{"id":8433,"date":"2020-08-22T18:44:24","date_gmt":"2020-08-22T18:44:24","guid":{"rendered":"https:\/\/www.mixikirjastus.ee\/?post_type=product&#038;p=8433"},"modified":"2020-08-22T18:44:24","modified_gmt":"2020-08-22T18:44:24","slug":"urvaste-harjumaal","status":"publish","type":"product","link":"https:\/\/www.mixikirjastus.ee\/index.php\/toode\/urvaste-harjumaal\/","title":{"rendered":"Urvaste Harjumaal"},"content":{"rendered":"","protected":false},"excerpt":{"rendered":"<p>Urvaste Harjumaal<\/p>\n<p>Vaino Napp<\/p>\n<p>Vanal kenal k\u00fclal v\u00f5iks v\u00e4ike raamat olla k\u00fcll. Nii arutasime Kuldar Jaosaarega, Urvaste k\u00fclavanemaga. Kuldari jah-s\u00f5na j\u00e4rel tegin algust. Kuna olen l\u00e4hi\u00fcmbruse paigaraamatutes samast kandist varem kirjutanud, siis oli keeruline v\u00e4ltida lauskordamist vanema ajaloo osas ja looduse kirjeldustes. Nii et m\u00f5nes peat\u00fckis v\u00f5ib lugejaile \u00fcksjagu tuttavat ette tulla.<\/p>\n","protected":false},"featured_media":8434,"comment_status":"closed","ping_status":"closed","template":"","meta":{"iawp_total_views":5},"product_brand":[],"product_cat":[23],"product_tag":[],"class_list":{"0":"post-8433","1":"product","2":"type-product","3":"status-publish","4":"has-post-thumbnail","6":"product_cat-raamatud","8":"first","9":"instock","10":"taxable","11":"shipping-taxable","12":"purchasable","13":"product-type-simple"},"_links":{"self":[{"href":"https:\/\/www.mixikirjastus.ee\/index.php\/wp-json\/wp\/v2\/product\/8433","targetHints":{"allow":["GET"]}}],"collection":[{"href":"https:\/\/www.mixikirjastus.ee\/index.php\/wp-json\/wp\/v2\/product"}],"about":[{"href":"https:\/\/www.mixikirjastus.ee\/index.php\/wp-json\/wp\/v2\/types\/product"}],"replies":[{"embeddable":true,"href":"https:\/\/www.mixikirjastus.ee\/index.php\/wp-json\/wp\/v2\/comments?post=8433"}],"wp:featuredmedia":[{"embeddable":true,"href":"https:\/\/www.mixikirjastus.ee\/index.php\/wp-json\/wp\/v2\/media\/8434"}],"wp:attachment":[{"href":"https:\/\/www.mixikirjastus.ee\/index.php\/wp-json\/wp\/v2\/media?parent=8433"}],"wp:term":[{"taxonomy":"product_brand","embeddable":true,"href":"https:\/\/www.mixikirjastus.ee\/index.php\/wp-json\/wp\/v2\/product_brand?post=8433"},{"taxonomy":"product_cat","embeddable":true,"href":"https:\/\/www.mixikirjastus.ee\/index.php\/wp-json\/wp\/v2\/product_cat?post=8433"},{"taxonomy":"product_tag","embeddable":true,"href":"https:\/\/www.mixikirjastus.ee\/index.php\/wp-json\/wp\/v2\/product_tag?post=8433"}],"curies":[{"name":"wp","href":"https:\/\/api.w.org\/{rel}","templated":true}]}}