{"id":8435,"date":"2020-08-22T19:01:21","date_gmt":"2020-08-22T19:01:21","guid":{"rendered":"https:\/\/www.mixikirjastus.ee\/?post_type=product&#038;p=8435"},"modified":"2020-08-22T19:05:20","modified_gmt":"2020-08-22T19:05:20","slug":"kiviloo","status":"publish","type":"product","link":"https:\/\/www.mixikirjastus.ee\/index.php\/toode\/kiviloo\/","title":{"rendered":"Kiviloo kivisel loopealsel"},"content":{"rendered":"","protected":false},"excerpt":{"rendered":"<p>Kiviloo<br \/>\nVaino Napp<\/p>\n<p>Harju maakonnas Raasiku valla \u00e4\u00e4realal, Perila\u2013J\u00e4neda maantee \u00e4\u00e4res asub Kiviloo k\u00fcla. Seda, et Kiviloo v\u00e4\u00e4rib oma raamatut, olen ammu teadnud ja oodanud. K\u00fclavanema Eve-Liis Remmelgase sellekohase m\u00f5tte kiitsin heaks. Lubadust ma ei andnud ja m\u00f5te laagerdas terve aasta. Eve-Liis oli tarmukas, nagu aasta tagasi, ja hakkasime tegutsema.<\/p>\n","protected":false},"featured_media":8436,"comment_status":"closed","ping_status":"closed","template":"","meta":{"iawp_total_views":13},"product_brand":[],"product_cat":[23],"product_tag":[],"class_list":{"0":"post-8435","1":"product","2":"type-product","3":"status-publish","4":"has-post-thumbnail","6":"product_cat-raamatud","8":"first","9":"instock","10":"taxable","11":"shipping-taxable","12":"purchasable","13":"product-type-simple"},"_links":{"self":[{"href":"https:\/\/www.mixikirjastus.ee\/index.php\/wp-json\/wp\/v2\/product\/8435","targetHints":{"allow":["GET"]}}],"collection":[{"href":"https:\/\/www.mixikirjastus.ee\/index.php\/wp-json\/wp\/v2\/product"}],"about":[{"href":"https:\/\/www.mixikirjastus.ee\/index.php\/wp-json\/wp\/v2\/types\/product"}],"replies":[{"embeddable":true,"href":"https:\/\/www.mixikirjastus.ee\/index.php\/wp-json\/wp\/v2\/comments?post=8435"}],"wp:featuredmedia":[{"embeddable":true,"href":"https:\/\/www.mixikirjastus.ee\/index.php\/wp-json\/wp\/v2\/media\/8436"}],"wp:attachment":[{"href":"https:\/\/www.mixikirjastus.ee\/index.php\/wp-json\/wp\/v2\/media?parent=8435"}],"wp:term":[{"taxonomy":"product_brand","embeddable":true,"href":"https:\/\/www.mixikirjastus.ee\/index.php\/wp-json\/wp\/v2\/product_brand?post=8435"},{"taxonomy":"product_cat","embeddable":true,"href":"https:\/\/www.mixikirjastus.ee\/index.php\/wp-json\/wp\/v2\/product_cat?post=8435"},{"taxonomy":"product_tag","embeddable":true,"href":"https:\/\/www.mixikirjastus.ee\/index.php\/wp-json\/wp\/v2\/product_tag?post=8435"}],"curies":[{"name":"wp","href":"https:\/\/api.w.org\/{rel}","templated":true}]}}