{"id":8642,"date":"2021-01-22T11:51:09","date_gmt":"2021-01-22T11:51:09","guid":{"rendered":"https:\/\/www.mixikirjastus.ee\/?post_type=product&#038;p=8642"},"modified":"2025-11-02T10:42:05","modified_gmt":"2025-11-02T10:42:05","slug":"sangarid-ja-desertoorid","status":"publish","type":"product","link":"https:\/\/www.mixikirjastus.ee\/index.php\/toode\/sangarid-ja-desertoorid\/","title":{"rendered":"Sangarid ja desert\u00f6\u00f6rid"},"content":{"rendered":"","protected":false},"excerpt":{"rendered":"<p><span style=\"font-family: 'times new roman', times, serif; font-size: 130%;\">&#8220;Sangarid ja desert\u00f6\u00f6rid&#8221; on Vaino Napi kirjutatud raamat, mis keskendub Eesti s\u00f5jameeste ja -naiste lugudele Teise maailmas\u00f5ja ajal. Teos toob esile erinevaid elusaatusi, kajastades nii kangelaslikke tegusid kui ka deserteerimisi ja keerulisi moraalseid valikuid. <\/span><\/p>\n<p><span style=\"font-family: 'times new roman', times, serif; font-size: 130%;\">Napi t\u00f6\u00f6 p\u00fc\u00fcab anda tasakaalustatud pildi ajaloost, r\u00f5hutades inimlikke draamasid ja isiklikke l\u00e4bielamisi s\u00f5ja keerises. <\/span><\/p>\n<p><span style=\"font-family: 'times new roman', times, serif; font-size: 130%;\">Raamat on kirjutatud eesm\u00e4rgiga pakkuda lugejale s\u00fcgavamat m\u00f5istmist s\u00f5jaaegsest elust ja otsustest, mis muutsid inimeste saatust<\/span><\/p>\n<p><span style=\"font-family: 'times new roman', times, serif; font-size: 130%;\">Autor: Vaino Napp<\/span><\/p>\n","protected":false},"featured_media":8643,"comment_status":"closed","ping_status":"closed","template":"","meta":{"iawp_total_views":41},"product_brand":[],"product_cat":[23],"product_tag":[],"class_list":{"0":"post-8642","1":"product","2":"type-product","3":"status-publish","4":"has-post-thumbnail","6":"product_cat-raamatud","8":"first","9":"instock","10":"taxable","11":"shipping-taxable","12":"purchasable","13":"product-type-simple"},"_links":{"self":[{"href":"https:\/\/www.mixikirjastus.ee\/index.php\/wp-json\/wp\/v2\/product\/8642","targetHints":{"allow":["GET"]}}],"collection":[{"href":"https:\/\/www.mixikirjastus.ee\/index.php\/wp-json\/wp\/v2\/product"}],"about":[{"href":"https:\/\/www.mixikirjastus.ee\/index.php\/wp-json\/wp\/v2\/types\/product"}],"replies":[{"embeddable":true,"href":"https:\/\/www.mixikirjastus.ee\/index.php\/wp-json\/wp\/v2\/comments?post=8642"}],"wp:featuredmedia":[{"embeddable":true,"href":"https:\/\/www.mixikirjastus.ee\/index.php\/wp-json\/wp\/v2\/media\/8643"}],"wp:attachment":[{"href":"https:\/\/www.mixikirjastus.ee\/index.php\/wp-json\/wp\/v2\/media?parent=8642"}],"wp:term":[{"taxonomy":"product_brand","embeddable":true,"href":"https:\/\/www.mixikirjastus.ee\/index.php\/wp-json\/wp\/v2\/product_brand?post=8642"},{"taxonomy":"product_cat","embeddable":true,"href":"https:\/\/www.mixikirjastus.ee\/index.php\/wp-json\/wp\/v2\/product_cat?post=8642"},{"taxonomy":"product_tag","embeddable":true,"href":"https:\/\/www.mixikirjastus.ee\/index.php\/wp-json\/wp\/v2\/product_tag?post=8642"}],"curies":[{"name":"wp","href":"https:\/\/api.w.org\/{rel}","templated":true}]}}