{"id":8649,"date":"2021-01-25T12:59:27","date_gmt":"2021-01-25T12:59:27","guid":{"rendered":"https:\/\/www.mixikirjastus.ee\/?post_type=product&#038;p=8649"},"modified":"2025-06-12T14:10:07","modified_gmt":"2025-06-12T14:10:07","slug":"tauria","status":"publish","type":"product","link":"https:\/\/www.mixikirjastus.ee\/index.php\/toode\/tauria\/","title":{"rendered":"Tauria"},"content":{"rendered":"","protected":false},"excerpt":{"rendered":"<p><em><span style=\"font-family: 'times new roman', times, serif; font-size: 120%;\">Vaino Napp<\/span><\/em><\/p>\n<p><span style=\"font-family: 'times new roman', times, serif; font-size: 120%;\">Vaino Napp: \u201eTauria raamat annab lugejale edasi s\u00f5numi ja loo sellest, et maailm on nii v\u00e4ike. Teave suurel Venemaal ja kauges Krimmis toimunu kohta j\u00f5udis juba poolteist sajandit tagasi kiiresti ka Eestimaale ja leidis \u00e4ram\u00e4rkimist Pikaveres asuvas v\u00e4ikeses Salu k\u00fclas.\u201d<\/span><\/p>\n<p><span style=\"font-family: 'times new roman', times, serif; font-size: 120%;\"><em>K\u00f5vad kaaned<\/em><\/span><\/p>\n","protected":false},"featured_media":8650,"comment_status":"closed","ping_status":"closed","template":"","meta":{"iawp_total_views":6},"product_brand":[],"product_cat":[23],"product_tag":[],"class_list":{"0":"post-8649","1":"product","2":"type-product","3":"status-publish","4":"has-post-thumbnail","6":"product_cat-raamatud","8":"first","9":"instock","10":"taxable","11":"shipping-taxable","12":"purchasable","13":"product-type-simple"},"_links":{"self":[{"href":"https:\/\/www.mixikirjastus.ee\/index.php\/wp-json\/wp\/v2\/product\/8649","targetHints":{"allow":["GET"]}}],"collection":[{"href":"https:\/\/www.mixikirjastus.ee\/index.php\/wp-json\/wp\/v2\/product"}],"about":[{"href":"https:\/\/www.mixikirjastus.ee\/index.php\/wp-json\/wp\/v2\/types\/product"}],"replies":[{"embeddable":true,"href":"https:\/\/www.mixikirjastus.ee\/index.php\/wp-json\/wp\/v2\/comments?post=8649"}],"wp:featuredmedia":[{"embeddable":true,"href":"https:\/\/www.mixikirjastus.ee\/index.php\/wp-json\/wp\/v2\/media\/8650"}],"wp:attachment":[{"href":"https:\/\/www.mixikirjastus.ee\/index.php\/wp-json\/wp\/v2\/media?parent=8649"}],"wp:term":[{"taxonomy":"product_brand","embeddable":true,"href":"https:\/\/www.mixikirjastus.ee\/index.php\/wp-json\/wp\/v2\/product_brand?post=8649"},{"taxonomy":"product_cat","embeddable":true,"href":"https:\/\/www.mixikirjastus.ee\/index.php\/wp-json\/wp\/v2\/product_cat?post=8649"},{"taxonomy":"product_tag","embeddable":true,"href":"https:\/\/www.mixikirjastus.ee\/index.php\/wp-json\/wp\/v2\/product_tag?post=8649"}],"curies":[{"name":"wp","href":"https:\/\/api.w.org\/{rel}","templated":true}]}}