{"id":8651,"date":"2021-01-25T13:01:40","date_gmt":"2021-01-25T13:01:40","guid":{"rendered":"https:\/\/www.mixikirjastus.ee\/?post_type=product&#038;p=8651"},"modified":"2025-11-04T11:22:35","modified_gmt":"2025-11-04T11:22:35","slug":"eluringid-umber-nurme","status":"publish","type":"product","link":"https:\/\/www.mixikirjastus.ee\/index.php\/toode\/eluringid-umber-nurme\/","title":{"rendered":"Eluringid \u00fcmber nurme"},"content":{"rendered":"","protected":false},"excerpt":{"rendered":"<p><span style=\"font-family: helvetica, arial, sans-serif; font-size: 110%;\">Vaino Napp<\/span><\/p>\n<p><span style=\"font-family: helvetica, arial, sans-serif; font-size: 110%;\">Elades seitsmendas k\u00fcmnes, on aeg m\u00f5tiskleda m\u00f6\u00f6dunu \u00fcle. Tuletada meelde oma vanemaid ja tehtut. K\u00f5ik toimunu on tihedalt p\u00f5imunud poliitiliste t\u00f5mbetuulte p\u00f6\u00f6rises vintsutatud Eestimaa murede ja r\u00f5\u00f5mudega. Siin L\u00e4\u00e4nemere \u00e4\u00e4res 20. sajandil on m\u00f5nus m\u00f5tiskleda.<\/span><\/p>\n<p><span style=\"font-size: 110%;\"><em><span style=\"font-family: helvetica, arial, sans-serif;\">K\u00f5vad kaaned<\/span><\/em><\/span><\/p>\n","protected":false},"featured_media":8652,"comment_status":"closed","ping_status":"closed","template":"","meta":{"iawp_total_views":2},"product_brand":[],"product_cat":[23],"product_tag":[],"class_list":{"0":"post-8651","1":"product","2":"type-product","3":"status-publish","4":"has-post-thumbnail","6":"product_cat-raamatud","8":"first","9":"instock","10":"taxable","11":"shipping-taxable","12":"purchasable","13":"product-type-simple"},"_links":{"self":[{"href":"https:\/\/www.mixikirjastus.ee\/index.php\/wp-json\/wp\/v2\/product\/8651","targetHints":{"allow":["GET"]}}],"collection":[{"href":"https:\/\/www.mixikirjastus.ee\/index.php\/wp-json\/wp\/v2\/product"}],"about":[{"href":"https:\/\/www.mixikirjastus.ee\/index.php\/wp-json\/wp\/v2\/types\/product"}],"replies":[{"embeddable":true,"href":"https:\/\/www.mixikirjastus.ee\/index.php\/wp-json\/wp\/v2\/comments?post=8651"}],"wp:featuredmedia":[{"embeddable":true,"href":"https:\/\/www.mixikirjastus.ee\/index.php\/wp-json\/wp\/v2\/media\/8652"}],"wp:attachment":[{"href":"https:\/\/www.mixikirjastus.ee\/index.php\/wp-json\/wp\/v2\/media?parent=8651"}],"wp:term":[{"taxonomy":"product_brand","embeddable":true,"href":"https:\/\/www.mixikirjastus.ee\/index.php\/wp-json\/wp\/v2\/product_brand?post=8651"},{"taxonomy":"product_cat","embeddable":true,"href":"https:\/\/www.mixikirjastus.ee\/index.php\/wp-json\/wp\/v2\/product_cat?post=8651"},{"taxonomy":"product_tag","embeddable":true,"href":"https:\/\/www.mixikirjastus.ee\/index.php\/wp-json\/wp\/v2\/product_tag?post=8651"}],"curies":[{"name":"wp","href":"https:\/\/api.w.org\/{rel}","templated":true}]}}