{"id":8691,"date":"2021-03-26T11:08:42","date_gmt":"2021-03-26T11:08:42","guid":{"rendered":"https:\/\/www.mixikirjastus.ee\/?post_type=product&#038;p=8691"},"modified":"2025-06-12T07:07:31","modified_gmt":"2025-06-12T07:07:31","slug":"aabitsakomplekt-1-klassile","status":"publish","type":"product","link":"https:\/\/www.mixikirjastus.ee\/index.php\/toode\/aabitsakomplekt-1-klassile\/","title":{"rendered":"Aabitsakomplekt 1. klassile"},"content":{"rendered":"","protected":false},"excerpt":{"rendered":"<p><span style=\"font-family: 'times new roman', times, serif; font-size: 120%;\">Mixi Kirjastusel on Teile eripakkumine: j\u00e4rgmiseks \u00f5ppeaastaks saab kirjastuselt tellida aabitsat koos selle juurde kuuluva t\u00f6\u00f6vihiku ning kirjatehnika I ja II osaga. Kogu komplekti hind koos k\u00e4ibemaksuga on 16.35 ning tellimus t\u00e4idetakse Teile sobival ajal.\u00a0Saatekulud\u00a0tasub kirjastus.<\/span><\/p>\n<p><span style=\"font-family: 'times new roman', times, serif; font-size: 120%;\">Nii aabitsa kui ka selle juurde kuuluvad vihikud on koostanud paljude \u00f5ppematerjalide autor, teenekas algklasside pedagoog Anne Kloren. Tr\u00fckised on lustakalt ja lastep\u00e4raselt kujundanud Kriste Kald. Aabitsa \u00fcks olulisemaid p\u00f5him\u00f5tteid on lisaks t\u00e4htede tundmisele ja lugema \u00f5ppimisele suunata lapsi ka loetud tekste m\u00f5testama, et aidata neil tajuda elukeskkonda ja selle mitmet\u00e4henduslikkust. Aabitsa juurde kuuluvad t\u00f6\u00f6vihikud \u00fcllatavad \u00fclesannete rohkuse ja mitmekesisusega.<\/span><\/p>\n<p><span style=\"font-family: 'times new roman', times, serif; font-size: 110%;\"><em><span style=\"color: #282828;\">Hinnale lisandub k\u00e4ibemaks 9%<\/span>.<\/em><\/span><\/p>\n","protected":false},"featured_media":8698,"comment_status":"closed","ping_status":"closed","template":"","meta":{"iawp_total_views":334},"product_brand":[],"product_cat":[18,33],"product_tag":[],"class_list":{"0":"post-8691","1":"product","2":"type-product","3":"status-publish","4":"has-post-thumbnail","6":"product_cat-mangud-ja-oppematerjalid","7":"product_cat-oppematerjalid","9":"first","10":"instock","11":"sale","12":"taxable","13":"shipping-taxable","14":"purchasable","15":"product-type-woosb"},"_links":{"self":[{"href":"https:\/\/www.mixikirjastus.ee\/index.php\/wp-json\/wp\/v2\/product\/8691","targetHints":{"allow":["GET"]}}],"collection":[{"href":"https:\/\/www.mixikirjastus.ee\/index.php\/wp-json\/wp\/v2\/product"}],"about":[{"href":"https:\/\/www.mixikirjastus.ee\/index.php\/wp-json\/wp\/v2\/types\/product"}],"replies":[{"embeddable":true,"href":"https:\/\/www.mixikirjastus.ee\/index.php\/wp-json\/wp\/v2\/comments?post=8691"}],"wp:featuredmedia":[{"embeddable":true,"href":"https:\/\/www.mixikirjastus.ee\/index.php\/wp-json\/wp\/v2\/media\/8698"}],"wp:attachment":[{"href":"https:\/\/www.mixikirjastus.ee\/index.php\/wp-json\/wp\/v2\/media?parent=8691"}],"wp:term":[{"taxonomy":"product_brand","embeddable":true,"href":"https:\/\/www.mixikirjastus.ee\/index.php\/wp-json\/wp\/v2\/product_brand?post=8691"},{"taxonomy":"product_cat","embeddable":true,"href":"https:\/\/www.mixikirjastus.ee\/index.php\/wp-json\/wp\/v2\/product_cat?post=8691"},{"taxonomy":"product_tag","embeddable":true,"href":"https:\/\/www.mixikirjastus.ee\/index.php\/wp-json\/wp\/v2\/product_tag?post=8691"}],"curies":[{"name":"wp","href":"https:\/\/api.w.org\/{rel}","templated":true}]}}