{"id":90,"date":"2016-11-21T16:39:24","date_gmt":"2016-11-21T16:39:24","guid":{"rendered":"http:\/\/mixikirjastus.ee\/?post_type=product&#038;p=90"},"modified":"2024-06-14T08:40:47","modified_gmt":"2024-06-14T08:40:47","slug":"piibelehe-neitsi","status":"publish","type":"product","link":"https:\/\/www.mixikirjastus.ee\/index.php\/toode\/piibelehe-neitsi\/","title":{"rendered":"Piibelehe-neitsi"},"content":{"rendered":"","protected":false},"excerpt":{"rendered":"<p><span style=\"font-family: 'book antiqua', palatino, serif;\"><em>August Kitzberg<\/em><\/span><\/p>\n<p><span style=\"font-family: 'book antiqua', palatino, serif;\"><strong>Piibelehe-neitsi<\/strong> on August Kitzbergi kirjutatud eesti rahvajutt. See on lugu v\u00e4ikesest haldjast, kes elab piibelehe sees. \u00dchel p\u00e4eval h\u00e4vitatakse tema kodu suure vihmaga ja ta peab leidma uue elupaiga. Ta kohtub liblikaga, kes aitab tal leida uue kodu lilles.<\/span><\/p>\n<p><span style=\"font-family: 'book antiqua', palatino, serif;\">&#8220;Piibelehe-neitsi&#8221; on \u00fcks August Kitzbergi tuntumaid jutte. See on lustakas ja s\u00fcdamlik lugu, mis on sobilik nii lastele kui ka t\u00e4iskasvanutele.<\/span><\/p>\n<p><span style=\"font-family: 'book antiqua', palatino, serif;\">Jutus on palju looduse ilu ja imelisi detaile. See on lugu s\u00f5prusest, abistamisest ja uue alguse leidmisest.<\/span><\/p>\n<p>&nbsp;<\/p>\n","protected":false},"featured_media":450,"comment_status":"closed","ping_status":"closed","template":"","meta":{"iawp_total_views":191},"product_brand":[],"product_cat":[30,26,31],"product_tag":[],"class_list":{"0":"post-90","1":"product","2":"type-product","3":"status-publish","4":"has-post-thumbnail","6":"product_cat-lastekirjandus","7":"product_cat-lastekirjandus-ja-lasteraamatud","8":"product_cat-lasteraamatud","10":"first","11":"instock","12":"taxable","13":"shipping-taxable","14":"purchasable","15":"product-type-simple"},"_links":{"self":[{"href":"https:\/\/www.mixikirjastus.ee\/index.php\/wp-json\/wp\/v2\/product\/90","targetHints":{"allow":["GET"]}}],"collection":[{"href":"https:\/\/www.mixikirjastus.ee\/index.php\/wp-json\/wp\/v2\/product"}],"about":[{"href":"https:\/\/www.mixikirjastus.ee\/index.php\/wp-json\/wp\/v2\/types\/product"}],"replies":[{"embeddable":true,"href":"https:\/\/www.mixikirjastus.ee\/index.php\/wp-json\/wp\/v2\/comments?post=90"}],"wp:featuredmedia":[{"embeddable":true,"href":"https:\/\/www.mixikirjastus.ee\/index.php\/wp-json\/wp\/v2\/media\/450"}],"wp:attachment":[{"href":"https:\/\/www.mixikirjastus.ee\/index.php\/wp-json\/wp\/v2\/media?parent=90"}],"wp:term":[{"taxonomy":"product_brand","embeddable":true,"href":"https:\/\/www.mixikirjastus.ee\/index.php\/wp-json\/wp\/v2\/product_brand?post=90"},{"taxonomy":"product_cat","embeddable":true,"href":"https:\/\/www.mixikirjastus.ee\/index.php\/wp-json\/wp\/v2\/product_cat?post=90"},{"taxonomy":"product_tag","embeddable":true,"href":"https:\/\/www.mixikirjastus.ee\/index.php\/wp-json\/wp\/v2\/product_tag?post=90"}],"curies":[{"name":"wp","href":"https:\/\/api.w.org\/{rel}","templated":true}]}}