{"id":9123,"date":"2022-01-22T13:48:18","date_gmt":"2022-01-22T13:48:18","guid":{"rendered":"https:\/\/www.mixikirjastus.ee\/?post_type=product&#038;p=9123"},"modified":"2024-06-14T08:35:01","modified_gmt":"2024-06-14T08:35:01","slug":"niidujoe-kuningriik","status":"publish","type":"product","link":"https:\/\/www.mixikirjastus.ee\/index.php\/toode\/niidujoe-kuningriik\/","title":{"rendered":"Niiduj\u00f5e kuningriik"},"content":{"rendered":"","protected":false},"excerpt":{"rendered":"<p><span style=\"font-family: 'book antiqua', palatino, serif; font-size: 120%;\"><em>Katrin Kuldj\u00e4rv<\/em><\/span><\/p>\n<p><span style=\"font-family: 'book antiqua', palatino, serif; font-size: 120%;\">Paksu metsa taga, ilusa niidu \u00e4\u00e4res voolas j\u00f5gi. Selle j\u00f5e nimi oli Niiduj\u00f5gi. Tasakesi j\u00f5e kaldal istudes v\u00f5is ujumas n\u00e4ha pardipaari. Need olid kuningas ja kuninganna, kes valitsesid Niiduj\u00f5e kuningriiki. Kuninga ja kuninganna l\u00e4hedal sulistasid nende lapsed: prints Naatan, printsess Pauliine, kaksikud prints Piilu ja Prints Paalu ning pesamuna prints Tambet.<\/span><\/p>\n<p data-sourcepos=\"7:1-7:28\"><span style=\"font-family: 'book antiqua', palatino, serif; font-size: 120%;\"><strong>Raamatu peamised teemad: <\/strong><\/span><span style=\"font-family: 'book antiqua', palatino, serif; font-size: 120%; color: #333333;\">S\u00f5prus, <\/span><span style=\"font-family: 'book antiqua', palatino, serif; font-size: 120%; color: #333333;\">Perekond, <\/span><span style=\"font-family: 'book antiqua', palatino, serif; font-size: 120%; color: #333333;\">\u00d5nne leidmine<\/span><\/p>\n<p style=\"text-align: left;\" data-sourcepos=\"34:1-34:26\"><span style=\"font-family: 'book antiqua', palatino, serif; font-size: 120%;\"><strong>Raamatut iseloomustab:<\/strong><\/span><\/p>\n<ul data-sourcepos=\"36:1-39:0\">\n<li style=\"text-align: left;\" data-sourcepos=\"36:1-36:32\"><span style=\"font-family: 'book antiqua', palatino, serif; font-size: 120%;\">Lihtne ja kaasahaarav keel<\/span><\/li>\n<li data-sourcepos=\"37:1-37:26\"><span style=\"font-family: 'book antiqua', palatino, serif; font-size: 120%;\">V\u00f5luv ja ilus maailm<\/span><\/li>\n<li data-sourcepos=\"38:1-39:0\"><span style=\"font-family: 'book antiqua', palatino, serif; font-size: 120%;\">S\u00fcdamest tulendav s\u00f5num<\/span><\/li>\n<\/ul>\n","protected":false},"featured_media":9124,"comment_status":"closed","ping_status":"closed","template":"","meta":{"iawp_total_views":18},"product_brand":[],"product_cat":[26,31],"product_tag":[],"class_list":{"0":"post-9123","1":"product","2":"type-product","3":"status-publish","4":"has-post-thumbnail","6":"product_cat-lastekirjandus-ja-lasteraamatud","7":"product_cat-lasteraamatud","9":"first","10":"instock","11":"taxable","12":"shipping-taxable","13":"purchasable","14":"product-type-simple"},"_links":{"self":[{"href":"https:\/\/www.mixikirjastus.ee\/index.php\/wp-json\/wp\/v2\/product\/9123","targetHints":{"allow":["GET"]}}],"collection":[{"href":"https:\/\/www.mixikirjastus.ee\/index.php\/wp-json\/wp\/v2\/product"}],"about":[{"href":"https:\/\/www.mixikirjastus.ee\/index.php\/wp-json\/wp\/v2\/types\/product"}],"replies":[{"embeddable":true,"href":"https:\/\/www.mixikirjastus.ee\/index.php\/wp-json\/wp\/v2\/comments?post=9123"}],"wp:featuredmedia":[{"embeddable":true,"href":"https:\/\/www.mixikirjastus.ee\/index.php\/wp-json\/wp\/v2\/media\/9124"}],"wp:attachment":[{"href":"https:\/\/www.mixikirjastus.ee\/index.php\/wp-json\/wp\/v2\/media?parent=9123"}],"wp:term":[{"taxonomy":"product_brand","embeddable":true,"href":"https:\/\/www.mixikirjastus.ee\/index.php\/wp-json\/wp\/v2\/product_brand?post=9123"},{"taxonomy":"product_cat","embeddable":true,"href":"https:\/\/www.mixikirjastus.ee\/index.php\/wp-json\/wp\/v2\/product_cat?post=9123"},{"taxonomy":"product_tag","embeddable":true,"href":"https:\/\/www.mixikirjastus.ee\/index.php\/wp-json\/wp\/v2\/product_tag?post=9123"}],"curies":[{"name":"wp","href":"https:\/\/api.w.org\/{rel}","templated":true}]}}