{"id":9127,"date":"2022-01-22T14:02:09","date_gmt":"2022-01-22T14:02:09","guid":{"rendered":"https:\/\/www.mixikirjastus.ee\/?post_type=product&#038;p=9127"},"modified":"2025-06-12T13:11:43","modified_gmt":"2025-06-12T13:11:43","slug":"runnak","status":"publish","type":"product","link":"https:\/\/www.mixikirjastus.ee\/index.php\/toode\/runnak\/","title":{"rendered":"R\u00fcnnak"},"content":{"rendered":"","protected":false},"excerpt":{"rendered":"<div><em><span style=\"font-family: 'times new roman', times, serif; font-size: 120%;\">Johannes T\u00f5rs<\/span><\/em><\/div>\n<div><\/div>\n<div id=\"description\" class=\"data item content\" role=\"tabpanel\" data-role=\"content\" aria-labelledby=\"tab-label-description\" aria-hidden=\"false\">\n<div class=\"product attribute description\">\n<div class=\"value\"><span style=\"font-family: 'times new roman', times, serif; font-size: 120%;\">Raamatus on lisaks vabadusv\u00f5itlust tutvustavatele s\u00fcndmustele tr\u00fckitud \u00e4ra ka n\u00e4idend &#8220;R\u00fcnnak&#8221;.<\/span><\/div>\n<\/div>\n<\/div>\n<div><\/div>\n<div><span style=\"font-family: 'times new roman', times, serif; font-size: 120%;\">191-lehek\u00fcljeline tavaformaadis ja <em>k\u00f5vas k\u00f6ites<\/em><\/span><\/div>\n<div id=\"tab-label-additional\" class=\"data item title\" tabindex=\"0\" role=\"tab\" aria-labeledby=\"tab-label-additional-title\" data-role=\"collapsible\" data-collapsible=\"true\" aria-controls=\"additional\" aria-selected=\"false\" aria-expanded=\"false\"><\/div>\n","protected":false},"featured_media":9128,"comment_status":"closed","ping_status":"closed","template":"","meta":{"iawp_total_views":4},"product_brand":[],"product_cat":[23],"product_tag":[],"class_list":{"0":"post-9127","1":"product","2":"type-product","3":"status-publish","4":"has-post-thumbnail","6":"product_cat-raamatud","8":"first","9":"instock","10":"taxable","11":"shipping-taxable","12":"purchasable","13":"product-type-simple"},"_links":{"self":[{"href":"https:\/\/www.mixikirjastus.ee\/index.php\/wp-json\/wp\/v2\/product\/9127","targetHints":{"allow":["GET"]}}],"collection":[{"href":"https:\/\/www.mixikirjastus.ee\/index.php\/wp-json\/wp\/v2\/product"}],"about":[{"href":"https:\/\/www.mixikirjastus.ee\/index.php\/wp-json\/wp\/v2\/types\/product"}],"replies":[{"embeddable":true,"href":"https:\/\/www.mixikirjastus.ee\/index.php\/wp-json\/wp\/v2\/comments?post=9127"}],"wp:featuredmedia":[{"embeddable":true,"href":"https:\/\/www.mixikirjastus.ee\/index.php\/wp-json\/wp\/v2\/media\/9128"}],"wp:attachment":[{"href":"https:\/\/www.mixikirjastus.ee\/index.php\/wp-json\/wp\/v2\/media?parent=9127"}],"wp:term":[{"taxonomy":"product_brand","embeddable":true,"href":"https:\/\/www.mixikirjastus.ee\/index.php\/wp-json\/wp\/v2\/product_brand?post=9127"},{"taxonomy":"product_cat","embeddable":true,"href":"https:\/\/www.mixikirjastus.ee\/index.php\/wp-json\/wp\/v2\/product_cat?post=9127"},{"taxonomy":"product_tag","embeddable":true,"href":"https:\/\/www.mixikirjastus.ee\/index.php\/wp-json\/wp\/v2\/product_tag?post=9127"}],"curies":[{"name":"wp","href":"https:\/\/api.w.org\/{rel}","templated":true}]}}