{"id":9129,"date":"2022-01-22T14:10:18","date_gmt":"2022-01-22T14:10:18","guid":{"rendered":"https:\/\/www.mixikirjastus.ee\/?post_type=product&#038;p=9129"},"modified":"2022-01-22T14:10:18","modified_gmt":"2022-01-22T14:10:18","slug":"1863-uus-kirik-raasikul","status":"publish","type":"product","link":"https:\/\/www.mixikirjastus.ee\/index.php\/toode\/1863-uus-kirik-raasikul\/","title":{"rendered":"1863. Uus kirik Raasikul"},"content":{"rendered":"","protected":false},"excerpt":{"rendered":"<p><span style=\"font-family: 'times new roman', times, serif; font-size: 120%;\"><em>Vaino Napp<\/em><\/span><\/p>\n<div id=\"description\" class=\"data item content\" role=\"tabpanel\" data-role=\"content\" aria-labelledby=\"tab-label-description\" aria-hidden=\"false\">\n<div class=\"product attribute description\">\n<div class=\"value\"><span style=\"font-family: 'times new roman', times, serif; font-size: 120%;\">\u00dclevaade Harju-Jaani kihelkonna uue kiriku ehitusloost 1860-1863.<\/span><\/div>\n<\/div>\n<\/div>\n<p><span style=\"font-family: 'times new roman', times, serif; font-size: 120%;\">24-lehek\u00fcljeline tavaformaadis ja pehmes k\u00f6ites bro\u0161\u00fc\u00fcr<\/span><\/p>\n","protected":false},"featured_media":9130,"comment_status":"closed","ping_status":"closed","template":"","meta":{"iawp_total_views":3},"product_brand":[],"product_cat":[23],"product_tag":[],"class_list":{"0":"post-9129","1":"product","2":"type-product","3":"status-publish","4":"has-post-thumbnail","6":"product_cat-raamatud","8":"first","9":"instock","10":"taxable","11":"shipping-taxable","12":"product-type-simple"},"_links":{"self":[{"href":"https:\/\/www.mixikirjastus.ee\/index.php\/wp-json\/wp\/v2\/product\/9129","targetHints":{"allow":["GET"]}}],"collection":[{"href":"https:\/\/www.mixikirjastus.ee\/index.php\/wp-json\/wp\/v2\/product"}],"about":[{"href":"https:\/\/www.mixikirjastus.ee\/index.php\/wp-json\/wp\/v2\/types\/product"}],"replies":[{"embeddable":true,"href":"https:\/\/www.mixikirjastus.ee\/index.php\/wp-json\/wp\/v2\/comments?post=9129"}],"wp:featuredmedia":[{"embeddable":true,"href":"https:\/\/www.mixikirjastus.ee\/index.php\/wp-json\/wp\/v2\/media\/9130"}],"wp:attachment":[{"href":"https:\/\/www.mixikirjastus.ee\/index.php\/wp-json\/wp\/v2\/media?parent=9129"}],"wp:term":[{"taxonomy":"product_brand","embeddable":true,"href":"https:\/\/www.mixikirjastus.ee\/index.php\/wp-json\/wp\/v2\/product_brand?post=9129"},{"taxonomy":"product_cat","embeddable":true,"href":"https:\/\/www.mixikirjastus.ee\/index.php\/wp-json\/wp\/v2\/product_cat?post=9129"},{"taxonomy":"product_tag","embeddable":true,"href":"https:\/\/www.mixikirjastus.ee\/index.php\/wp-json\/wp\/v2\/product_tag?post=9129"}],"curies":[{"name":"wp","href":"https:\/\/api.w.org\/{rel}","templated":true}]}}