{"id":9131,"date":"2022-01-22T14:26:26","date_gmt":"2022-01-22T14:26:26","guid":{"rendered":"https:\/\/www.mixikirjastus.ee\/?post_type=product&#038;p=9131"},"modified":"2025-11-03T11:20:24","modified_gmt":"2025-11-03T11:20:24","slug":"kuldne-ohtupaike","status":"publish","type":"product","link":"https:\/\/www.mixikirjastus.ee\/index.php\/toode\/kuldne-ohtupaike\/","title":{"rendered":"Kuldne \u00d5htup\u00e4ike"},"content":{"rendered":"","protected":false},"excerpt":{"rendered":"<p><span style=\"font-family: 'times new roman', times, serif; font-size: 115%;\">Rae valla meesansambel<\/span><\/p>\n<p><span style=\"font-family: 'times new roman', times, serif; font-size: 115%;\">144-lehek\u00fcljeline tavaformaadis ja k\u00f5vas k\u00f6ites raamat<\/span><\/p>\n<p><span style=\"font-family: 'times new roman', times, serif; font-size: 115%;\">NB! P\u00fchendusega.<\/span><\/p>\n<p><span style=\"font-family: 'times new roman', times, serif; font-size: 115%;\">Rae vallas on palju \u00fchinguid ja seltse, mis tegutsevad aina hoogsamalt. \u00dcks paljude hulgas on meesansambel Kuldne \u00d5htup\u00e4ike, mis on oma kodukandi rahvale laulur\u00f5\u00f5mu jaganud nii valla kui ka kogu Eesti jaoks olulistel t\u00e4htp\u00e4evadel. Hakkajad mehed on oma tarmukuse ja (elu)tarkusega abiks ka muudes valdkondades, n\u00e4iteks heategevuses.<\/span><\/p>\n<p><span style=\"font-family: 'times new roman', times, serif; font-size: 115%;\">Fotoalbum tutvustab erinevaid \u00fcritusi ja t\u00e4htp\u00e4evi, kus ansambel \u00abKuldne \u00d5htup\u00e4ike\u00bb on esinenud.<\/span><\/p>\n","protected":false},"featured_media":9132,"comment_status":"closed","ping_status":"closed","template":"","meta":{"iawp_total_views":6},"product_brand":[],"product_cat":[23],"product_tag":[],"class_list":{"0":"post-9131","1":"product","2":"type-product","3":"status-publish","4":"has-post-thumbnail","6":"product_cat-raamatud","8":"first","9":"instock","10":"taxable","11":"shipping-taxable","12":"purchasable","13":"product-type-simple"},"_links":{"self":[{"href":"https:\/\/www.mixikirjastus.ee\/index.php\/wp-json\/wp\/v2\/product\/9131","targetHints":{"allow":["GET"]}}],"collection":[{"href":"https:\/\/www.mixikirjastus.ee\/index.php\/wp-json\/wp\/v2\/product"}],"about":[{"href":"https:\/\/www.mixikirjastus.ee\/index.php\/wp-json\/wp\/v2\/types\/product"}],"replies":[{"embeddable":true,"href":"https:\/\/www.mixikirjastus.ee\/index.php\/wp-json\/wp\/v2\/comments?post=9131"}],"wp:featuredmedia":[{"embeddable":true,"href":"https:\/\/www.mixikirjastus.ee\/index.php\/wp-json\/wp\/v2\/media\/9132"}],"wp:attachment":[{"href":"https:\/\/www.mixikirjastus.ee\/index.php\/wp-json\/wp\/v2\/media?parent=9131"}],"wp:term":[{"taxonomy":"product_brand","embeddable":true,"href":"https:\/\/www.mixikirjastus.ee\/index.php\/wp-json\/wp\/v2\/product_brand?post=9131"},{"taxonomy":"product_cat","embeddable":true,"href":"https:\/\/www.mixikirjastus.ee\/index.php\/wp-json\/wp\/v2\/product_cat?post=9131"},{"taxonomy":"product_tag","embeddable":true,"href":"https:\/\/www.mixikirjastus.ee\/index.php\/wp-json\/wp\/v2\/product_tag?post=9131"}],"curies":[{"name":"wp","href":"https:\/\/api.w.org\/{rel}","templated":true}]}}