{"id":9135,"date":"2022-01-22T14:31:20","date_gmt":"2022-01-22T14:31:20","guid":{"rendered":"https:\/\/www.mixikirjastus.ee\/?post_type=product&#038;p=9135"},"modified":"2022-01-22T14:32:30","modified_gmt":"2022-01-22T14:32:30","slug":"kastepiisad-kivilohkudes","status":"publish","type":"product","link":"https:\/\/www.mixikirjastus.ee\/index.php\/toode\/kastepiisad-kivilohkudes\/","title":{"rendered":"Kastepiisad kivilohkudes"},"content":{"rendered":"","protected":false},"excerpt":{"rendered":"<p><em><span style=\"font-family: 'times new roman', times, serif; font-size: 120%;\">Oskar Raudmetsa<\/span><\/em><\/p>\n<p><span style=\"font-family: 'times new roman', times, serif; font-size: 120%;\">Koostatud raamat sisaldab Harjumaa tuntud kodu-uurija ja Soome J\u00e4tkus\u00f5jas osalenu Oskar Raudmetsa (1914-2003) perioodikas ja kogumikes aastatel 1964-2004 ilmunud kultuurilis-ajaloolise sisuga kirjutisi ja esmatr\u00fckistena tema elum\u00e4lestusi. Pikim m\u00e4lestuslugu h\u00f5lmab Soomes oldud aega septembrist 1943 kuni augustini 1944, mil JR 200 likvideerimise j\u00e4rel saabusid soomepoisid Hang\u00f6st laeval \u00abWartheland\u00bb Eestisse. Kogumikku ilmestavad tema isiklikus arhiivis s\u00e4ilinud arhiivimaterjalid, fotod, kirjavahetus, harrastusarheoloogina kirja pandud v\u00e4lit\u00f6\u00f6de p\u00e4evikud, p\u00e4rimuslugude \u00fcleskirjutused, m\u00f5ttekatkendid elust ja inimestest.<\/span><\/p>\n<p><span style=\"font-family: 'times new roman', times, serif; font-size: 120%;\">360-lehek\u00fcljeline tavaformaadis ja k\u00f5vas k\u00f6ites raamat<\/span><\/p>\n","protected":false},"featured_media":9136,"comment_status":"closed","ping_status":"closed","template":"","meta":{"iawp_total_views":8},"product_brand":[],"product_cat":[23],"product_tag":[],"class_list":{"0":"post-9135","1":"product","2":"type-product","3":"status-publish","4":"has-post-thumbnail","6":"product_cat-raamatud","8":"first","9":"instock","10":"taxable","11":"shipping-taxable","12":"product-type-simple"},"_links":{"self":[{"href":"https:\/\/www.mixikirjastus.ee\/index.php\/wp-json\/wp\/v2\/product\/9135","targetHints":{"allow":["GET"]}}],"collection":[{"href":"https:\/\/www.mixikirjastus.ee\/index.php\/wp-json\/wp\/v2\/product"}],"about":[{"href":"https:\/\/www.mixikirjastus.ee\/index.php\/wp-json\/wp\/v2\/types\/product"}],"replies":[{"embeddable":true,"href":"https:\/\/www.mixikirjastus.ee\/index.php\/wp-json\/wp\/v2\/comments?post=9135"}],"wp:featuredmedia":[{"embeddable":true,"href":"https:\/\/www.mixikirjastus.ee\/index.php\/wp-json\/wp\/v2\/media\/9136"}],"wp:attachment":[{"href":"https:\/\/www.mixikirjastus.ee\/index.php\/wp-json\/wp\/v2\/media?parent=9135"}],"wp:term":[{"taxonomy":"product_brand","embeddable":true,"href":"https:\/\/www.mixikirjastus.ee\/index.php\/wp-json\/wp\/v2\/product_brand?post=9135"},{"taxonomy":"product_cat","embeddable":true,"href":"https:\/\/www.mixikirjastus.ee\/index.php\/wp-json\/wp\/v2\/product_cat?post=9135"},{"taxonomy":"product_tag","embeddable":true,"href":"https:\/\/www.mixikirjastus.ee\/index.php\/wp-json\/wp\/v2\/product_tag?post=9135"}],"curies":[{"name":"wp","href":"https:\/\/api.w.org\/{rel}","templated":true}]}}